{"id":1071,"date":"2025-04-17T23:13:34","date_gmt":"2025-04-17T21:13:34","guid":{"rendered":"https:\/\/www.regionalis.shop\/eternel-naturkosmetik\/product\/eternel-deo-creme-50-g\/"},"modified":"2025-04-17T23:13:34","modified_gmt":"2025-04-17T21:13:34","slug":"eternel-deo-creme-50-g","status":"publish","type":"product","link":"https:\/\/www.regionalis.shop\/eternel-naturkosmetik\/shop\/eternel-deo-creme-50-g\/","title":{"rendered":"eternel Deo-Creme 50 g"},"content":{"rendered":"<p>\u00e9ternel Deo-Creme wirkt mit einer Kombination aus BIO Sheabutter, BIO Kokos\u00f6l, Natron und enth\u00e4lt au\u00dferdem BIO Mandel\u00f6l, St\u00e4rke, Candelillawachs und BIO \u00c4therische \u00d6le.<br \/>\nDie Deo-Creme neutralisiert die Ger\u00fcche und erfrischt hervorragend.<br \/>\nSie enth\u00e4lt Zinkoxid, welches leicht antibakteriell wirkt.<br \/>\n\u2022 BIO Salbei\u00f6l hat eine starke schwei\u00dfhemmende Wirkung, ist auch antibakteriell und antiseptisch.<br \/>\n\u2022 BIO Pfefferminz\u00f6l hat einen k\u00fchlenden Effekt, besonders angenehm im Sommer!<br \/>\n\u2022 BIO Rosmarin\u00f6l wirkt erfrischend.<br \/>\n\u00e9ternel Deo-Creme ist au\u00dferdem:<br \/>\n\u2022 Vegan<br \/>\n\u2022 Frei von Aluminiumsalzen,  synthetischen Konservierungsstoffen und anderen bedenkliche Stoffe<br \/>\n\u2022 Ohne Alkohol<br \/>\n\u2022 Ergiebig und praktisch (f\u00fcr die Sport- oder Reisetasche)<br \/>\n\u2022 In einem Alu-Tiegel (Plastikfrei) verpackt.<br \/>\n\u2022 Tierversuchsfrei und palm\u00f6lfrei.<\/p>\n<p>Anwendung: Eine kleine Menge entnehmen und auf der Achselhaut sanft verteilen.<br \/>\nNicht auf gereizter oder verletzter Haut anwenden.<br \/>\nTipp: An sehr hei\u00dfen Tagen im K\u00fchlschrank lagern. So wird auch fl\u00fcssig gewordene Creme wieder fest.<\/p>\n<p>INGREDIENTS (INCI): Butyrospermum parkii (Shea) butter*, Zea mays starch, Cocos nucifera (Coconut) oil*, Sodium bicarbonate, Candelilla cera, Prunus amygdalus dulcis (Sweet Almond) oil*, Zinc Oxide (C.I. 77947), Parfum (Natural Essential Oils*), Mentha piperita (Peppermint) oil*, Salvia officinalis (Sage) oil*, Rosmarinus officinalis (Rosemary) leaf oil* , Linalool**, Limonene**, Citral**, Geraniol**.<\/p>\n<p>*aus kontrolliert biologischem Anbau<br \/>\n** Bestandteile \u00e4therischer \u00d6le<\/p>\n","protected":false},"excerpt":{"rendered":"<p>\u00e9ternel Deo-Creme wirkt mit einer Kombination aus BIO Sheabutter, BIO Kokos\u00f6l, Natron und enth\u00e4lt au\u00dferdem BIO Mandel\u00f6l, St\u00e4rke, Candelillawachs und BIO \u00c4therische \u00d6le. Die Deo-Creme neutralisiert die Ger\u00fcche und erfrischt hervorragend. Sie enth\u00e4lt Zinkoxid, welches leicht antibakteriell wirkt. \u2022 BIO Salbei\u00f6l hat eine starke schwei\u00dfhemmende Wirkung, ist auch antibakteriell und antiseptisch. \u2022 BIO Pfefferminz\u00f6l hat &hellip; <a href=\"https:\/\/www.regionalis.shop\/eternel-naturkosmetik\/shop\/eternel-deo-creme-50-g\/\">Continued<\/a><\/p>\n","protected":false},"featured_media":1072,"template":"","meta":{"_acf_changed":false},"product_brand":[],"product_cat":[123,52],"product_tag":[],"class_list":{"0":"post-1071","1":"product","2":"type-product","3":"status-publish","4":"has-post-thumbnail","6":"product_cat-deos","7":"product_cat-kosmetika","9":"first","10":"instock","11":"purchasable","12":"product-type-simple"},"acf":[],"_links":{"self":[{"href":"https:\/\/www.regionalis.shop\/eternel-naturkosmetik\/wp-json\/wp\/v2\/product\/1071","targetHints":{"allow":["GET"]}}],"collection":[{"href":"https:\/\/www.regionalis.shop\/eternel-naturkosmetik\/wp-json\/wp\/v2\/product"}],"about":[{"href":"https:\/\/www.regionalis.shop\/eternel-naturkosmetik\/wp-json\/wp\/v2\/types\/product"}],"wp:featuredmedia":[{"embeddable":true,"href":"https:\/\/www.regionalis.shop\/eternel-naturkosmetik\/wp-json\/wp\/v2\/media\/1072"}],"wp:attachment":[{"href":"https:\/\/www.regionalis.shop\/eternel-naturkosmetik\/wp-json\/wp\/v2\/media?parent=1071"}],"wp:term":[{"taxonomy":"product_brand","embeddable":true,"href":"https:\/\/www.regionalis.shop\/eternel-naturkosmetik\/wp-json\/wp\/v2\/product_brand?post=1071"},{"taxonomy":"product_cat","embeddable":true,"href":"https:\/\/www.regionalis.shop\/eternel-naturkosmetik\/wp-json\/wp\/v2\/product_cat?post=1071"},{"taxonomy":"product_tag","embeddable":true,"href":"https:\/\/www.regionalis.shop\/eternel-naturkosmetik\/wp-json\/wp\/v2\/product_tag?post=1071"}],"curies":[{"name":"wp","href":"https:\/\/api.w.org\/{rel}","templated":true}]}}