{"id":1073,"date":"2025-04-17T23:13:34","date_gmt":"2025-04-17T21:13:34","guid":{"rendered":"https:\/\/www.regionalis.shop\/eternel-naturkosmetik\/product\/eternel-festes-shampoo-50-g\/"},"modified":"2025-04-17T23:13:34","modified_gmt":"2025-04-17T21:13:34","slug":"eternel-festes-shampoo-50-g","status":"publish","type":"product","link":"https:\/\/www.regionalis.shop\/eternel-naturkosmetik\/shop\/eternel-festes-shampoo-50-g\/","title":{"rendered":"\u00e9ternel Festes Shampoo 50 g"},"content":{"rendered":"<p>Das \u00e9ternel Feste Shampoo ist f\u00fcr normales Haar geeignet. Es ist sehr ergiebig wie 1-2 Flaschen fl\u00fcssiges Shampoo.<br \/>\nEs handelt sich um keine Haarseife, da keine Lauge enthalten ist, sondern um ein Shampoo in feste Form!<br \/>\nMit Bio Argan\u00f6l &#038; Keratin<br \/>\nVegan<br \/>\nPlastikfrei<br \/>\nOhne Konservierungsmittel<\/p>\n<p>Anwendung: Massieren Sie das feste Shampoo ins feuchte Haar und lassen Sie es kurz einwirken. Anschlie\u00dfend gr\u00fcndlich aussp\u00fclen.<\/p>\n<p>Das Feste Shampoo gut an der Luft abtrocknen lassen, und nicht im Wasser stehen lassen.<\/p>\n<p>Ingredients (INCI): Sodium Cocoyl Isethionate, Zea Mays, Sodium Coco Sulfate, Buttyrospermum Parkii (Shea) Butter*, Argania Spinosa Kernel (Argan) Oil*, Simmondsia Chinensis (Jojoba) Oil*, Parfum (Natural Essential Oils*), Panthenol, Squalan, Hydrolyzed corn protein, Hydrolyzed wheat protein, Hydrolyzed soy protein, Aloe barbarendis (Aloe Vera) leaf juice powder, Kaolin, Illite (red clay), Curcuma Longa Root Powder*, Hippophae Rhamnoides (Seabuckthorn Fruit) Oil*, Limonene, Citral, Geraniol<\/p>\n<p>*aus kontrolliert biologischem Anbau<\/p>\n<p>** Bestandteile \u00e4therischer \u00d6le<\/p>\n","protected":false},"excerpt":{"rendered":"<p>Das \u00e9ternel Feste Shampoo ist f\u00fcr normales Haar geeignet. Es ist sehr ergiebig wie 1-2 Flaschen fl\u00fcssiges Shampoo. Es handelt sich um keine Haarseife, da keine Lauge enthalten ist, sondern um ein Shampoo in feste Form! Mit Bio Argan\u00f6l &#038; Keratin Vegan Plastikfrei Ohne Konservierungsmittel Anwendung: Massieren Sie das feste Shampoo ins feuchte Haar und &hellip; <a href=\"https:\/\/www.regionalis.shop\/eternel-naturkosmetik\/shop\/eternel-festes-shampoo-50-g\/\">Continued<\/a><\/p>\n","protected":false},"featured_media":1074,"template":"","meta":{"_acf_changed":false},"product_brand":[],"product_cat":[140,52],"product_tag":[],"class_list":{"0":"post-1073","1":"product","2":"type-product","3":"status-publish","4":"has-post-thumbnail","6":"product_cat-haar-bartpflege","7":"product_cat-kosmetika","9":"first","10":"instock","11":"purchasable","12":"product-type-simple"},"acf":[],"_links":{"self":[{"href":"https:\/\/www.regionalis.shop\/eternel-naturkosmetik\/wp-json\/wp\/v2\/product\/1073","targetHints":{"allow":["GET"]}}],"collection":[{"href":"https:\/\/www.regionalis.shop\/eternel-naturkosmetik\/wp-json\/wp\/v2\/product"}],"about":[{"href":"https:\/\/www.regionalis.shop\/eternel-naturkosmetik\/wp-json\/wp\/v2\/types\/product"}],"wp:featuredmedia":[{"embeddable":true,"href":"https:\/\/www.regionalis.shop\/eternel-naturkosmetik\/wp-json\/wp\/v2\/media\/1074"}],"wp:attachment":[{"href":"https:\/\/www.regionalis.shop\/eternel-naturkosmetik\/wp-json\/wp\/v2\/media?parent=1073"}],"wp:term":[{"taxonomy":"product_brand","embeddable":true,"href":"https:\/\/www.regionalis.shop\/eternel-naturkosmetik\/wp-json\/wp\/v2\/product_brand?post=1073"},{"taxonomy":"product_cat","embeddable":true,"href":"https:\/\/www.regionalis.shop\/eternel-naturkosmetik\/wp-json\/wp\/v2\/product_cat?post=1073"},{"taxonomy":"product_tag","embeddable":true,"href":"https:\/\/www.regionalis.shop\/eternel-naturkosmetik\/wp-json\/wp\/v2\/product_tag?post=1073"}],"curies":[{"name":"wp","href":"https:\/\/api.w.org\/{rel}","templated":true}]}}