{"id":862,"date":"2025-05-24T13:44:06","date_gmt":"2025-05-24T11:44:06","guid":{"rendered":"https:\/\/starter.stage.shop-it.at\/?page_id=862"},"modified":"2025-10-23T15:21:37","modified_gmt":"2025-10-23T13:21:37","slug":"startseite","status":"publish","type":"page","link":"https:\/\/www.regionalis.shop\/ewa-illustrates\/","title":{"rendered":"Startseite"},"content":{"rendered":"<section>\n        <div class=\"header-image\">\n            <img decoding=\"async\" src=\"https:\/\/www.regionalis.shop\/app\/uploads\/sites\/172\/3664_2021_01_07_14_28_22_832000117.jpg\" alt=\"\">\n        <\/div>\n    \n    <\/section>\n    <section>\n    <div class=\"header-title\">\n        <h1 class=\"h2\">Willkommen bei ewa illustrates<\/h1>\n    <\/div>\n            <h2 class=\"h3\">Handgemacht in Bad Hall<\/h2>\n                <p>&#8211;ewa illustrates&#8211; bietet individuelle Geschenke, mit Liebe zum Detail handgemalt in \u00d6sterreich. Zeichnen und Malen ist meine Leidenschaft seit vielen Jahren, sowohl &#8222;analog&#8220; auf Papier und Leinwand, als auch digital mit Grafiktablet. In meinem Shop m\u00f6chte ich euch einige meiner Kreationen vorstellen und hoffe, dass ich euch damit eine ebenso gro\u00dfe Freude bereiten kann, wie es mir Spa\u00df macht sie herzustellen.<\/p>\n\n    \n    <h3>Produkte<\/h3>\n\n    <div class=\"woocommerce columns-3 \"><ul class=\"products columns-3\">\n<li class=\"product type-product post-1052 status-publish first instock product_cat-baby-kinder product_cat-kinderbuecher has-post-thumbnail purchasable product-type-simple\">\n\t<a href=\"https:\/\/www.regionalis.shop\/ewa-illustrates\/shop\/kinderbuch-mein-buntes-kuddelmuddel\/\" class=\"woocommerce-LoopProduct-link woocommerce-loop-product__link\"><div class=\"wc-block-grid__product-image\"><img loading=\"lazy\" decoding=\"async\" width=\"420\" height=\"420\" src=\"https:\/\/www.regionalis.shop\/app\/uploads\/sites\/172\/3664_2021_05_13_23_34_55_101247049.jpg\" class=\"attachment-large size-large\" alt=\"Kinderbuch: Mein buntes Kuddelmuddel\" srcset=\"https:\/\/www.regionalis.shop\/app\/uploads\/sites\/172\/3664_2021_05_13_23_34_55_101247049.jpg 420w, https:\/\/www.regionalis.shop\/app\/uploads\/sites\/172\/3664_2021_05_13_23_34_55_101247049-300x300.jpg 300w, https:\/\/www.regionalis.shop\/app\/uploads\/sites\/172\/3664_2021_05_13_23_34_55_101247049-150x150.jpg 150w, https:\/\/www.regionalis.shop\/app\/uploads\/sites\/172\/3664_2021_05_13_23_34_55_101247049-100x100.jpg 100w\" sizes=\"auto, (max-width: 420px) 100vw, 420px\" \/><\/div><h2 class=\"woocommerce-loop-product__title\">Kinderbuch: Mein buntes Kuddelmuddel<\/h2>\n\t<span class=\"price\"><span class=\"woocommerce-Price-amount amount\"><bdi>14,99&nbsp;<span class=\"woocommerce-Price-currencySymbol\">&euro;<\/span><\/bdi><\/span><\/span>\n<\/a><\/li>\n<li class=\"product type-product post-1068 status-publish instock product_cat-kunst-fotografie product_cat-malerei has-post-thumbnail purchasable product-type-simple\">\n\t<a href=\"https:\/\/www.regionalis.shop\/ewa-illustrates\/shop\/portrait-bleistift-a4\/\" class=\"woocommerce-LoopProduct-link woocommerce-loop-product__link\"><div class=\"wc-block-grid__product-image\"><img loading=\"lazy\" decoding=\"async\" width=\"420\" height=\"420\" src=\"https:\/\/www.regionalis.shop\/app\/uploads\/sites\/172\/3664_2021_01_06_15_59_48_954437395.jpg\" class=\"attachment-large size-large\" alt=\"Portrait Bleistift A4\" srcset=\"https:\/\/www.regionalis.shop\/app\/uploads\/sites\/172\/3664_2021_01_06_15_59_48_954437395.jpg 420w, https:\/\/www.regionalis.shop\/app\/uploads\/sites\/172\/3664_2021_01_06_15_59_48_954437395-300x300.jpg 300w, https:\/\/www.regionalis.shop\/app\/uploads\/sites\/172\/3664_2021_01_06_15_59_48_954437395-150x150.jpg 150w, https:\/\/www.regionalis.shop\/app\/uploads\/sites\/172\/3664_2021_01_06_15_59_48_954437395-100x100.jpg 100w\" sizes=\"auto, (max-width: 420px) 100vw, 420px\" \/><\/div><h2 class=\"woocommerce-loop-product__title\">Portrait Bleistift A4<\/h2>\n\t<span class=\"price\"><span class=\"woocommerce-Price-amount amount\"><bdi>50,00&nbsp;<span class=\"woocommerce-Price-currencySymbol\">&euro;<\/span><\/bdi><\/span><\/span>\n<\/a><\/li>\n<li class=\"product type-product post-1063 status-publish last instock product_cat-kunst-fotografie product_cat-malerei has-post-thumbnail purchasable product-type-simple\">\n\t<a href=\"https:\/\/www.regionalis.shop\/ewa-illustrates\/shop\/portrait-acryl-auf-leinwand-30x40cm\/\" class=\"woocommerce-LoopProduct-link woocommerce-loop-product__link\"><div class=\"wc-block-grid__product-image\"><img loading=\"lazy\" decoding=\"async\" width=\"420\" height=\"420\" src=\"https:\/\/www.regionalis.shop\/app\/uploads\/sites\/172\/3664_2021_01_06_15_54_48_681186397.jpg\" class=\"attachment-large size-large\" alt=\"Portrait Acryl auf Leinwand (30x40cm)\" srcset=\"https:\/\/www.regionalis.shop\/app\/uploads\/sites\/172\/3664_2021_01_06_15_54_48_681186397.jpg 420w, https:\/\/www.regionalis.shop\/app\/uploads\/sites\/172\/3664_2021_01_06_15_54_48_681186397-300x300.jpg 300w, https:\/\/www.regionalis.shop\/app\/uploads\/sites\/172\/3664_2021_01_06_15_54_48_681186397-150x150.jpg 150w, https:\/\/www.regionalis.shop\/app\/uploads\/sites\/172\/3664_2021_01_06_15_54_48_681186397-100x100.jpg 100w\" sizes=\"auto, (max-width: 420px) 100vw, 420px\" \/><\/div><h2 class=\"woocommerce-loop-product__title\">Portrait Acryl auf Leinwand (30x40cm)<\/h2>\n\t<span class=\"price\"><span class=\"woocommerce-Price-amount amount\"><bdi>160,00&nbsp;<span class=\"woocommerce-Price-currencySymbol\">&euro;<\/span><\/bdi><\/span><\/span>\n<\/a><\/li>\n<\/ul>\n<\/div>\n    <p>\n        <a href=\"https:\/\/www.regionalis.shop\/ewa-illustrates\/shop\/\" class=\"btn btn-primary btn-icon-right\">\n            Alle Produkte <i class=\"bi bi-arrow-right-short\"><\/i>\n        <\/a>\n    <\/p>\n<\/section>\n\n<div data-block-name=\"woocommerce\/store-notices\" class=\"wc-block-store-notices woocommerce alignwide alignwide wp-block-woocommerce-store-notices\"><div class=\"woocommerce-notices-wrapper\"><\/div><\/div>","protected":false},"excerpt":{"rendered":"","protected":false},"author":1,"featured_media":0,"parent":0,"menu_order":0,"comment_status":"closed","ping_status":"closed","template":"template-home.blade.php","meta":{"_acf_changed":false,"footnotes":""},"class_list":["post-862","page","type-page","status-publish","hentry"],"acf":[],"_links":{"self":[{"href":"https:\/\/www.regionalis.shop\/ewa-illustrates\/wp-json\/wp\/v2\/pages\/862","targetHints":{"allow":["GET"]}}],"collection":[{"href":"https:\/\/www.regionalis.shop\/ewa-illustrates\/wp-json\/wp\/v2\/pages"}],"about":[{"href":"https:\/\/www.regionalis.shop\/ewa-illustrates\/wp-json\/wp\/v2\/types\/page"}],"author":[{"embeddable":true,"href":"https:\/\/www.regionalis.shop\/ewa-illustrates\/wp-json\/wp\/v2\/users\/1"}],"replies":[{"embeddable":true,"href":"https:\/\/www.regionalis.shop\/ewa-illustrates\/wp-json\/wp\/v2\/comments?post=862"}],"version-history":[{"count":28,"href":"https:\/\/www.regionalis.shop\/ewa-illustrates\/wp-json\/wp\/v2\/pages\/862\/revisions"}],"predecessor-version":[{"id":1041,"href":"https:\/\/www.regionalis.shop\/ewa-illustrates\/wp-json\/wp\/v2\/pages\/862\/revisions\/1041"}],"wp:attachment":[{"href":"https:\/\/www.regionalis.shop\/ewa-illustrates\/wp-json\/wp\/v2\/media?parent=862"}],"curies":[{"name":"wp","href":"https:\/\/api.w.org\/{rel}","templated":true}]}}