{"id":1052,"date":"2025-04-18T03:02:55","date_gmt":"2025-04-18T01:02:55","guid":{"rendered":"https:\/\/www.regionalis.shop\/ewa-illustrates\/product\/kinderbuch-mein-buntes-kuddelmuddel\/"},"modified":"2025-04-18T03:02:55","modified_gmt":"2025-04-18T01:02:55","slug":"kinderbuch-mein-buntes-kuddelmuddel","status":"publish","type":"product","link":"https:\/\/www.regionalis.shop\/ewa-illustrates\/shop\/kinderbuch-mein-buntes-kuddelmuddel\/","title":{"rendered":"Kinderbuch: Mein buntes Kuddelmuddel"},"content":{"rendered":"<p>&#8211;Kinderbuch: &#8222;Mein buntes Kuddelmuddel: Vorlesegeschichten und Reime f\u00fcr Kleine&#8220;.&#8211; Wladkowski\/Heigl. 15 wunderbare Kurzgeschichten und Reime f\u00fcr kleine B\u00fccherw\u00fcrmer ab 2 Jahren. 21x21cm, Hardcover, 32 Seiten, durchgehend farbig illustriert, umweltbewusst gedruckt auf &#8211;FSC Papier&#8211; in Deutschland, liebevoll kreiert in \u00d6sterreich, Erscheinungsjahr 2021.<\/p>\n","protected":false},"excerpt":{"rendered":"<p>&#8211;Kinderbuch: &#8222;Mein buntes Kuddelmuddel: Vorlesegeschichten und Reime f\u00fcr Kleine&#8220;.&#8211; Wladkowski\/Heigl. 15 wunderbare Kurzgeschichten und Reime f\u00fcr kleine B\u00fccherw\u00fcrmer ab 2 Jahren. 21x21cm, Hardcover, 32 Seiten, durchgehend farbig illustriert, umweltbewusst gedruckt auf &#8211;FSC Papier&#8211; in Deutschland, liebevoll kreiert in \u00d6sterreich, Erscheinungsjahr 2021.<\/p>\n","protected":false},"featured_media":1053,"template":"","meta":{"_acf_changed":false},"product_brand":[],"product_cat":[38,48],"product_tag":[],"class_list":{"0":"post-1052","1":"product","2":"type-product","3":"status-publish","4":"has-post-thumbnail","6":"product_cat-baby-kinder","7":"product_cat-kinderbuecher","9":"first","10":"instock","11":"purchasable","12":"product-type-simple"},"acf":[],"_links":{"self":[{"href":"https:\/\/www.regionalis.shop\/ewa-illustrates\/wp-json\/wp\/v2\/product\/1052","targetHints":{"allow":["GET"]}}],"collection":[{"href":"https:\/\/www.regionalis.shop\/ewa-illustrates\/wp-json\/wp\/v2\/product"}],"about":[{"href":"https:\/\/www.regionalis.shop\/ewa-illustrates\/wp-json\/wp\/v2\/types\/product"}],"wp:featuredmedia":[{"embeddable":true,"href":"https:\/\/www.regionalis.shop\/ewa-illustrates\/wp-json\/wp\/v2\/media\/1053"}],"wp:attachment":[{"href":"https:\/\/www.regionalis.shop\/ewa-illustrates\/wp-json\/wp\/v2\/media?parent=1052"}],"wp:term":[{"taxonomy":"product_brand","embeddable":true,"href":"https:\/\/www.regionalis.shop\/ewa-illustrates\/wp-json\/wp\/v2\/product_brand?post=1052"},{"taxonomy":"product_cat","embeddable":true,"href":"https:\/\/www.regionalis.shop\/ewa-illustrates\/wp-json\/wp\/v2\/product_cat?post=1052"},{"taxonomy":"product_tag","embeddable":true,"href":"https:\/\/www.regionalis.shop\/ewa-illustrates\/wp-json\/wp\/v2\/product_tag?post=1052"}],"curies":[{"name":"wp","href":"https:\/\/api.w.org\/{rel}","templated":true}]}}