{"id":1060,"date":"2025-04-18T01:15:58","date_gmt":"2025-04-17T23:15:58","guid":{"rendered":"https:\/\/www.regionalis.shop\/ewa-illustrates\/product\/wachstums-tafel-klein-100x25cm\/"},"modified":"2025-04-18T01:15:58","modified_gmt":"2025-04-17T23:15:58","slug":"wachstums-tafel-klein-100x25cm","status":"publish","type":"product","link":"https:\/\/www.regionalis.shop\/ewa-illustrates\/shop\/wachstums-tafel-klein-100x25cm\/","title":{"rendered":"Wachstums-Tafel klein (100x25cm)"},"content":{"rendered":"<p>Du erh\u00e4ltst eine von mir &#8211;detailliert handbemalte Wachstums-Tafel&#8211;, als Blickfang f\u00fcrs Kinderzimmer. Ideales Geschenk z.B. zur &#8211;Geburt, Taufe oder zum Geburtstag&#8211;. Jede Tafel ist ein extra f\u00fcr dein Kind angefertigtes &#8211;Einzelst\u00fcck&#8211;. Du kannst dir eines der beiden Motive auf den Beispielbildern aussuchen oder wir besprechen ein individuelles Motiv, z.B. das Lieblingstier deines Kindes, auch ein Portrait des Kindes auf der Tafel ist m\u00f6glich. Zentrales Motiv ist f\u00fcr mich immer ein Baum (oder ein anderes Objekt aus Holz): an diesen Stellen bleibt das Holzbrett unbemalt. Auf Wunsch male ich den Namen deines Kindes auf das Brett oder auch eine pers\u00f6nliche Widmung nach deinen Vorgaben.<br \/>\nDu kannst die Gr\u00f6\u00dfe deines Kindes mit einem wasserfesten Filzstift am Brett notieren und so das Wachstum deines Kindes nachverfolgen.<br \/>\nGr\u00f6\u00dfe: 100 x 25 x 1,8 cm<br \/>\nMaterial: Acryl auf Holz (FSC zertifiziert)<br \/>\nMaterialien zur Wandmontage werden mitgeliefert.<br \/>\nBitte beachte die Lieferzeit von ca. 20 Tagen, da das Produkt eigens f\u00fcr dich angefertigt wird. Solltest du die Wachstums-Tafel schneller ben\u00f6tigen, frag bitte vor der Bestellung bei mir nach.<\/p>\n","protected":false},"excerpt":{"rendered":"<p>Du erh\u00e4ltst eine von mir &#8211;detailliert handbemalte Wachstums-Tafel&#8211;, als Blickfang f\u00fcrs Kinderzimmer. Ideales Geschenk z.B. zur &#8211;Geburt, Taufe oder zum Geburtstag&#8211;. Jede Tafel ist ein extra f\u00fcr dein Kind angefertigtes &#8211;Einzelst\u00fcck&#8211;. Du kannst dir eines der beiden Motive auf den Beispielbildern aussuchen oder wir besprechen ein individuelles Motiv, z.B. das Lieblingstier deines Kindes, auch ein &hellip; <a href=\"https:\/\/www.regionalis.shop\/ewa-illustrates\/shop\/wachstums-tafel-klein-100x25cm\/\">Continued<\/a><\/p>\n","protected":false},"featured_media":1061,"template":"","meta":{"_acf_changed":false},"product_brand":[],"product_cat":[38,50],"product_tag":[],"class_list":{"0":"post-1060","1":"product","2":"type-product","3":"status-publish","4":"has-post-thumbnail","6":"product_cat-baby-kinder","7":"product_cat-kinderzimmer","9":"first","10":"instock","11":"purchasable","12":"product-type-simple"},"acf":[],"_links":{"self":[{"href":"https:\/\/www.regionalis.shop\/ewa-illustrates\/wp-json\/wp\/v2\/product\/1060","targetHints":{"allow":["GET"]}}],"collection":[{"href":"https:\/\/www.regionalis.shop\/ewa-illustrates\/wp-json\/wp\/v2\/product"}],"about":[{"href":"https:\/\/www.regionalis.shop\/ewa-illustrates\/wp-json\/wp\/v2\/types\/product"}],"wp:featuredmedia":[{"embeddable":true,"href":"https:\/\/www.regionalis.shop\/ewa-illustrates\/wp-json\/wp\/v2\/media\/1061"}],"wp:attachment":[{"href":"https:\/\/www.regionalis.shop\/ewa-illustrates\/wp-json\/wp\/v2\/media?parent=1060"}],"wp:term":[{"taxonomy":"product_brand","embeddable":true,"href":"https:\/\/www.regionalis.shop\/ewa-illustrates\/wp-json\/wp\/v2\/product_brand?post=1060"},{"taxonomy":"product_cat","embeddable":true,"href":"https:\/\/www.regionalis.shop\/ewa-illustrates\/wp-json\/wp\/v2\/product_cat?post=1060"},{"taxonomy":"product_tag","embeddable":true,"href":"https:\/\/www.regionalis.shop\/ewa-illustrates\/wp-json\/wp\/v2\/product_tag?post=1060"}],"curies":[{"name":"wp","href":"https:\/\/api.w.org\/{rel}","templated":true}]}}