{"id":1063,"date":"2025-04-18T01:15:58","date_gmt":"2025-04-17T23:15:58","guid":{"rendered":"https:\/\/www.regionalis.shop\/ewa-illustrates\/product\/portrait-acryl-auf-leinwand-30x40cm\/"},"modified":"2025-04-18T01:15:58","modified_gmt":"2025-04-17T23:15:58","slug":"portrait-acryl-auf-leinwand-30x40cm","status":"publish","type":"product","link":"https:\/\/www.regionalis.shop\/ewa-illustrates\/shop\/portrait-acryl-auf-leinwand-30x40cm\/","title":{"rendered":"Portrait Acryl auf Leinwand (30x40cm)"},"content":{"rendered":"<p>Ich fertige f\u00fcr dich ein Portrait in Acryl auf Leinwand nach Fotovorlage an. Stil je nach Wunsch klassisch, modern, quietschbunt, schwarz-wei\u00df, sepia&#8230;<br \/>\nDu erh\u00e4ltst von mir eine erste Skizze basierend auf dem Foto, das du mir geschickt hast. Erst nach deiner Zustimmung fange ich mit dem Malen an.<br \/>\nGr\u00f6\u00dfe: 40&#215;30 cm<br \/>\nAndere Gr\u00f6\u00dfen sind auf Anfrage erh\u00e4ltlich, Preis wird dann gesondert vereinbart.<\/p>\n","protected":false},"excerpt":{"rendered":"<p>Ich fertige f\u00fcr dich ein Portrait in Acryl auf Leinwand nach Fotovorlage an. Stil je nach Wunsch klassisch, modern, quietschbunt, schwarz-wei\u00df, sepia&#8230; Du erh\u00e4ltst von mir eine erste Skizze basierend auf dem Foto, das du mir geschickt hast. Erst nach deiner Zustimmung fange ich mit dem Malen an. Gr\u00f6\u00dfe: 40&#215;30 cm Andere Gr\u00f6\u00dfen sind auf &hellip; <a href=\"https:\/\/www.regionalis.shop\/ewa-illustrates\/shop\/portrait-acryl-auf-leinwand-30x40cm\/\">Continued<\/a><\/p>\n","protected":false},"featured_media":1064,"template":"","meta":{"_acf_changed":false},"product_brand":[],"product_cat":[54,57],"product_tag":[],"class_list":{"0":"post-1063","1":"product","2":"type-product","3":"status-publish","4":"has-post-thumbnail","6":"product_cat-kunst-fotografie","7":"product_cat-malerei","9":"first","10":"instock","11":"purchasable","12":"product-type-simple"},"acf":[],"_links":{"self":[{"href":"https:\/\/www.regionalis.shop\/ewa-illustrates\/wp-json\/wp\/v2\/product\/1063","targetHints":{"allow":["GET"]}}],"collection":[{"href":"https:\/\/www.regionalis.shop\/ewa-illustrates\/wp-json\/wp\/v2\/product"}],"about":[{"href":"https:\/\/www.regionalis.shop\/ewa-illustrates\/wp-json\/wp\/v2\/types\/product"}],"wp:featuredmedia":[{"embeddable":true,"href":"https:\/\/www.regionalis.shop\/ewa-illustrates\/wp-json\/wp\/v2\/media\/1064"}],"wp:attachment":[{"href":"https:\/\/www.regionalis.shop\/ewa-illustrates\/wp-json\/wp\/v2\/media?parent=1063"}],"wp:term":[{"taxonomy":"product_brand","embeddable":true,"href":"https:\/\/www.regionalis.shop\/ewa-illustrates\/wp-json\/wp\/v2\/product_brand?post=1063"},{"taxonomy":"product_cat","embeddable":true,"href":"https:\/\/www.regionalis.shop\/ewa-illustrates\/wp-json\/wp\/v2\/product_cat?post=1063"},{"taxonomy":"product_tag","embeddable":true,"href":"https:\/\/www.regionalis.shop\/ewa-illustrates\/wp-json\/wp\/v2\/product_tag?post=1063"}],"curies":[{"name":"wp","href":"https:\/\/api.w.org\/{rel}","templated":true}]}}