{"id":1068,"date":"2025-04-18T01:15:58","date_gmt":"2025-04-17T23:15:58","guid":{"rendered":"https:\/\/www.regionalis.shop\/ewa-illustrates\/product\/portrait-bleistift-a4\/"},"modified":"2025-04-18T01:15:58","modified_gmt":"2025-04-17T23:15:58","slug":"portrait-bleistift-a4","status":"publish","type":"product","link":"https:\/\/www.regionalis.shop\/ewa-illustrates\/shop\/portrait-bleistift-a4\/","title":{"rendered":"Portrait Bleistift A4"},"content":{"rendered":"<p>Ich fertige f\u00fcr dich ein Portrait (Bleistift auf K\u00fcnstlerpapier) nach Fotovorlage an.<br \/>\nGr\u00f6\u00dfe: A4<br \/>\nAndere Gr\u00f6\u00dfen sind auf Wunsch m\u00f6glich, der Preis wird dann gesondert vereinbart.<\/p>\n","protected":false},"excerpt":{"rendered":"<p>Ich fertige f\u00fcr dich ein Portrait (Bleistift auf K\u00fcnstlerpapier) nach Fotovorlage an. Gr\u00f6\u00dfe: A4 Andere Gr\u00f6\u00dfen sind auf Wunsch m\u00f6glich, der Preis wird dann gesondert vereinbart.<\/p>\n","protected":false},"featured_media":1069,"template":"","meta":{"_acf_changed":false},"product_brand":[],"product_cat":[54,57],"product_tag":[],"class_list":{"0":"post-1068","1":"product","2":"type-product","3":"status-publish","4":"has-post-thumbnail","6":"product_cat-kunst-fotografie","7":"product_cat-malerei","9":"first","10":"instock","11":"purchasable","12":"product-type-simple"},"acf":[],"_links":{"self":[{"href":"https:\/\/www.regionalis.shop\/ewa-illustrates\/wp-json\/wp\/v2\/product\/1068","targetHints":{"allow":["GET"]}}],"collection":[{"href":"https:\/\/www.regionalis.shop\/ewa-illustrates\/wp-json\/wp\/v2\/product"}],"about":[{"href":"https:\/\/www.regionalis.shop\/ewa-illustrates\/wp-json\/wp\/v2\/types\/product"}],"wp:featuredmedia":[{"embeddable":true,"href":"https:\/\/www.regionalis.shop\/ewa-illustrates\/wp-json\/wp\/v2\/media\/1069"}],"wp:attachment":[{"href":"https:\/\/www.regionalis.shop\/ewa-illustrates\/wp-json\/wp\/v2\/media?parent=1068"}],"wp:term":[{"taxonomy":"product_brand","embeddable":true,"href":"https:\/\/www.regionalis.shop\/ewa-illustrates\/wp-json\/wp\/v2\/product_brand?post=1068"},{"taxonomy":"product_cat","embeddable":true,"href":"https:\/\/www.regionalis.shop\/ewa-illustrates\/wp-json\/wp\/v2\/product_cat?post=1068"},{"taxonomy":"product_tag","embeddable":true,"href":"https:\/\/www.regionalis.shop\/ewa-illustrates\/wp-json\/wp\/v2\/product_tag?post=1068"}],"curies":[{"name":"wp","href":"https:\/\/api.w.org\/{rel}","templated":true}]}}