{"id":1080,"date":"2025-04-18T02:35:16","date_gmt":"2025-04-18T00:35:16","guid":{"rendered":"https:\/\/www.regionalis.shop\/fleurissima\/product\/lavendel-selbstgemachte-ohrringe-unikate-modeschmuck-handarbeit\/"},"modified":"2025-04-18T02:35:16","modified_gmt":"2025-04-18T00:35:16","slug":"lavendel-selbstgemachte-ohrringe-unikate-modeschmuck-handarbeit","status":"publish","type":"product","link":"https:\/\/www.regionalis.shop\/fleurissima\/shop\/lavendel-selbstgemachte-ohrringe-unikate-modeschmuck-handarbeit\/","title":{"rendered":"lavendel \/\/ selbstgemachte Ohrringe -Unikate  -Modeschmuck #-Handarbeit"},"content":{"rendered":"<p>Liebevoll von mir selbst designte Statement Ohrringe<\/p>\n<p>Jedes St\u00fcck ist einzeln von Hand modelliert und somit ein Unikat.<br \/>\nEs kann daher minimale Abweichungen der Form bzw. Muster geben.<\/p>\n<p>Material: Modelliermasse (FIMO)<br \/>\nOberfl\u00e4che: matt<\/p>\n<p>f\u00fcr weitere Infos bzw. Details kontaktiere mich bitte unter: fleurissima@gmx.at<\/p>\n<p>handmade with \u2764\ufe0f<\/p>\n<p>wenn dir meine Kreationen gefallen folgt mir auf<br \/>\nFacebook Seite : Fleurissima<br \/>\n\u2014> instagram: fleurissima_bijou bzw.  https:\/\/www.instagram.com\/fleurissima_bijou<br \/>\nmarkieren, teilen und liken erw\u00fcnscht \ud83d\ude1b<\/p>\n<p>#unikat #geschenksidee #polymer #ohrringe #handmade #muttertag # handgefertigt #feinste handarbeit #originell #kreativ #schmuckst\u00fcck #au\u00dfergew\u00f6hnlich<\/p>\n","protected":false},"excerpt":{"rendered":"<p>Liebevoll von mir selbst designte Statement Ohrringe Jedes St\u00fcck ist einzeln von Hand modelliert und somit ein Unikat. Es kann daher minimale Abweichungen der Form bzw. Muster geben. Material: Modelliermasse (FIMO) Oberfl\u00e4che: matt f\u00fcr weitere Infos bzw. Details kontaktiere mich bitte unter: fleurissima@gmx.at handmade with \u2764\ufe0f wenn dir meine Kreationen gefallen folgt mir auf Facebook &hellip; <a href=\"https:\/\/www.regionalis.shop\/fleurissima\/shop\/lavendel-selbstgemachte-ohrringe-unikate-modeschmuck-handarbeit\/\">Continued<\/a><\/p>\n","protected":false},"featured_media":1081,"template":"","meta":{"_acf_changed":false},"product_brand":[],"product_cat":[163,70],"product_tag":[],"class_list":{"0":"post-1080","1":"product","2":"type-product","3":"status-publish","4":"has-post-thumbnail","6":"product_cat-ohrringe","7":"product_cat-schmuck","9":"first","10":"instock","11":"purchasable","12":"product-type-simple"},"acf":[],"_links":{"self":[{"href":"https:\/\/www.regionalis.shop\/fleurissima\/wp-json\/wp\/v2\/product\/1080","targetHints":{"allow":["GET"]}}],"collection":[{"href":"https:\/\/www.regionalis.shop\/fleurissima\/wp-json\/wp\/v2\/product"}],"about":[{"href":"https:\/\/www.regionalis.shop\/fleurissima\/wp-json\/wp\/v2\/types\/product"}],"wp:featuredmedia":[{"embeddable":true,"href":"https:\/\/www.regionalis.shop\/fleurissima\/wp-json\/wp\/v2\/media\/1081"}],"wp:attachment":[{"href":"https:\/\/www.regionalis.shop\/fleurissima\/wp-json\/wp\/v2\/media?parent=1080"}],"wp:term":[{"taxonomy":"product_brand","embeddable":true,"href":"https:\/\/www.regionalis.shop\/fleurissima\/wp-json\/wp\/v2\/product_brand?post=1080"},{"taxonomy":"product_cat","embeddable":true,"href":"https:\/\/www.regionalis.shop\/fleurissima\/wp-json\/wp\/v2\/product_cat?post=1080"},{"taxonomy":"product_tag","embeddable":true,"href":"https:\/\/www.regionalis.shop\/fleurissima\/wp-json\/wp\/v2\/product_tag?post=1080"}],"curies":[{"name":"wp","href":"https:\/\/api.w.org\/{rel}","templated":true}]}}