{"id":1089,"date":"2025-04-18T02:12:35","date_gmt":"2025-04-18T00:12:35","guid":{"rendered":"https:\/\/www.regionalis.shop\/fleurissima\/product\/rot-weiss-selbstgemachte-ohrringe-unikate-modeschmuck-handarbeit\/"},"modified":"2025-04-18T02:12:35","modified_gmt":"2025-04-18T00:12:35","slug":"rot-weiss-selbstgemachte-ohrringe-unikate-modeschmuck-handarbeit","status":"publish","type":"product","link":"https:\/\/www.regionalis.shop\/fleurissima\/shop\/rot-weiss-selbstgemachte-ohrringe-unikate-modeschmuck-handarbeit\/","title":{"rendered":"rot weiss \/\/ selbstgemachte Ohrringe -Unikate  -Modeschmuck #-Handarbeit"},"content":{"rendered":"<p>Liebevoll von mir selbst designte Statement Ohrringe<\/p>\n<p>Jedes St\u00fcck ist einzeln von Hand modelliert und somit ein Unikat.<br \/>\nEs kann daher minimale Abweichungen der Form bzw. Muster geben.<\/p>\n<p>\u2014> instagram: fleurissima_bijou bzw.  https:\/\/www.instagram.com\/fleurissima_bijou<\/p>\n<p>Material: Modelliermasse (FIMO)<br \/>\nOberfl\u00e4che: matt<br \/>\nGr\u00f6\u00dfe: siehe Detailfotos<\/p>\n<p>f\u00fcr weitere Info bzw. Details Kontaktieren Sie mich.<br \/>\n https:\/\/www.instagram.com\/fleurissimabijou<\/p>\n<p># selbstgemacht<br \/>\n# handgemacht<br \/>\n# feinste Handarbeit<br \/>\n# handgefertigt<br \/>\n# Ohrschmuck<br \/>\n# Schmuckst\u00fcck<br \/>\n# tolle Geschenksidee<br \/>\n# au\u00dfergew\u00f6hnlich<br \/>\n# kreativ<br \/>\n# wundersch\u00f6n<br \/>\n# originell<br \/>\n# k\u00fcnstlerisch<br \/>\n# \u00f6sterreichische Handarbeit<br \/>\n# Bijou<br \/>\n# Rarit\u00e4t<br \/>\n# fashion jewellery<br \/>\n# earrings<br \/>\n# art<\/p>\n","protected":false},"excerpt":{"rendered":"<p>Liebevoll von mir selbst designte Statement Ohrringe Jedes St\u00fcck ist einzeln von Hand modelliert und somit ein Unikat. Es kann daher minimale Abweichungen der Form bzw. Muster geben. \u2014> instagram: fleurissima_bijou bzw. https:\/\/www.instagram.com\/fleurissima_bijou Material: Modelliermasse (FIMO) Oberfl\u00e4che: matt Gr\u00f6\u00dfe: siehe Detailfotos f\u00fcr weitere Info bzw. Details Kontaktieren Sie mich. https:\/\/www.instagram.com\/fleurissimabijou # selbstgemacht # handgemacht # &hellip; <a href=\"https:\/\/www.regionalis.shop\/fleurissima\/shop\/rot-weiss-selbstgemachte-ohrringe-unikate-modeschmuck-handarbeit\/\">Continued<\/a><\/p>\n","protected":false},"featured_media":1090,"template":"","meta":{"_acf_changed":false},"product_brand":[],"product_cat":[163,70],"product_tag":[],"class_list":{"0":"post-1089","1":"product","2":"type-product","3":"status-publish","4":"has-post-thumbnail","6":"product_cat-ohrringe","7":"product_cat-schmuck","9":"first","10":"instock","11":"purchasable","12":"product-type-simple"},"acf":[],"_links":{"self":[{"href":"https:\/\/www.regionalis.shop\/fleurissima\/wp-json\/wp\/v2\/product\/1089","targetHints":{"allow":["GET"]}}],"collection":[{"href":"https:\/\/www.regionalis.shop\/fleurissima\/wp-json\/wp\/v2\/product"}],"about":[{"href":"https:\/\/www.regionalis.shop\/fleurissima\/wp-json\/wp\/v2\/types\/product"}],"wp:featuredmedia":[{"embeddable":true,"href":"https:\/\/www.regionalis.shop\/fleurissima\/wp-json\/wp\/v2\/media\/1090"}],"wp:attachment":[{"href":"https:\/\/www.regionalis.shop\/fleurissima\/wp-json\/wp\/v2\/media?parent=1089"}],"wp:term":[{"taxonomy":"product_brand","embeddable":true,"href":"https:\/\/www.regionalis.shop\/fleurissima\/wp-json\/wp\/v2\/product_brand?post=1089"},{"taxonomy":"product_cat","embeddable":true,"href":"https:\/\/www.regionalis.shop\/fleurissima\/wp-json\/wp\/v2\/product_cat?post=1089"},{"taxonomy":"product_tag","embeddable":true,"href":"https:\/\/www.regionalis.shop\/fleurissima\/wp-json\/wp\/v2\/product_tag?post=1089"}],"curies":[{"name":"wp","href":"https:\/\/api.w.org\/{rel}","templated":true}]}}