{"id":1058,"date":"2025-04-28T04:01:44","date_gmt":"2025-04-28T02:01:44","guid":{"rendered":"https:\/\/www.regionalis.shop\/flugsand\/product\/oh-deer-kette-mit-holzanhaenger\/"},"modified":"2025-04-28T04:01:44","modified_gmt":"2025-04-28T02:01:44","slug":"oh-deer-kette-mit-holzanhaenger","status":"publish","type":"product","link":"https:\/\/www.regionalis.shop\/flugsand\/shop\/oh-deer-kette-mit-holzanhaenger\/","title":{"rendered":"Oh Deer! &#8211; Kette mit Holzanh\u00e4nger"},"content":{"rendered":"<p>Ein Geweih aus Holz mit einer dezenten Schn\u00fcrung.<br \/>\nEin ideales Geschenk f\u00fcr J\u00e4ger (und Gejagte?).<\/p>\n<p>Material:<br \/>\nAnh\u00e4nger: Eichenholz (ca. 100 Jahre alt), ge\u00f6lt<br \/>\nHalsband: Baumwolle<\/p>\n<p>Anh\u00e4nger Gr\u00f6\u00dfe:<br \/>\n5 cm (H\u00f6he)<\/p>\n<p>Halsband Gr\u00f6\u00dfe:<br \/>\nmin. ~20 cm<br \/>\nmax. ~40 cm<\/p>\n<p>Hinweis: es handelt sich um Symbolbilder! Jeder Anh\u00e4nger ist durch die unterschiedliche Maserung des Holzes ein Einzelst\u00fcck.<\/p>\n<p>Philosophie: Gain it, love it &#038; let loose &#8211; jeder FLUGSAND Anh\u00e4nger wird Teil deiner Geschichte.<\/p>\n","protected":false},"excerpt":{"rendered":"<p>Ein Geweih aus Holz mit einer dezenten Schn\u00fcrung. Ein ideales Geschenk f\u00fcr J\u00e4ger (und Gejagte?). Material: Anh\u00e4nger: Eichenholz (ca. 100 Jahre alt), ge\u00f6lt Halsband: Baumwolle Anh\u00e4nger Gr\u00f6\u00dfe: 5 cm (H\u00f6he) Halsband Gr\u00f6\u00dfe: min. ~20 cm max. ~40 cm Hinweis: es handelt sich um Symbolbilder! Jeder Anh\u00e4nger ist durch die unterschiedliche Maserung des Holzes ein Einzelst\u00fcck. &hellip; <a href=\"https:\/\/www.regionalis.shop\/flugsand\/shop\/oh-deer-kette-mit-holzanhaenger\/\">Continued<\/a><\/p>\n","protected":false},"featured_media":1059,"template":"","meta":{"_acf_changed":false},"product_brand":[],"product_cat":[141,70],"product_tag":[],"class_list":{"0":"post-1058","1":"product","2":"type-product","3":"status-publish","4":"has-post-thumbnail","6":"product_cat-halsketten","7":"product_cat-schmuck","9":"first","10":"instock","11":"purchasable","12":"product-type-simple"},"acf":[],"_links":{"self":[{"href":"https:\/\/www.regionalis.shop\/flugsand\/wp-json\/wp\/v2\/product\/1058","targetHints":{"allow":["GET"]}}],"collection":[{"href":"https:\/\/www.regionalis.shop\/flugsand\/wp-json\/wp\/v2\/product"}],"about":[{"href":"https:\/\/www.regionalis.shop\/flugsand\/wp-json\/wp\/v2\/types\/product"}],"wp:featuredmedia":[{"embeddable":true,"href":"https:\/\/www.regionalis.shop\/flugsand\/wp-json\/wp\/v2\/media\/1059"}],"wp:attachment":[{"href":"https:\/\/www.regionalis.shop\/flugsand\/wp-json\/wp\/v2\/media?parent=1058"}],"wp:term":[{"taxonomy":"product_brand","embeddable":true,"href":"https:\/\/www.regionalis.shop\/flugsand\/wp-json\/wp\/v2\/product_brand?post=1058"},{"taxonomy":"product_cat","embeddable":true,"href":"https:\/\/www.regionalis.shop\/flugsand\/wp-json\/wp\/v2\/product_cat?post=1058"},{"taxonomy":"product_tag","embeddable":true,"href":"https:\/\/www.regionalis.shop\/flugsand\/wp-json\/wp\/v2\/product_tag?post=1058"}],"curies":[{"name":"wp","href":"https:\/\/api.w.org\/{rel}","templated":true}]}}