{"id":1068,"date":"2025-04-18T09:07:45","date_gmt":"2025-04-18T07:07:45","guid":{"rendered":"https:\/\/www.regionalis.shop\/flugsand\/product\/iron-man-anhaenger\/"},"modified":"2025-04-18T09:07:45","modified_gmt":"2025-04-18T07:07:45","slug":"iron-man-anhaenger","status":"publish","type":"product","link":"https:\/\/www.regionalis.shop\/flugsand\/shop\/iron-man-anhaenger\/","title":{"rendered":"Iron Man Anh\u00e4nger"},"content":{"rendered":"<p>Die Halskette f\u00fcr alle Tony Stark-Fans!<br \/>\nDer besondere Anh\u00e4nger ist<br \/>\n&#8211; recycelt aus einem alten Mostfass<br \/>\n&#8211; aus ca. 100 Jahre altem Eichenholz<br \/>\n&#8211; ge\u00f6lt<br \/>\n&#8211; mit Innenelementen vom abgefallenen Geweih des Damwild (daher vegan)<br \/>\n&#8211; in Handarbeit in Wien hergestellt<br \/>\n&#8211; L\u00e4nge individuell einstellbar<br \/>\n&#8211; Halsband aus Baumwolle<\/p>\n<p>Jedes St\u00fcck ist ein Unikat aufgrund der unterschiedlichen Maserung des Holzes. <\/p>\n<p>Die L\u00e4nge des Halsbands ist mit mind. 20cm bis max. ca. 40cm mit Schiebeverschluss einstellbar.<\/p>\n<p>HINWEIS! Aufgrund der unterschiedlichen Maserung des Holz kann der tats\u00e4chliche Anh\u00e4nger vom Bild abweichen.<\/p>\n<p>Auch als Schl\u00fcsselanh\u00e4nger bestellbar.<\/p>\n","protected":false},"excerpt":{"rendered":"<p>Die Halskette f\u00fcr alle Tony Stark-Fans! Der besondere Anh\u00e4nger ist &#8211; recycelt aus einem alten Mostfass &#8211; aus ca. 100 Jahre altem Eichenholz &#8211; ge\u00f6lt &#8211; mit Innenelementen vom abgefallenen Geweih des Damwild (daher vegan) &#8211; in Handarbeit in Wien hergestellt &#8211; L\u00e4nge individuell einstellbar &#8211; Halsband aus Baumwolle Jedes St\u00fcck ist ein Unikat aufgrund &hellip; <a href=\"https:\/\/www.regionalis.shop\/flugsand\/shop\/iron-man-anhaenger\/\">Continued<\/a><\/p>\n","protected":false},"featured_media":1069,"template":"","meta":{"_acf_changed":false},"product_brand":[],"product_cat":[141,70],"product_tag":[],"class_list":{"0":"post-1068","1":"product","2":"type-product","3":"status-publish","4":"has-post-thumbnail","6":"product_cat-halsketten","7":"product_cat-schmuck","9":"first","10":"instock","11":"purchasable","12":"product-type-simple"},"acf":[],"_links":{"self":[{"href":"https:\/\/www.regionalis.shop\/flugsand\/wp-json\/wp\/v2\/product\/1068","targetHints":{"allow":["GET"]}}],"collection":[{"href":"https:\/\/www.regionalis.shop\/flugsand\/wp-json\/wp\/v2\/product"}],"about":[{"href":"https:\/\/www.regionalis.shop\/flugsand\/wp-json\/wp\/v2\/types\/product"}],"wp:featuredmedia":[{"embeddable":true,"href":"https:\/\/www.regionalis.shop\/flugsand\/wp-json\/wp\/v2\/media\/1069"}],"wp:attachment":[{"href":"https:\/\/www.regionalis.shop\/flugsand\/wp-json\/wp\/v2\/media?parent=1068"}],"wp:term":[{"taxonomy":"product_brand","embeddable":true,"href":"https:\/\/www.regionalis.shop\/flugsand\/wp-json\/wp\/v2\/product_brand?post=1068"},{"taxonomy":"product_cat","embeddable":true,"href":"https:\/\/www.regionalis.shop\/flugsand\/wp-json\/wp\/v2\/product_cat?post=1068"},{"taxonomy":"product_tag","embeddable":true,"href":"https:\/\/www.regionalis.shop\/flugsand\/wp-json\/wp\/v2\/product_tag?post=1068"}],"curies":[{"name":"wp","href":"https:\/\/api.w.org\/{rel}","templated":true}]}}