{"id":1088,"date":"2025-04-18T09:04:11","date_gmt":"2025-04-18T07:04:11","guid":{"rendered":"https:\/\/www.regionalis.shop\/flugsand\/product\/spiderman-anhaenger-aus-holz\/"},"modified":"2025-04-18T09:04:11","modified_gmt":"2025-04-18T07:04:11","slug":"spiderman-anhaenger-aus-holz","status":"publish","type":"product","link":"https:\/\/www.regionalis.shop\/flugsand\/shop\/spiderman-anhaenger-aus-holz\/","title":{"rendered":"Spiderman Anh\u00e4nger aus Holz"},"content":{"rendered":"<p>Die Halskette f\u00fcr alle Spiderman-Fans! Der besondere Anh\u00e4nger ist recycelt aus einem alten Mostfass, aus ca. 100 Jahre altem Eichenholz, und wird abschlie\u00dfend ge\u00f6lt. Die Innenelemente sind vom abgefallenen Geweih des Damwild und werden in Handarbeit eingesetzt. Jedes St\u00fcck ist ein Unikat aufgrund der unterschiedlichen Maserung des Holzes.<\/p>\n<p>Auch als Schl\u00fcsselanh\u00e4nger bestellbar!<\/p>\n","protected":false},"excerpt":{"rendered":"<p>Die Halskette f\u00fcr alle Spiderman-Fans! Der besondere Anh\u00e4nger ist recycelt aus einem alten Mostfass, aus ca. 100 Jahre altem Eichenholz, und wird abschlie\u00dfend ge\u00f6lt. Die Innenelemente sind vom abgefallenen Geweih des Damwild und werden in Handarbeit eingesetzt. Jedes St\u00fcck ist ein Unikat aufgrund der unterschiedlichen Maserung des Holzes. Auch als Schl\u00fcsselanh\u00e4nger bestellbar!<\/p>\n","protected":false},"featured_media":1089,"template":"","meta":{"_acf_changed":false},"product_brand":[],"product_cat":[141,70],"product_tag":[],"class_list":{"0":"post-1088","1":"product","2":"type-product","3":"status-publish","4":"has-post-thumbnail","6":"product_cat-halsketten","7":"product_cat-schmuck","9":"first","10":"instock","11":"purchasable","12":"product-type-simple"},"acf":[],"_links":{"self":[{"href":"https:\/\/www.regionalis.shop\/flugsand\/wp-json\/wp\/v2\/product\/1088","targetHints":{"allow":["GET"]}}],"collection":[{"href":"https:\/\/www.regionalis.shop\/flugsand\/wp-json\/wp\/v2\/product"}],"about":[{"href":"https:\/\/www.regionalis.shop\/flugsand\/wp-json\/wp\/v2\/types\/product"}],"wp:featuredmedia":[{"embeddable":true,"href":"https:\/\/www.regionalis.shop\/flugsand\/wp-json\/wp\/v2\/media\/1089"}],"wp:attachment":[{"href":"https:\/\/www.regionalis.shop\/flugsand\/wp-json\/wp\/v2\/media?parent=1088"}],"wp:term":[{"taxonomy":"product_brand","embeddable":true,"href":"https:\/\/www.regionalis.shop\/flugsand\/wp-json\/wp\/v2\/product_brand?post=1088"},{"taxonomy":"product_cat","embeddable":true,"href":"https:\/\/www.regionalis.shop\/flugsand\/wp-json\/wp\/v2\/product_cat?post=1088"},{"taxonomy":"product_tag","embeddable":true,"href":"https:\/\/www.regionalis.shop\/flugsand\/wp-json\/wp\/v2\/product_tag?post=1088"}],"curies":[{"name":"wp","href":"https:\/\/api.w.org\/{rel}","templated":true}]}}