{"id":1100,"date":"2025-04-18T09:04:11","date_gmt":"2025-04-18T07:04:11","guid":{"rendered":"https:\/\/www.regionalis.shop\/flugsand\/product\/harry-potter-3d-bild\/"},"modified":"2025-04-18T09:04:11","modified_gmt":"2025-04-18T07:04:11","slug":"harry-potter-3d-bild","status":"publish","type":"product","link":"https:\/\/www.regionalis.shop\/flugsand\/shop\/harry-potter-3d-bild\/","title":{"rendered":"Harry Potter 3D Bild"},"content":{"rendered":"<p>3D Silhouette aus Holz von einem Mostfass mit Details aus Horn von einem Hirschgeweih, befestigt auf Filz.<br \/>\nHarry Potter H\u00e4user. Entweder ein Logo mit allen H\u00e4usern und Farben oder die H\u00e4user Slytherin, Hufflepuff, Gryffindor und Ravenclaw einzeln.<br \/>\nBilderrahmen Gr\u00f6\u00dfe 15x20cm, zum Aufh\u00e4ngen und Aufstellen.<\/p>\n","protected":false},"excerpt":{"rendered":"<p>3D Silhouette aus Holz von einem Mostfass mit Details aus Horn von einem Hirschgeweih, befestigt auf Filz. Harry Potter H\u00e4user. Entweder ein Logo mit allen H\u00e4usern und Farben oder die H\u00e4user Slytherin, Hufflepuff, Gryffindor und Ravenclaw einzeln. Bilderrahmen Gr\u00f6\u00dfe 15x20cm, zum Aufh\u00e4ngen und Aufstellen.<\/p>\n","protected":false},"featured_media":1101,"template":"","meta":{"_acf_changed":false},"product_brand":[],"product_cat":[174,103],"product_tag":[],"class_list":{"0":"post-1100","1":"product","2":"type-product","3":"status-publish","4":"has-post-thumbnail","6":"product_cat-wohndekoration","7":"product_cat-wohnen-deko","9":"first","10":"instock","11":"purchasable","12":"product-type-simple"},"acf":[],"_links":{"self":[{"href":"https:\/\/www.regionalis.shop\/flugsand\/wp-json\/wp\/v2\/product\/1100","targetHints":{"allow":["GET"]}}],"collection":[{"href":"https:\/\/www.regionalis.shop\/flugsand\/wp-json\/wp\/v2\/product"}],"about":[{"href":"https:\/\/www.regionalis.shop\/flugsand\/wp-json\/wp\/v2\/types\/product"}],"wp:featuredmedia":[{"embeddable":true,"href":"https:\/\/www.regionalis.shop\/flugsand\/wp-json\/wp\/v2\/media\/1101"}],"wp:attachment":[{"href":"https:\/\/www.regionalis.shop\/flugsand\/wp-json\/wp\/v2\/media?parent=1100"}],"wp:term":[{"taxonomy":"product_brand","embeddable":true,"href":"https:\/\/www.regionalis.shop\/flugsand\/wp-json\/wp\/v2\/product_brand?post=1100"},{"taxonomy":"product_cat","embeddable":true,"href":"https:\/\/www.regionalis.shop\/flugsand\/wp-json\/wp\/v2\/product_cat?post=1100"},{"taxonomy":"product_tag","embeddable":true,"href":"https:\/\/www.regionalis.shop\/flugsand\/wp-json\/wp\/v2\/product_tag?post=1100"}],"curies":[{"name":"wp","href":"https:\/\/api.w.org\/{rel}","templated":true}]}}