{"id":1103,"date":"2025-04-18T05:00:06","date_gmt":"2025-04-18T03:00:06","guid":{"rendered":"https:\/\/www.regionalis.shop\/flugsand\/product\/bitcoin-schluesselanhaenger\/"},"modified":"2025-04-18T05:00:06","modified_gmt":"2025-04-18T03:00:06","slug":"bitcoin-schluesselanhaenger","status":"publish","type":"product","link":"https:\/\/www.regionalis.shop\/flugsand\/shop\/bitcoin-schluesselanhaenger\/","title":{"rendered":"Bitcoin Schl\u00fcsselanh\u00e4nger"},"content":{"rendered":"<p>Der preisstabile Bitcoin Anh\u00e4nger f\u00fcr den Schl\u00fcsselbund. Gefertigt aus ca. 100 Jahre altem Eichenholz, recycelt aus einem alten Mostfass,  und abschlie\u00dfend ge\u00f6lt. Das Innenelement stammt aus einem abgeworfenem Damwild Geweih.<\/p>\n","protected":false},"excerpt":{"rendered":"<p>Der preisstabile Bitcoin Anh\u00e4nger f\u00fcr den Schl\u00fcsselbund. Gefertigt aus ca. 100 Jahre altem Eichenholz, recycelt aus einem alten Mostfass, und abschlie\u00dfend ge\u00f6lt. Das Innenelement stammt aus einem abgeworfenem Damwild Geweih.<\/p>\n","protected":false},"featured_media":1104,"template":"","meta":{"_acf_changed":false},"product_brand":[],"product_cat":[37,68],"product_tag":[],"class_list":{"0":"post-1103","1":"product","2":"type-product","3":"status-publish","4":"has-post-thumbnail","6":"product_cat-accessoires","7":"product_cat-schluesselanhaenger","9":"first","10":"instock","11":"purchasable","12":"product-type-simple"},"acf":[],"_links":{"self":[{"href":"https:\/\/www.regionalis.shop\/flugsand\/wp-json\/wp\/v2\/product\/1103","targetHints":{"allow":["GET"]}}],"collection":[{"href":"https:\/\/www.regionalis.shop\/flugsand\/wp-json\/wp\/v2\/product"}],"about":[{"href":"https:\/\/www.regionalis.shop\/flugsand\/wp-json\/wp\/v2\/types\/product"}],"wp:featuredmedia":[{"embeddable":true,"href":"https:\/\/www.regionalis.shop\/flugsand\/wp-json\/wp\/v2\/media\/1104"}],"wp:attachment":[{"href":"https:\/\/www.regionalis.shop\/flugsand\/wp-json\/wp\/v2\/media?parent=1103"}],"wp:term":[{"taxonomy":"product_brand","embeddable":true,"href":"https:\/\/www.regionalis.shop\/flugsand\/wp-json\/wp\/v2\/product_brand?post=1103"},{"taxonomy":"product_cat","embeddable":true,"href":"https:\/\/www.regionalis.shop\/flugsand\/wp-json\/wp\/v2\/product_cat?post=1103"},{"taxonomy":"product_tag","embeddable":true,"href":"https:\/\/www.regionalis.shop\/flugsand\/wp-json\/wp\/v2\/product_tag?post=1103"}],"curies":[{"name":"wp","href":"https:\/\/api.w.org\/{rel}","templated":true}]}}