{"id":1113,"date":"2025-04-18T04:59:13","date_gmt":"2025-04-18T02:59:13","guid":{"rendered":"https:\/\/www.regionalis.shop\/flugsand\/product\/fische-sternzeichen-halskette\/"},"modified":"2025-04-18T04:59:13","modified_gmt":"2025-04-18T02:59:13","slug":"fische-sternzeichen-halskette","status":"publish","type":"product","link":"https:\/\/www.regionalis.shop\/flugsand\/shop\/fische-sternzeichen-halskette\/","title":{"rendered":"Fische Sternzeichen Halskette"},"content":{"rendered":"<p>Der Sternzeichen Anh\u00e4nger ist aus ca. 100 Jahre altem Eichenholz, recycelt aus einem alten Mostfass, und wird abschlie\u00dfend ge\u00f6lt. Die Innenelemente sind vom Damwild Geweih von einem Zuchtbetrieb und werden in Handarbeit eingesetzt.<\/p>\n<p>Die Halsb\u00e4nder sind aus Baumwolle.<\/p>\n<p>Personalisierung ist auf der R\u00fcckseite m\u00f6glich.<\/p>\n","protected":false},"excerpt":{"rendered":"<p>Der Sternzeichen Anh\u00e4nger ist aus ca. 100 Jahre altem Eichenholz, recycelt aus einem alten Mostfass, und wird abschlie\u00dfend ge\u00f6lt. Die Innenelemente sind vom Damwild Geweih von einem Zuchtbetrieb und werden in Handarbeit eingesetzt. Die Halsb\u00e4nder sind aus Baumwolle. Personalisierung ist auf der R\u00fcckseite m\u00f6glich.<\/p>\n","protected":false},"featured_media":1114,"template":"","meta":{"_acf_changed":false},"product_brand":[],"product_cat":[141,70],"product_tag":[],"class_list":{"0":"post-1113","1":"product","2":"type-product","3":"status-publish","4":"has-post-thumbnail","6":"product_cat-halsketten","7":"product_cat-schmuck","9":"first","10":"instock","11":"purchasable","12":"product-type-simple"},"acf":[],"_links":{"self":[{"href":"https:\/\/www.regionalis.shop\/flugsand\/wp-json\/wp\/v2\/product\/1113","targetHints":{"allow":["GET"]}}],"collection":[{"href":"https:\/\/www.regionalis.shop\/flugsand\/wp-json\/wp\/v2\/product"}],"about":[{"href":"https:\/\/www.regionalis.shop\/flugsand\/wp-json\/wp\/v2\/types\/product"}],"wp:featuredmedia":[{"embeddable":true,"href":"https:\/\/www.regionalis.shop\/flugsand\/wp-json\/wp\/v2\/media\/1114"}],"wp:attachment":[{"href":"https:\/\/www.regionalis.shop\/flugsand\/wp-json\/wp\/v2\/media?parent=1113"}],"wp:term":[{"taxonomy":"product_brand","embeddable":true,"href":"https:\/\/www.regionalis.shop\/flugsand\/wp-json\/wp\/v2\/product_brand?post=1113"},{"taxonomy":"product_cat","embeddable":true,"href":"https:\/\/www.regionalis.shop\/flugsand\/wp-json\/wp\/v2\/product_cat?post=1113"},{"taxonomy":"product_tag","embeddable":true,"href":"https:\/\/www.regionalis.shop\/flugsand\/wp-json\/wp\/v2\/product_tag?post=1113"}],"curies":[{"name":"wp","href":"https:\/\/api.w.org\/{rel}","templated":true}]}}