{"id":1168,"date":"2025-04-17T23:17:26","date_gmt":"2025-04-17T21:17:26","guid":{"rendered":"https:\/\/www.regionalis.shop\/flugsand\/product\/filta-kaffeefilter-aus-bio-leinen-groesse-4-doppelpack\/"},"modified":"2025-04-17T23:17:26","modified_gmt":"2025-04-17T21:17:26","slug":"filta-kaffeefilter-aus-bio-leinen-groesse-4-doppelpack","status":"publish","type":"product","link":"https:\/\/www.regionalis.shop\/flugsand\/shop\/filta-kaffeefilter-aus-bio-leinen-groesse-4-doppelpack\/","title":{"rendered":"FiltA &#8211; Kaffeefilter aus Bio-Leinen, Gr\u00f6\u00dfe 4, Doppelpack"},"content":{"rendered":"<p>&#8212; FiltA ersetzt konventionelle Wegwerf-Filter &#8211; gut f\u00fcr dich, gut f\u00fcr die Umwelt! &#8212;<\/p>\n<p>&#8212; WIEDERVERWENDBAR &#8212; &#8211; Dieser Kaffeefilter aus Stoff ersetzt konventionelle Einwegfilter. Er kann ganz einfach nach dem Br\u00fchen von Kaffee geleert und ausgesp\u00fclt werden.<br \/>\n&#8212; F\u00dcR KAFFEEMASCHINE UND HANDFILTER GEEIGNET &#8212; &#8211; Du kannst unsere wiederverwendbaren Kaffeefilter \u00fcberall dort verwenden, wo ansonsten regul\u00e4re Papierfilter der Gr\u00f6\u00dfe 4 zum Einsatz k\u00e4men.<br \/>\n&#8212; LOKAL und HANDGEFERTIGT &#8212; &#8211; Dieses Produkt wird in \u00d6sterreich aus 100% \u00f6sterreichischen Rohstoffen in Handarbeit erzeugt.<br \/>\n&#8212; \u00d6KOLOGISCH &#8212; &#8211; Das Material f\u00fcr den Filter besteht zu 40% aus M\u00fchlviertler Bio-Leinen und zu 60% aus \u00d6ko-Baumwolle.<br \/>\n&#8212; PLASTIKFREI &#8212; &#8211; Sowohl der Filter als auch die Verpackung sind zu 99,9% frei von Plastik.<br \/>\n&#8212; BIOLOGISCH &#8212; &#8211; Der aufgefangene Kaffeesatz eignet sich als perfekter D\u00fcnger f\u00fcr deine Pflanzen oder als Grundlage f\u00fcr vielf\u00e4ltige Hausmittel wie Peelings, Haarsp\u00fclung oder Geruchsentferner<\/p>\n","protected":false},"excerpt":{"rendered":"<p>&#8212; FiltA ersetzt konventionelle Wegwerf-Filter &#8211; gut f\u00fcr dich, gut f\u00fcr die Umwelt! &#8212; &#8212; WIEDERVERWENDBAR &#8212; &#8211; Dieser Kaffeefilter aus Stoff ersetzt konventionelle Einwegfilter. Er kann ganz einfach nach dem Br\u00fchen von Kaffee geleert und ausgesp\u00fclt werden. &#8212; F\u00dcR KAFFEEMASCHINE UND HANDFILTER GEEIGNET &#8212; &#8211; Du kannst unsere wiederverwendbaren Kaffeefilter \u00fcberall dort verwenden, wo &hellip; <a href=\"https:\/\/www.regionalis.shop\/flugsand\/shop\/filta-kaffeefilter-aus-bio-leinen-groesse-4-doppelpack\/\">Continued<\/a><\/p>\n","protected":false},"featured_media":1169,"template":"","meta":{"_acf_changed":false},"product_brand":[],"product_cat":[160,103],"product_tag":[],"class_list":{"0":"post-1168","1":"product","2":"type-product","3":"status-publish","4":"has-post-thumbnail","6":"product_cat-nachhaltiger-haushalt","7":"product_cat-wohnen-deko","9":"first","10":"instock","11":"purchasable","12":"product-type-simple"},"acf":[],"_links":{"self":[{"href":"https:\/\/www.regionalis.shop\/flugsand\/wp-json\/wp\/v2\/product\/1168","targetHints":{"allow":["GET"]}}],"collection":[{"href":"https:\/\/www.regionalis.shop\/flugsand\/wp-json\/wp\/v2\/product"}],"about":[{"href":"https:\/\/www.regionalis.shop\/flugsand\/wp-json\/wp\/v2\/types\/product"}],"wp:featuredmedia":[{"embeddable":true,"href":"https:\/\/www.regionalis.shop\/flugsand\/wp-json\/wp\/v2\/media\/1169"}],"wp:attachment":[{"href":"https:\/\/www.regionalis.shop\/flugsand\/wp-json\/wp\/v2\/media?parent=1168"}],"wp:term":[{"taxonomy":"product_brand","embeddable":true,"href":"https:\/\/www.regionalis.shop\/flugsand\/wp-json\/wp\/v2\/product_brand?post=1168"},{"taxonomy":"product_cat","embeddable":true,"href":"https:\/\/www.regionalis.shop\/flugsand\/wp-json\/wp\/v2\/product_cat?post=1168"},{"taxonomy":"product_tag","embeddable":true,"href":"https:\/\/www.regionalis.shop\/flugsand\/wp-json\/wp\/v2\/product_tag?post=1168"}],"curies":[{"name":"wp","href":"https:\/\/api.w.org\/{rel}","templated":true}]}}