{"id":862,"date":"2025-05-24T13:44:06","date_gmt":"2025-05-24T11:44:06","guid":{"rendered":"https:\/\/starter.stage.shop-it.at\/?page_id=862"},"modified":"2025-10-23T15:21:37","modified_gmt":"2025-10-23T13:21:37","slug":"startseite","status":"publish","type":"page","link":"https:\/\/www.regionalis.shop\/fuerdiekatz-by-eva-naderer\/","title":{"rendered":"Startseite"},"content":{"rendered":"<section>\n    <div class=\"header-title\">\n        <h1 class=\"h2\">Willkommen bei f\u00fcrdieKatz by Eva Naderer<\/h1>\n    <\/div>\n            <h2 class=\"h3\">Handgemacht in Schwertberg<\/h2>\n                <p>&#8222;Einer Katze ist es egal, wer du bist oder wie du aussiehst.<br \/>\nGibst du ihr deine Liebe, schenkt sie dir ihr Herz!&#8220; (unbekannt)<\/p>\n<p>In 100% Handarbeit und mit viel Liebe fertige ich Spielzeug und Zubeh\u00f6r f\u00fcr Katzen. Nat\u00fcrlich sind auch Produkte f\u00fcr Hunde und f\u00fcr &#8222;Frauchen&#8220; und &#8222;Herrchen&#8220; mit dabei. Da ich selbst 2 Vierbeiner habe, wird alles getestet und ausprobiert, bevor es im Shop landet.<\/p>\n<p>Gerne n\u00e4he ich auch auf Wunsch \u2013 kontaktiere mich einfach. Ich freue mich auf Dich!<\/p>\n\n    \n    <h3>Produkte<\/h3>\n\n    <div class=\"woocommerce columns-3 \"><ul class=\"products columns-3\">\n<li class=\"product type-product post-1052 status-publish first instock product_cat-null product_cat-sonstiges has-post-thumbnail purchasable product-type-simple\">\n\t<a href=\"https:\/\/www.regionalis.shop\/fuerdiekatz-by-eva-naderer\/shop\/fluffy-dreams-tatzen-grau\/\" class=\"woocommerce-LoopProduct-link woocommerce-loop-product__link\"><div class=\"wc-block-grid__product-image\"><img loading=\"lazy\" decoding=\"async\" width=\"420\" height=\"420\" src=\"https:\/\/www.regionalis.shop\/app\/uploads\/sites\/205\/5466_2022_01_23_17_13_29_487890214.jpg\" class=\"attachment-large size-large\" alt=\"Fluffy Dreams Tatzen grau\" srcset=\"https:\/\/www.regionalis.shop\/app\/uploads\/sites\/205\/5466_2022_01_23_17_13_29_487890214.jpg 420w, https:\/\/www.regionalis.shop\/app\/uploads\/sites\/205\/5466_2022_01_23_17_13_29_487890214-300x300.jpg 300w, https:\/\/www.regionalis.shop\/app\/uploads\/sites\/205\/5466_2022_01_23_17_13_29_487890214-150x150.jpg 150w, https:\/\/www.regionalis.shop\/app\/uploads\/sites\/205\/5466_2022_01_23_17_13_29_487890214-100x100.jpg 100w\" sizes=\"auto, (max-width: 420px) 100vw, 420px\" \/><\/div><h2 class=\"woocommerce-loop-product__title\">Fluffy Dreams Tatzen grau<\/h2>\n\t<span class=\"price\"><span class=\"woocommerce-Price-amount amount\"><bdi>22,00&nbsp;<span class=\"woocommerce-Price-currencySymbol\">&euro;<\/span><\/bdi><\/span><\/span>\n<\/a><\/li>\n<li class=\"product type-product post-1078 status-publish instock product_cat-null product_cat-sonstiges has-post-thumbnail purchasable product-type-simple\">\n\t<a href=\"https:\/\/www.regionalis.shop\/fuerdiekatz-by-eva-naderer\/shop\/fluffy-dreams-knochen\/\" class=\"woocommerce-LoopProduct-link woocommerce-loop-product__link\"><div class=\"wc-block-grid__product-image\"><img loading=\"lazy\" decoding=\"async\" width=\"420\" height=\"420\" src=\"https:\/\/www.regionalis.shop\/app\/uploads\/sites\/205\/5466_2022_01_23_17_12_34_793188413.jpg\" class=\"attachment-large size-large\" alt=\"Fluffy Dreams Knochen\" srcset=\"https:\/\/www.regionalis.shop\/app\/uploads\/sites\/205\/5466_2022_01_23_17_12_34_793188413.jpg 420w, https:\/\/www.regionalis.shop\/app\/uploads\/sites\/205\/5466_2022_01_23_17_12_34_793188413-300x300.jpg 300w, https:\/\/www.regionalis.shop\/app\/uploads\/sites\/205\/5466_2022_01_23_17_12_34_793188413-150x150.jpg 150w, https:\/\/www.regionalis.shop\/app\/uploads\/sites\/205\/5466_2022_01_23_17_12_34_793188413-100x100.jpg 100w\" sizes=\"auto, (max-width: 420px) 100vw, 420px\" \/><\/div><h2 class=\"woocommerce-loop-product__title\">Fluffy Dreams Knochen<\/h2>\n\t<span class=\"price\"><span class=\"woocommerce-Price-amount amount\"><bdi>22,00&nbsp;<span class=\"woocommerce-Price-currencySymbol\">&euro;<\/span><\/bdi><\/span><\/span>\n<\/a><\/li>\n<li class=\"product type-product post-1075 status-publish last instock product_cat-null product_cat-sonstiges has-post-thumbnail purchasable product-type-simple\">\n\t<a href=\"https:\/\/www.regionalis.shop\/fuerdiekatz-by-eva-naderer\/shop\/fluffy-dreams-eisbaer\/\" class=\"woocommerce-LoopProduct-link woocommerce-loop-product__link\"><div class=\"wc-block-grid__product-image\"><img loading=\"lazy\" decoding=\"async\" width=\"420\" height=\"420\" src=\"https:\/\/www.regionalis.shop\/app\/uploads\/sites\/205\/5466_2022_01_23_17_11_43_362317811.jpg\" class=\"attachment-large size-large\" alt=\"Fluffy Dreams Eisb\u00e4r\" srcset=\"https:\/\/www.regionalis.shop\/app\/uploads\/sites\/205\/5466_2022_01_23_17_11_43_362317811.jpg 420w, https:\/\/www.regionalis.shop\/app\/uploads\/sites\/205\/5466_2022_01_23_17_11_43_362317811-300x300.jpg 300w, https:\/\/www.regionalis.shop\/app\/uploads\/sites\/205\/5466_2022_01_23_17_11_43_362317811-150x150.jpg 150w, https:\/\/www.regionalis.shop\/app\/uploads\/sites\/205\/5466_2022_01_23_17_11_43_362317811-100x100.jpg 100w\" sizes=\"auto, (max-width: 420px) 100vw, 420px\" \/><\/div><h2 class=\"woocommerce-loop-product__title\">Fluffy Dreams Eisb\u00e4r<\/h2>\n\t<span class=\"price\"><span class=\"woocommerce-Price-amount amount\"><bdi>22,00&nbsp;<span class=\"woocommerce-Price-currencySymbol\">&euro;<\/span><\/bdi><\/span><\/span>\n<\/a><\/li>\n<\/ul>\n<\/div>\n    <p>\n        <a href=\"https:\/\/www.regionalis.shop\/fuerdiekatz-by-eva-naderer\/shop\/\" class=\"btn btn-primary btn-icon-right\">\n            Alle Produkte <i class=\"bi bi-arrow-right-short\"><\/i>\n        <\/a>\n    <\/p>\n<\/section>\n\n<div data-block-name=\"woocommerce\/store-notices\" class=\"wc-block-store-notices woocommerce alignwide alignwide wp-block-woocommerce-store-notices\"><div class=\"woocommerce-notices-wrapper\"><\/div><\/div>","protected":false},"excerpt":{"rendered":"","protected":false},"author":1,"featured_media":0,"parent":0,"menu_order":0,"comment_status":"closed","ping_status":"closed","template":"template-home.blade.php","meta":{"_acf_changed":false,"footnotes":""},"class_list":["post-862","page","type-page","status-publish","hentry"],"acf":[],"_links":{"self":[{"href":"https:\/\/www.regionalis.shop\/fuerdiekatz-by-eva-naderer\/wp-json\/wp\/v2\/pages\/862","targetHints":{"allow":["GET"]}}],"collection":[{"href":"https:\/\/www.regionalis.shop\/fuerdiekatz-by-eva-naderer\/wp-json\/wp\/v2\/pages"}],"about":[{"href":"https:\/\/www.regionalis.shop\/fuerdiekatz-by-eva-naderer\/wp-json\/wp\/v2\/types\/page"}],"author":[{"embeddable":true,"href":"https:\/\/www.regionalis.shop\/fuerdiekatz-by-eva-naderer\/wp-json\/wp\/v2\/users\/1"}],"replies":[{"embeddable":true,"href":"https:\/\/www.regionalis.shop\/fuerdiekatz-by-eva-naderer\/wp-json\/wp\/v2\/comments?post=862"}],"version-history":[{"count":28,"href":"https:\/\/www.regionalis.shop\/fuerdiekatz-by-eva-naderer\/wp-json\/wp\/v2\/pages\/862\/revisions"}],"predecessor-version":[{"id":1041,"href":"https:\/\/www.regionalis.shop\/fuerdiekatz-by-eva-naderer\/wp-json\/wp\/v2\/pages\/862\/revisions\/1041"}],"wp:attachment":[{"href":"https:\/\/www.regionalis.shop\/fuerdiekatz-by-eva-naderer\/wp-json\/wp\/v2\/media?parent=862"}],"curies":[{"name":"wp","href":"https:\/\/api.w.org\/{rel}","templated":true}]}}