{"id":1052,"date":"2025-04-18T05:45:41","date_gmt":"2025-04-18T03:45:41","guid":{"rendered":"https:\/\/www.regionalis.shop\/fuerdiekatz-by-eva-naderer\/product\/fluffy-dreams-tatzen-grau\/"},"modified":"2025-04-18T05:45:41","modified_gmt":"2025-04-18T03:45:41","slug":"fluffy-dreams-tatzen-grau","status":"publish","type":"product","link":"https:\/\/www.regionalis.shop\/fuerdiekatz-by-eva-naderer\/shop\/fluffy-dreams-tatzen-grau\/","title":{"rendered":"Fluffy Dreams Tatzen grau"},"content":{"rendered":"<p>Kuscheln, Tr\u00e4umen, Entspannen\u2026mit den Kuschelkissen Fluffy Dreams ist alles m\u00f6glich! Sie k\u00f6nnen als Schlafplatz, f\u00fcr Kratzb\u00e4ume, H\u00f6hlen und viel mehr verwendet werden. Dank flauschigem Wellness-Fleece sorgt es immer f\u00fcr eine wohlig weiche Unterlage!<\/p>\n<p>Produktdetails<\/p>\n<p>Material:<br \/>\n\u2013 Wellness-Fleece Tatzen<br \/>\n\u2013 Baumwolle grau<br \/>\n\u2013 F\u00fcllung Soft Flocks 100% Polyester<\/p>\n<p>Ma\u00dfe: ca. 44 x 44 cm   (L x B )<\/p>\n","protected":false},"excerpt":{"rendered":"<p>Kuscheln, Tr\u00e4umen, Entspannen\u2026mit den Kuschelkissen Fluffy Dreams ist alles m\u00f6glich! Sie k\u00f6nnen als Schlafplatz, f\u00fcr Kratzb\u00e4ume, H\u00f6hlen und viel mehr verwendet werden. Dank flauschigem Wellness-Fleece sorgt es immer f\u00fcr eine wohlig weiche Unterlage! Produktdetails Material: \u2013 Wellness-Fleece Tatzen \u2013 Baumwolle grau \u2013 F\u00fcllung Soft Flocks 100% Polyester Ma\u00dfe: ca. 44 x 44 cm (L x &hellip; <a href=\"https:\/\/www.regionalis.shop\/fuerdiekatz-by-eva-naderer\/shop\/fluffy-dreams-tatzen-grau\/\">Continued<\/a><\/p>\n","protected":false},"featured_media":1053,"template":"","meta":{"_acf_changed":false},"product_brand":[],"product_cat":[162,83],"product_tag":[],"class_list":{"0":"post-1052","1":"product","2":"type-product","3":"status-publish","4":"has-post-thumbnail","6":"product_cat-null","7":"product_cat-sonstiges","9":"first","10":"instock","11":"purchasable","12":"product-type-simple"},"acf":[],"_links":{"self":[{"href":"https:\/\/www.regionalis.shop\/fuerdiekatz-by-eva-naderer\/wp-json\/wp\/v2\/product\/1052","targetHints":{"allow":["GET"]}}],"collection":[{"href":"https:\/\/www.regionalis.shop\/fuerdiekatz-by-eva-naderer\/wp-json\/wp\/v2\/product"}],"about":[{"href":"https:\/\/www.regionalis.shop\/fuerdiekatz-by-eva-naderer\/wp-json\/wp\/v2\/types\/product"}],"wp:featuredmedia":[{"embeddable":true,"href":"https:\/\/www.regionalis.shop\/fuerdiekatz-by-eva-naderer\/wp-json\/wp\/v2\/media\/1053"}],"wp:attachment":[{"href":"https:\/\/www.regionalis.shop\/fuerdiekatz-by-eva-naderer\/wp-json\/wp\/v2\/media?parent=1052"}],"wp:term":[{"taxonomy":"product_brand","embeddable":true,"href":"https:\/\/www.regionalis.shop\/fuerdiekatz-by-eva-naderer\/wp-json\/wp\/v2\/product_brand?post=1052"},{"taxonomy":"product_cat","embeddable":true,"href":"https:\/\/www.regionalis.shop\/fuerdiekatz-by-eva-naderer\/wp-json\/wp\/v2\/product_cat?post=1052"},{"taxonomy":"product_tag","embeddable":true,"href":"https:\/\/www.regionalis.shop\/fuerdiekatz-by-eva-naderer\/wp-json\/wp\/v2\/product_tag?post=1052"}],"curies":[{"name":"wp","href":"https:\/\/api.w.org\/{rel}","templated":true}]}}