{"id":1060,"date":"2025-04-18T05:45:06","date_gmt":"2025-04-18T03:45:06","guid":{"rendered":"https:\/\/www.regionalis.shop\/fuerdiekatz-by-eva-naderer\/product\/kuschelhoehle-mini-hearts\/"},"modified":"2025-04-18T05:45:06","modified_gmt":"2025-04-18T03:45:06","slug":"kuschelhoehle-mini-hearts","status":"publish","type":"product","link":"https:\/\/www.regionalis.shop\/fuerdiekatz-by-eva-naderer\/shop\/kuschelhoehle-mini-hearts\/","title":{"rendered":"Kuschelh\u00f6hle Mini Hearts"},"content":{"rendered":"<p>Diese Kuschelh\u00f6hle bietet den tierischen Lieblingen nicht nur einen R\u00fcckzugsort, dank des flauschigen Innenkissen ist es auch hervorragend geeignet f\u00fcr erholsame Nickerchen.<\/p>\n<p>Der eingen\u00e4hte Schaumstoff sorgt f\u00fcr stabilen Stand, w\u00e4hrend Soft Flocks das Innenkissen schnurrtastisch weich machen!<\/p>\n<p>Produktdetails<\/p>\n<p>Material:<br \/>\n\u2013 100% Baumwolle<br \/>\n\u2013 Schaumstoff<br \/>\n\u2013 Kissenf\u00fcllung: Soft Flocks 100% Polyester<\/p>\n<p>Ma\u00dfe: ca. 42 x 28 x 46 cm   (L x B x H)<\/p>\n","protected":false},"excerpt":{"rendered":"<p>Diese Kuschelh\u00f6hle bietet den tierischen Lieblingen nicht nur einen R\u00fcckzugsort, dank des flauschigen Innenkissen ist es auch hervorragend geeignet f\u00fcr erholsame Nickerchen. Der eingen\u00e4hte Schaumstoff sorgt f\u00fcr stabilen Stand, w\u00e4hrend Soft Flocks das Innenkissen schnurrtastisch weich machen! Produktdetails Material: \u2013 100% Baumwolle \u2013 Schaumstoff \u2013 Kissenf\u00fcllung: Soft Flocks 100% Polyester Ma\u00dfe: ca. 42 x 28 &hellip; <a href=\"https:\/\/www.regionalis.shop\/fuerdiekatz-by-eva-naderer\/shop\/kuschelhoehle-mini-hearts\/\">Continued<\/a><\/p>\n","protected":false},"featured_media":1061,"template":"","meta":{"_acf_changed":false},"product_brand":[],"product_cat":[162,83],"product_tag":[],"class_list":{"0":"post-1060","1":"product","2":"type-product","3":"status-publish","4":"has-post-thumbnail","6":"product_cat-null","7":"product_cat-sonstiges","9":"first","10":"instock","11":"purchasable","12":"product-type-simple"},"acf":[],"_links":{"self":[{"href":"https:\/\/www.regionalis.shop\/fuerdiekatz-by-eva-naderer\/wp-json\/wp\/v2\/product\/1060","targetHints":{"allow":["GET"]}}],"collection":[{"href":"https:\/\/www.regionalis.shop\/fuerdiekatz-by-eva-naderer\/wp-json\/wp\/v2\/product"}],"about":[{"href":"https:\/\/www.regionalis.shop\/fuerdiekatz-by-eva-naderer\/wp-json\/wp\/v2\/types\/product"}],"wp:featuredmedia":[{"embeddable":true,"href":"https:\/\/www.regionalis.shop\/fuerdiekatz-by-eva-naderer\/wp-json\/wp\/v2\/media\/1061"}],"wp:attachment":[{"href":"https:\/\/www.regionalis.shop\/fuerdiekatz-by-eva-naderer\/wp-json\/wp\/v2\/media?parent=1060"}],"wp:term":[{"taxonomy":"product_brand","embeddable":true,"href":"https:\/\/www.regionalis.shop\/fuerdiekatz-by-eva-naderer\/wp-json\/wp\/v2\/product_brand?post=1060"},{"taxonomy":"product_cat","embeddable":true,"href":"https:\/\/www.regionalis.shop\/fuerdiekatz-by-eva-naderer\/wp-json\/wp\/v2\/product_cat?post=1060"},{"taxonomy":"product_tag","embeddable":true,"href":"https:\/\/www.regionalis.shop\/fuerdiekatz-by-eva-naderer\/wp-json\/wp\/v2\/product_tag?post=1060"}],"curies":[{"name":"wp","href":"https:\/\/api.w.org\/{rel}","templated":true}]}}