{"id":108,"date":"2024-03-04T10:57:41","date_gmt":"2024-03-04T10:57:41","guid":{"rendered":"https:\/\/stage.shop-it.at\/?page_id=108"},"modified":"2025-10-21T17:33:35","modified_gmt":"2025-10-21T15:33:35","slug":"info","status":"publish","type":"page","link":"https:\/\/www.regionalis.shop\/geschenke-macher\/info\/","title":{"rendered":"Info"},"content":{"rendered":"<section>\n            <p><a href=\"https:\/\/www.geschenke-macher.de\/policies\/terms-of-service\">AGB<\/a><\/p>\n<p>Sieglinde, Jennifer und Nicol H\u00f6fer sind<br \/>\ndie GM3 GmbH mit dem Onlineshop <a href=\"https:\/\/www.geschenke-macher.de\">www.geschenke-macher.at<\/a><br \/>\nein kleines Familienunternehmen in 6845 Hohenems \/ \u00d6sterreich.<br \/>\nNach vielen Jahren als Angestellte haben wir nun am 1. April 2021 den Schritt in die Selbstst\u00e4ndigkeit gewagt um unsere Kreativit\u00e4t und unsere eigenen Ideen verwirklichen zu k\u00f6nnen.<br \/>\nUnseren Onlineshop mit gravierten, bedruckten und personlisierbaren Tassen, Kissen, Feuerzeugen, Fu\u00dfmatten, Gl\u00e4ser, Schl\u00fcsselnh\u00e4nger uvm. haben wir liebevoll aufgebaut. Alle im Shop angebotenen Artikel werden von uns selber in \u00d6sterreich bedruckt und graviert und bestickt.<\/p>\n\n    <\/section>\n\n\n<p><\/p>\n","protected":false},"excerpt":{"rendered":"","protected":false},"author":1,"featured_media":0,"parent":0,"menu_order":0,"comment_status":"closed","ping_status":"closed","template":"","meta":{"_acf_changed":false,"footnotes":""},"class_list":["post-108","page","type-page","status-publish","hentry"],"acf":[],"_links":{"self":[{"href":"https:\/\/www.regionalis.shop\/geschenke-macher\/wp-json\/wp\/v2\/pages\/108","targetHints":{"allow":["GET"]}}],"collection":[{"href":"https:\/\/www.regionalis.shop\/geschenke-macher\/wp-json\/wp\/v2\/pages"}],"about":[{"href":"https:\/\/www.regionalis.shop\/geschenke-macher\/wp-json\/wp\/v2\/types\/page"}],"author":[{"embeddable":true,"href":"https:\/\/www.regionalis.shop\/geschenke-macher\/wp-json\/wp\/v2\/users\/1"}],"replies":[{"embeddable":true,"href":"https:\/\/www.regionalis.shop\/geschenke-macher\/wp-json\/wp\/v2\/comments?post=108"}],"version-history":[{"count":39,"href":"https:\/\/www.regionalis.shop\/geschenke-macher\/wp-json\/wp\/v2\/pages\/108\/revisions"}],"predecessor-version":[{"id":1028,"href":"https:\/\/www.regionalis.shop\/geschenke-macher\/wp-json\/wp\/v2\/pages\/108\/revisions\/1028"}],"wp:attachment":[{"href":"https:\/\/www.regionalis.shop\/geschenke-macher\/wp-json\/wp\/v2\/media?parent=108"}],"curies":[{"name":"wp","href":"https:\/\/api.w.org\/{rel}","templated":true}]}}