{"id":862,"date":"2025-05-24T13:44:06","date_gmt":"2025-05-24T11:44:06","guid":{"rendered":"https:\/\/starter.stage.shop-it.at\/?page_id=862"},"modified":"2025-10-23T15:21:37","modified_gmt":"2025-10-23T13:21:37","slug":"startseite","status":"publish","type":"page","link":"https:\/\/www.regionalis.shop\/geschenke-macher\/","title":{"rendered":"Startseite"},"content":{"rendered":"<section>\n        <div class=\"header-image\">\n            <img decoding=\"async\" src=\"https:\/\/www.regionalis.shop\/app\/uploads\/sites\/214\/4634_2022_02_09_11_39_54_393378934.png\" alt=\"\">\n        <\/div>\n    \n    <\/section>\n    <section>\n    <div class=\"header-title\">\n        <h1 class=\"h2\">Willkommen bei Geschenke-Macher<\/h1>\n    <\/div>\n            <h2 class=\"h3\">Handgemacht in Hohenems<\/h2>\n                <p><a href=\"https:\/\/www.geschenke-macher.de\/policies\/terms-of-service\">AGB<\/a><\/p>\n<p>Sieglinde, Jennifer und Nicol H\u00f6fer sind<br \/>\ndie GM3 GmbH mit dem Onlineshop <a href=\"https:\/\/www.geschenke-macher.de\">www.geschenke-macher.at<\/a><br \/>\nein kleines Familienunternehmen in 6845 Hohenems \/ \u00d6sterreich.<br \/>\nNach vielen Jahren als Angestellte haben wir nun am 1. April 2021 den Schritt in die Selbstst\u00e4ndigkeit gewagt um unsere Kreativit\u00e4t und unsere eigenen Ideen verwirklichen zu k\u00f6nnen.<br \/>\nUnseren Onlineshop mit gravierten, bedruckten und personlisierbaren Tassen, Kissen, Feuerzeugen, Fu\u00dfmatten, Gl\u00e4ser, Schl\u00fcsselnh\u00e4nger uvm. haben wir liebevoll aufgebaut. Alle im Shop angebotenen Artikel werden von uns selber in \u00d6sterreich bedruckt und graviert und bestickt.<\/p>\n\n    \n    <h3>Produkte<\/h3>\n\n    <div class=\"woocommerce columns-3 \"><ul class=\"products columns-3\">\n<li class=\"product type-product post-1052 status-publish first instock product_cat-weihnachten product_cat-wohnen-deko has-post-thumbnail purchasable product-type-simple\">\n\t<a href=\"https:\/\/www.regionalis.shop\/geschenke-macher\/shop\/adventskalender-to-go-geschenkverpackung-huelle-bestickt\/\" class=\"woocommerce-LoopProduct-link woocommerce-loop-product__link\"><div class=\"wc-block-grid__product-image\"><img loading=\"lazy\" decoding=\"async\" width=\"420\" height=\"420\" src=\"https:\/\/www.regionalis.shop\/app\/uploads\/sites\/214\/4634_2022_11_13_08_50_34_228040499.png\" class=\"attachment-large size-large\" alt=\"Adventskalender to go Geschenkverpackung H\u00fclle bestickt\" srcset=\"https:\/\/www.regionalis.shop\/app\/uploads\/sites\/214\/4634_2022_11_13_08_50_34_228040499.png 420w, https:\/\/www.regionalis.shop\/app\/uploads\/sites\/214\/4634_2022_11_13_08_50_34_228040499-300x300.png 300w, https:\/\/www.regionalis.shop\/app\/uploads\/sites\/214\/4634_2022_11_13_08_50_34_228040499-150x150.png 150w, https:\/\/www.regionalis.shop\/app\/uploads\/sites\/214\/4634_2022_11_13_08_50_34_228040499-100x100.png 100w\" sizes=\"auto, (max-width: 420px) 100vw, 420px\" \/><\/div><h2 class=\"woocommerce-loop-product__title\">Adventskalender to go Geschenkverpackung H\u00fclle bestickt<\/h2>\n\t<span class=\"price\"><span class=\"woocommerce-Price-amount amount\"><bdi>6,96&nbsp;<span class=\"woocommerce-Price-currencySymbol\">&euro;<\/span><\/bdi><\/span><\/span>\n<\/a><\/li>\n<li class=\"product type-product post-1057 status-publish instock product_cat-essen-trinken product_cat-wohnen-deko has-post-thumbnail purchasable product-type-simple\">\n\t<a href=\"https:\/\/www.regionalis.shop\/geschenke-macher\/shop\/baer-mit-herz-und-name-tasse\/\" class=\"woocommerce-LoopProduct-link woocommerce-loop-product__link\"><div class=\"wc-block-grid__product-image\"><img loading=\"lazy\" decoding=\"async\" width=\"420\" height=\"420\" src=\"https:\/\/www.regionalis.shop\/app\/uploads\/sites\/214\/4634_2022_05_07_17_58_22_182958085.jpg\" class=\"attachment-large size-large\" alt=\"B\u00e4r mit Herz und Name Tasse\" srcset=\"https:\/\/www.regionalis.shop\/app\/uploads\/sites\/214\/4634_2022_05_07_17_58_22_182958085.jpg 420w, https:\/\/www.regionalis.shop\/app\/uploads\/sites\/214\/4634_2022_05_07_17_58_22_182958085-300x300.jpg 300w, https:\/\/www.regionalis.shop\/app\/uploads\/sites\/214\/4634_2022_05_07_17_58_22_182958085-150x150.jpg 150w, https:\/\/www.regionalis.shop\/app\/uploads\/sites\/214\/4634_2022_05_07_17_58_22_182958085-100x100.jpg 100w\" sizes=\"auto, (max-width: 420px) 100vw, 420px\" \/><\/div><h2 class=\"woocommerce-loop-product__title\">B\u00e4r mit Herz und Name Tasse<\/h2>\n\t<span class=\"price\"><span class=\"woocommerce-Price-amount amount\"><bdi>13,98&nbsp;<span class=\"woocommerce-Price-currencySymbol\">&euro;<\/span><\/bdi><\/span><\/span>\n<\/a><\/li>\n<li class=\"product type-product post-1063 status-publish last instock product_cat-essen-trinken product_cat-wohnen-deko has-post-thumbnail purchasable product-type-simple\">\n\t<a href=\"https:\/\/www.regionalis.shop\/geschenke-macher\/shop\/hase-mit-ei-personalisierbar-tasse\/\" class=\"woocommerce-LoopProduct-link woocommerce-loop-product__link\"><div class=\"wc-block-grid__product-image\"><img loading=\"lazy\" decoding=\"async\" width=\"420\" height=\"420\" src=\"https:\/\/www.regionalis.shop\/app\/uploads\/sites\/214\/4634_2022_03_18_13_50_04_825934557.jpg\" class=\"attachment-large size-large\" alt=\"Hase mit Ei - personalisierbar - Tasse\" srcset=\"https:\/\/www.regionalis.shop\/app\/uploads\/sites\/214\/4634_2022_03_18_13_50_04_825934557.jpg 420w, https:\/\/www.regionalis.shop\/app\/uploads\/sites\/214\/4634_2022_03_18_13_50_04_825934557-300x300.jpg 300w, https:\/\/www.regionalis.shop\/app\/uploads\/sites\/214\/4634_2022_03_18_13_50_04_825934557-150x150.jpg 150w, https:\/\/www.regionalis.shop\/app\/uploads\/sites\/214\/4634_2022_03_18_13_50_04_825934557-100x100.jpg 100w\" sizes=\"auto, (max-width: 420px) 100vw, 420px\" \/><\/div><h2 class=\"woocommerce-loop-product__title\">Hase mit Ei &#8211; personalisierbar &#8211; Tasse<\/h2>\n\t<span class=\"price\"><span class=\"woocommerce-Price-amount amount\"><bdi>15,95&nbsp;<span class=\"woocommerce-Price-currencySymbol\">&euro;<\/span><\/bdi><\/span><\/span>\n<\/a><\/li>\n<\/ul>\n<\/div>\n    <p>\n        <a href=\"https:\/\/www.regionalis.shop\/geschenke-macher\/shop\/\" class=\"btn btn-primary btn-icon-right\">\n            Alle Produkte <i class=\"bi bi-arrow-right-short\"><\/i>\n        <\/a>\n    <\/p>\n<\/section>\n\n<div data-block-name=\"woocommerce\/store-notices\" class=\"wc-block-store-notices woocommerce alignwide alignwide wp-block-woocommerce-store-notices\"><div class=\"woocommerce-notices-wrapper\"><\/div><\/div>","protected":false},"excerpt":{"rendered":"","protected":false},"author":1,"featured_media":0,"parent":0,"menu_order":0,"comment_status":"closed","ping_status":"closed","template":"template-home.blade.php","meta":{"_acf_changed":false,"footnotes":""},"class_list":["post-862","page","type-page","status-publish","hentry"],"acf":[],"_links":{"self":[{"href":"https:\/\/www.regionalis.shop\/geschenke-macher\/wp-json\/wp\/v2\/pages\/862","targetHints":{"allow":["GET"]}}],"collection":[{"href":"https:\/\/www.regionalis.shop\/geschenke-macher\/wp-json\/wp\/v2\/pages"}],"about":[{"href":"https:\/\/www.regionalis.shop\/geschenke-macher\/wp-json\/wp\/v2\/types\/page"}],"author":[{"embeddable":true,"href":"https:\/\/www.regionalis.shop\/geschenke-macher\/wp-json\/wp\/v2\/users\/1"}],"replies":[{"embeddable":true,"href":"https:\/\/www.regionalis.shop\/geschenke-macher\/wp-json\/wp\/v2\/comments?post=862"}],"version-history":[{"count":28,"href":"https:\/\/www.regionalis.shop\/geschenke-macher\/wp-json\/wp\/v2\/pages\/862\/revisions"}],"predecessor-version":[{"id":1041,"href":"https:\/\/www.regionalis.shop\/geschenke-macher\/wp-json\/wp\/v2\/pages\/862\/revisions\/1041"}],"wp:attachment":[{"href":"https:\/\/www.regionalis.shop\/geschenke-macher\/wp-json\/wp\/v2\/media?parent=862"}],"curies":[{"name":"wp","href":"https:\/\/api.w.org\/{rel}","templated":true}]}}