{"id":1052,"date":"2025-04-18T08:31:25","date_gmt":"2025-04-18T06:31:25","guid":{"rendered":"https:\/\/www.regionalis.shop\/geschenke-macher\/product\/adventskalender-to-go-geschenkverpackung-huelle-bestickt\/"},"modified":"2025-04-18T08:31:25","modified_gmt":"2025-04-18T06:31:25","slug":"adventskalender-to-go-geschenkverpackung-huelle-bestickt","status":"publish","type":"product","link":"https:\/\/www.regionalis.shop\/geschenke-macher\/shop\/adventskalender-to-go-geschenkverpackung-huelle-bestickt\/","title":{"rendered":"Adventskalender to go Geschenkverpackung H\u00fclle bestickt"},"content":{"rendered":"<p>H\u00fclle aus weissem Kunstleder bestickt mit Nicolaus in blau, gr\u00fcn oder rot, Stern, Engel oder Elch<\/p>\n<p>Gr\u00f6sse ca. 12,5 x 9cm<\/p>\n<p>Als Geschenksverpackung f\u00fcr Gutscheine, Geldgeschenke, Schokolade, Adventskalender to go oder anderes.<br \/>\nJede H\u00fclle wird extra gefertigt und somit ist jede H\u00fclle ein Einzelst\u00fcck<\/p>\n<p>Liebevoll gestickt von @Geschenke-Macher<\/p>\n<p>Stickdatei @Scottonmade<\/p>\n","protected":false},"excerpt":{"rendered":"<p>H\u00fclle aus weissem Kunstleder bestickt mit Nicolaus in blau, gr\u00fcn oder rot, Stern, Engel oder Elch Gr\u00f6sse ca. 12,5 x 9cm Als Geschenksverpackung f\u00fcr Gutscheine, Geldgeschenke, Schokolade, Adventskalender to go oder anderes. Jede H\u00fclle wird extra gefertigt und somit ist jede H\u00fclle ein Einzelst\u00fcck Liebevoll gestickt von @Geschenke-Macher Stickdatei @Scottonmade<\/p>\n","protected":false},"featured_media":1053,"template":"","meta":{"_acf_changed":false},"product_brand":[],"product_cat":[173,103],"product_tag":[],"class_list":{"0":"post-1052","1":"product","2":"type-product","3":"status-publish","4":"has-post-thumbnail","6":"product_cat-weihnachten","7":"product_cat-wohnen-deko","9":"first","10":"instock","11":"purchasable","12":"product-type-simple"},"acf":[],"_links":{"self":[{"href":"https:\/\/www.regionalis.shop\/geschenke-macher\/wp-json\/wp\/v2\/product\/1052","targetHints":{"allow":["GET"]}}],"collection":[{"href":"https:\/\/www.regionalis.shop\/geschenke-macher\/wp-json\/wp\/v2\/product"}],"about":[{"href":"https:\/\/www.regionalis.shop\/geschenke-macher\/wp-json\/wp\/v2\/types\/product"}],"wp:featuredmedia":[{"embeddable":true,"href":"https:\/\/www.regionalis.shop\/geschenke-macher\/wp-json\/wp\/v2\/media\/1053"}],"wp:attachment":[{"href":"https:\/\/www.regionalis.shop\/geschenke-macher\/wp-json\/wp\/v2\/media?parent=1052"}],"wp:term":[{"taxonomy":"product_brand","embeddable":true,"href":"https:\/\/www.regionalis.shop\/geschenke-macher\/wp-json\/wp\/v2\/product_brand?post=1052"},{"taxonomy":"product_cat","embeddable":true,"href":"https:\/\/www.regionalis.shop\/geschenke-macher\/wp-json\/wp\/v2\/product_cat?post=1052"},{"taxonomy":"product_tag","embeddable":true,"href":"https:\/\/www.regionalis.shop\/geschenke-macher\/wp-json\/wp\/v2\/product_tag?post=1052"}],"curies":[{"name":"wp","href":"https:\/\/api.w.org\/{rel}","templated":true}]}}