{"id":1061,"date":"2025-04-18T06:31:28","date_gmt":"2025-04-18T04:31:28","guid":{"rendered":"https:\/\/www.regionalis.shop\/geschenke-macher\/product\/papa-grillt-am-besten-mit-wunschname-holz-schneidebrett-birke-graviert\/"},"modified":"2025-04-18T06:31:28","modified_gmt":"2025-04-18T04:31:28","slug":"papa-grillt-am-besten-mit-wunschname-holz-schneidebrett-birke-graviert","status":"publish","type":"product","link":"https:\/\/www.regionalis.shop\/geschenke-macher\/shop\/papa-grillt-am-besten-mit-wunschname-holz-schneidebrett-birke-graviert\/","title":{"rendered":"Papa grillt am besten mit Wunschname &#8211; Holz-Schneidebrett Birke graviert"},"content":{"rendered":"<p>Papa grillt am besten mit Wunschname &#8211; Holz-Schneidebrett Birke graviert<\/p>\n<p>Nicht nur besonders schick, sondern auch ein praktischer Blickfang zum Geburtstag, Ostern, Vatertag, Grillabend bei Freunden<\/p>\n<p>In der Hotellerie und Gastronomie sind die Holz-Schneidebretter eine Aufwertung mit Werbewirkung, die die G\u00e4ste zum Staunen bringt.<\/p>\n<p>Es ist ein sch\u00f6nes Geschenk f\u00fcr jung und alt.<\/p>\n<p>Ma\u00dfe: 230x150x10mm<br \/>\nHandsp\u00fclung empfohlen: Ja<br \/>\nMaterial: Birkenholz naturbelassen, schnittfeste Oberfl\u00e4che<br \/>\nBirkenholz ist ein Naturholz und die Gravur wird nicht gleichm\u00e4ssig braun und bei keinem Brett gleich.<\/p>\n<p>Liebevoll gestaltet und graviert von Geschenke-Macher in \u00d6sterreich<\/p>\n","protected":false},"excerpt":{"rendered":"<p>Papa grillt am besten mit Wunschname &#8211; Holz-Schneidebrett Birke graviert Nicht nur besonders schick, sondern auch ein praktischer Blickfang zum Geburtstag, Ostern, Vatertag, Grillabend bei Freunden In der Hotellerie und Gastronomie sind die Holz-Schneidebretter eine Aufwertung mit Werbewirkung, die die G\u00e4ste zum Staunen bringt. Es ist ein sch\u00f6nes Geschenk f\u00fcr jung und alt. Ma\u00dfe: 230x150x10mm &hellip; <a href=\"https:\/\/www.regionalis.shop\/geschenke-macher\/shop\/papa-grillt-am-besten-mit-wunschname-holz-schneidebrett-birke-graviert\/\">Continued<\/a><\/p>\n","protected":false},"featured_media":1062,"template":"","meta":{"_acf_changed":false},"product_brand":[],"product_cat":[127,103],"product_tag":[],"class_list":{"0":"post-1061","1":"product","2":"type-product","3":"status-publish","4":"has-post-thumbnail","6":"product_cat-essen-trinken","7":"product_cat-wohnen-deko","9":"first","10":"instock","11":"purchasable","12":"product-type-simple"},"acf":[],"_links":{"self":[{"href":"https:\/\/www.regionalis.shop\/geschenke-macher\/wp-json\/wp\/v2\/product\/1061","targetHints":{"allow":["GET"]}}],"collection":[{"href":"https:\/\/www.regionalis.shop\/geschenke-macher\/wp-json\/wp\/v2\/product"}],"about":[{"href":"https:\/\/www.regionalis.shop\/geschenke-macher\/wp-json\/wp\/v2\/types\/product"}],"wp:featuredmedia":[{"embeddable":true,"href":"https:\/\/www.regionalis.shop\/geschenke-macher\/wp-json\/wp\/v2\/media\/1062"}],"wp:attachment":[{"href":"https:\/\/www.regionalis.shop\/geschenke-macher\/wp-json\/wp\/v2\/media?parent=1061"}],"wp:term":[{"taxonomy":"product_brand","embeddable":true,"href":"https:\/\/www.regionalis.shop\/geschenke-macher\/wp-json\/wp\/v2\/product_brand?post=1061"},{"taxonomy":"product_cat","embeddable":true,"href":"https:\/\/www.regionalis.shop\/geschenke-macher\/wp-json\/wp\/v2\/product_cat?post=1061"},{"taxonomy":"product_tag","embeddable":true,"href":"https:\/\/www.regionalis.shop\/geschenke-macher\/wp-json\/wp\/v2\/product_tag?post=1061"}],"curies":[{"name":"wp","href":"https:\/\/api.w.org\/{rel}","templated":true}]}}