{"id":1065,"date":"2025-04-18T06:17:11","date_gmt":"2025-04-18T04:17:11","guid":{"rendered":"https:\/\/www.regionalis.shop\/geschenke-macher\/product\/frohe-ostern-hase-mugrug-untersetzer\/"},"modified":"2025-04-18T06:17:11","modified_gmt":"2025-04-18T04:17:11","slug":"frohe-ostern-hase-mugrug-untersetzer","status":"publish","type":"product","link":"https:\/\/www.regionalis.shop\/geschenke-macher\/shop\/frohe-ostern-hase-mugrug-untersetzer\/","title":{"rendered":"Frohe Ostern Hase Mugrug Untersetzer"},"content":{"rendered":"<p>Bedruckter Mugrug Untersetzer<\/p>\n<p>&#8211; Material: Filz 3mm<br \/>\n&#8211; Gr\u00f6\u00dfe: ca. 13&#215;18 cm<br \/>\n&#8211; handw\u00e4sche und lufttrocknen empfohlen<\/p>\n<p>Die Farben k\u00f6nnen abweichen aufgrund der Bildschirmeinstellungen.<\/p>\n<p>Wundersch\u00f6ne Oster Deko f\u00fcr den sch\u00f6n gedeckten Tisch. Ein sch\u00f6nes Geschenk und Mitbringsel f\u00fcr  Familie, Verwandte, Freunde oder einfach f\u00fcr dich selber.<br \/>\nSo ein Mugrug sieht nicht nur h\u00fcbsch aus, er sch\u00fctzt auch den Tisch<\/p>\n","protected":false},"excerpt":{"rendered":"<p>Bedruckter Mugrug Untersetzer &#8211; Material: Filz 3mm &#8211; Gr\u00f6\u00dfe: ca. 13&#215;18 cm &#8211; handw\u00e4sche und lufttrocknen empfohlen Die Farben k\u00f6nnen abweichen aufgrund der Bildschirmeinstellungen. Wundersch\u00f6ne Oster Deko f\u00fcr den sch\u00f6n gedeckten Tisch. Ein sch\u00f6nes Geschenk und Mitbringsel f\u00fcr Familie, Verwandte, Freunde oder einfach f\u00fcr dich selber. So ein Mugrug sieht nicht nur h\u00fcbsch aus, er &hellip; <a href=\"https:\/\/www.regionalis.shop\/geschenke-macher\/shop\/frohe-ostern-hase-mugrug-untersetzer\/\">Continued<\/a><\/p>\n","protected":false},"featured_media":1066,"template":"","meta":{"_acf_changed":false},"product_brand":[],"product_cat":[174,103],"product_tag":[],"class_list":{"0":"post-1065","1":"product","2":"type-product","3":"status-publish","4":"has-post-thumbnail","6":"product_cat-wohndekoration","7":"product_cat-wohnen-deko","9":"first","10":"instock","11":"purchasable","12":"product-type-simple"},"acf":[],"_links":{"self":[{"href":"https:\/\/www.regionalis.shop\/geschenke-macher\/wp-json\/wp\/v2\/product\/1065","targetHints":{"allow":["GET"]}}],"collection":[{"href":"https:\/\/www.regionalis.shop\/geschenke-macher\/wp-json\/wp\/v2\/product"}],"about":[{"href":"https:\/\/www.regionalis.shop\/geschenke-macher\/wp-json\/wp\/v2\/types\/product"}],"wp:featuredmedia":[{"embeddable":true,"href":"https:\/\/www.regionalis.shop\/geschenke-macher\/wp-json\/wp\/v2\/media\/1066"}],"wp:attachment":[{"href":"https:\/\/www.regionalis.shop\/geschenke-macher\/wp-json\/wp\/v2\/media?parent=1065"}],"wp:term":[{"taxonomy":"product_brand","embeddable":true,"href":"https:\/\/www.regionalis.shop\/geschenke-macher\/wp-json\/wp\/v2\/product_brand?post=1065"},{"taxonomy":"product_cat","embeddable":true,"href":"https:\/\/www.regionalis.shop\/geschenke-macher\/wp-json\/wp\/v2\/product_cat?post=1065"},{"taxonomy":"product_tag","embeddable":true,"href":"https:\/\/www.regionalis.shop\/geschenke-macher\/wp-json\/wp\/v2\/product_tag?post=1065"}],"curies":[{"name":"wp","href":"https:\/\/api.w.org\/{rel}","templated":true}]}}