{"id":1067,"date":"2025-04-18T06:13:56","date_gmt":"2025-04-18T04:13:56","guid":{"rendered":"https:\/\/www.regionalis.shop\/geschenke-macher\/product\/dornbirn-steinhauser-tasse\/"},"modified":"2025-04-18T06:13:56","modified_gmt":"2025-04-18T04:13:56","slug":"dornbirn-steinhauser-tasse","status":"publish","type":"product","link":"https:\/\/www.regionalis.shop\/geschenke-macher\/shop\/dornbirn-steinhauser-tasse\/","title":{"rendered":"Dornbirn Steinhauser &#8211; Tasse"},"content":{"rendered":"<p>Tasse bedruckt mit wundersch\u00f6ner handgezeichneter auquarell Skizze vom Luger Steinhauser Haus in Dornbirn<br \/>\n #dornbirn #gartenstadt #vorarlbergha\u0308ltzusammen #kaufregional #aquarell #madeinaustria #madewithlove<br \/>\nWir haben viele verschiedene Designs f\u00fcr jedermann und f\u00fcr die verschiedensten Anl\u00e4sse &#8211; also auch immer ein passendes Geschenk.<\/p>\n<p>Keramiktasse 11oz<br \/>\n&#8211; Hochwertige Keramiktasse mit C-f\u00f6rmigem Henkel<br \/>\n&#8211; Hochwei\u00df, Gl\u00e4nzende Oberfl\u00e4che<br \/>\n&#8211; Fotodruck von h\u00f6chster Qualit\u00e4t<br \/>\n&#8211; Sp\u00fclmaschinengeeignet<br \/>\n&#8211; Mikrowellenbest\u00e4ndig nach BS EN 15284:2007<br \/>\n&#8211; Industriesp\u00fclmaschinenbest\u00e4ndig<br \/>\n&#8211; H\u00f6he 96 mm, \u00d8 80 mm, ca. 360 g<br \/>\n&#8211; Fassungsverm\u00f6gen ca. 330 ml<\/p>\n","protected":false},"excerpt":{"rendered":"<p>Tasse bedruckt mit wundersch\u00f6ner handgezeichneter auquarell Skizze vom Luger Steinhauser Haus in Dornbirn #dornbirn #gartenstadt #vorarlbergha\u0308ltzusammen #kaufregional #aquarell #madeinaustria #madewithlove Wir haben viele verschiedene Designs f\u00fcr jedermann und f\u00fcr die verschiedensten Anl\u00e4sse &#8211; also auch immer ein passendes Geschenk. Keramiktasse 11oz &#8211; Hochwertige Keramiktasse mit C-f\u00f6rmigem Henkel &#8211; Hochwei\u00df, Gl\u00e4nzende Oberfl\u00e4che &#8211; Fotodruck von h\u00f6chster &hellip; <a href=\"https:\/\/www.regionalis.shop\/geschenke-macher\/shop\/dornbirn-steinhauser-tasse\/\">Continued<\/a><\/p>\n","protected":false},"featured_media":1068,"template":"","meta":{"_acf_changed":false},"product_brand":[],"product_cat":[127,103],"product_tag":[],"class_list":{"0":"post-1067","1":"product","2":"type-product","3":"status-publish","4":"has-post-thumbnail","6":"product_cat-essen-trinken","7":"product_cat-wohnen-deko","9":"first","10":"instock","11":"purchasable","12":"product-type-simple"},"acf":[],"_links":{"self":[{"href":"https:\/\/www.regionalis.shop\/geschenke-macher\/wp-json\/wp\/v2\/product\/1067","targetHints":{"allow":["GET"]}}],"collection":[{"href":"https:\/\/www.regionalis.shop\/geschenke-macher\/wp-json\/wp\/v2\/product"}],"about":[{"href":"https:\/\/www.regionalis.shop\/geschenke-macher\/wp-json\/wp\/v2\/types\/product"}],"wp:featuredmedia":[{"embeddable":true,"href":"https:\/\/www.regionalis.shop\/geschenke-macher\/wp-json\/wp\/v2\/media\/1068"}],"wp:attachment":[{"href":"https:\/\/www.regionalis.shop\/geschenke-macher\/wp-json\/wp\/v2\/media?parent=1067"}],"wp:term":[{"taxonomy":"product_brand","embeddable":true,"href":"https:\/\/www.regionalis.shop\/geschenke-macher\/wp-json\/wp\/v2\/product_brand?post=1067"},{"taxonomy":"product_cat","embeddable":true,"href":"https:\/\/www.regionalis.shop\/geschenke-macher\/wp-json\/wp\/v2\/product_cat?post=1067"},{"taxonomy":"product_tag","embeddable":true,"href":"https:\/\/www.regionalis.shop\/geschenke-macher\/wp-json\/wp\/v2\/product_tag?post=1067"}],"curies":[{"name":"wp","href":"https:\/\/api.w.org\/{rel}","templated":true}]}}