{"id":1071,"date":"2025-04-18T06:13:33","date_gmt":"2025-04-18T04:13:33","guid":{"rendered":"https:\/\/www.regionalis.shop\/geschenke-macher\/product\/1000ml-glaskaraffe-mit-gravur-und-personalisierbar\/"},"modified":"2025-04-18T06:13:33","modified_gmt":"2025-04-18T04:13:33","slug":"1000ml-glaskaraffe-mit-gravur-und-personalisierbar","status":"publish","type":"product","link":"https:\/\/www.regionalis.shop\/geschenke-macher\/shop\/1000ml-glaskaraffe-mit-gravur-und-personalisierbar\/","title":{"rendered":"1000ml Glaskaraffe mit Gravur und personalisierbar"},"content":{"rendered":"<p>Glaskaraffe graviert mit Motiv und personalisierbar<br \/>\nGlaskaraffe 1 Liter<\/p>\n<p>&#8211; Gravurfarbe wird immer wei\u00df milchig<br \/>\n&#8211; Sp\u00fclmaschinengeeignet<br \/>\n&#8211; Mikrowellenbest\u00e4ndig nach BS EN 15284:2007<br \/>\n&#8211; Industriesp\u00fclmaschinenbest\u00e4ndig<br \/>\n&#8211; H\u00f6he 255 mm, \u00d8 104 mm<br \/>\n&#8211; Fassungsverm\u00f6gen ca. 1 Liter &#8211; 1.000 ml<\/p>\n","protected":false},"excerpt":{"rendered":"<p>Glaskaraffe graviert mit Motiv und personalisierbar Glaskaraffe 1 Liter &#8211; Gravurfarbe wird immer wei\u00df milchig &#8211; Sp\u00fclmaschinengeeignet &#8211; Mikrowellenbest\u00e4ndig nach BS EN 15284:2007 &#8211; Industriesp\u00fclmaschinenbest\u00e4ndig &#8211; H\u00f6he 255 mm, \u00d8 104 mm &#8211; Fassungsverm\u00f6gen ca. 1 Liter &#8211; 1.000 ml<\/p>\n","protected":false},"featured_media":1072,"template":"","meta":{"_acf_changed":false},"product_brand":[],"product_cat":[174,103],"product_tag":[],"class_list":{"0":"post-1071","1":"product","2":"type-product","3":"status-publish","4":"has-post-thumbnail","6":"product_cat-wohndekoration","7":"product_cat-wohnen-deko","9":"first","10":"instock","11":"purchasable","12":"product-type-simple"},"acf":[],"_links":{"self":[{"href":"https:\/\/www.regionalis.shop\/geschenke-macher\/wp-json\/wp\/v2\/product\/1071","targetHints":{"allow":["GET"]}}],"collection":[{"href":"https:\/\/www.regionalis.shop\/geschenke-macher\/wp-json\/wp\/v2\/product"}],"about":[{"href":"https:\/\/www.regionalis.shop\/geschenke-macher\/wp-json\/wp\/v2\/types\/product"}],"wp:featuredmedia":[{"embeddable":true,"href":"https:\/\/www.regionalis.shop\/geschenke-macher\/wp-json\/wp\/v2\/media\/1072"}],"wp:attachment":[{"href":"https:\/\/www.regionalis.shop\/geschenke-macher\/wp-json\/wp\/v2\/media?parent=1071"}],"wp:term":[{"taxonomy":"product_brand","embeddable":true,"href":"https:\/\/www.regionalis.shop\/geschenke-macher\/wp-json\/wp\/v2\/product_brand?post=1071"},{"taxonomy":"product_cat","embeddable":true,"href":"https:\/\/www.regionalis.shop\/geschenke-macher\/wp-json\/wp\/v2\/product_cat?post=1071"},{"taxonomy":"product_tag","embeddable":true,"href":"https:\/\/www.regionalis.shop\/geschenke-macher\/wp-json\/wp\/v2\/product_tag?post=1071"}],"curies":[{"name":"wp","href":"https:\/\/api.w.org\/{rel}","templated":true}]}}