{"id":1073,"date":"2025-04-18T06:13:33","date_gmt":"2025-04-18T04:13:33","guid":{"rendered":"https:\/\/www.regionalis.shop\/geschenke-macher\/product\/4-stueck-schieferuntersetzer-10x10cm-graviert\/"},"modified":"2025-04-18T06:13:33","modified_gmt":"2025-04-18T04:13:33","slug":"4-stueck-schieferuntersetzer-10x10cm-graviert","status":"publish","type":"product","link":"https:\/\/www.regionalis.shop\/geschenke-macher\/shop\/4-stueck-schieferuntersetzer-10x10cm-graviert\/","title":{"rendered":"4 St\u00fcck Schieferuntersetzer 10x10cm graviert"},"content":{"rendered":"<p>4 St\u00fcck Schieferuntersetzer 10x10cm graviert  &#8211; verschiedene Motive zur Auswahl<\/p>\n<p>Einfach bei der Bestellung angeben ob Motiv Beer, Sch\u00f6n dass du da bist, Hirsch, Windrose oder Mojito. Jeweils 4 St\u00fcck von einem Motiv oder 4 verschiedene Motive.<\/p>\n<p>Mugrug Tassenuntersetzer Gl\u00e4seruntersetzer aus Schiefer mit sch\u00f6nem Motiv graviert.<\/p>\n<p>Ein sch\u00f6nes Geschenk oder Mitbringsel oder f\u00fcr sich selber.<br \/>\nF\u00fcr Famile, Freunde, Bekannte, Verwandte, Kunden als Geschenk.<\/p>\n<p>Schiefer ist ein Naturprodukt und jede Schiefertafel ist von Farbe und Struktur anders.<\/p>\n","protected":false},"excerpt":{"rendered":"<p>4 St\u00fcck Schieferuntersetzer 10x10cm graviert &#8211; verschiedene Motive zur Auswahl Einfach bei der Bestellung angeben ob Motiv Beer, Sch\u00f6n dass du da bist, Hirsch, Windrose oder Mojito. Jeweils 4 St\u00fcck von einem Motiv oder 4 verschiedene Motive. Mugrug Tassenuntersetzer Gl\u00e4seruntersetzer aus Schiefer mit sch\u00f6nem Motiv graviert. Ein sch\u00f6nes Geschenk oder Mitbringsel oder f\u00fcr sich selber. &hellip; <a href=\"https:\/\/www.regionalis.shop\/geschenke-macher\/shop\/4-stueck-schieferuntersetzer-10x10cm-graviert\/\">Continued<\/a><\/p>\n","protected":false},"featured_media":1074,"template":"","meta":{"_acf_changed":false},"product_brand":[],"product_cat":[127,103],"product_tag":[],"class_list":{"0":"post-1073","1":"product","2":"type-product","3":"status-publish","4":"has-post-thumbnail","6":"product_cat-essen-trinken","7":"product_cat-wohnen-deko","9":"first","10":"instock","11":"purchasable","12":"product-type-simple"},"acf":[],"_links":{"self":[{"href":"https:\/\/www.regionalis.shop\/geschenke-macher\/wp-json\/wp\/v2\/product\/1073","targetHints":{"allow":["GET"]}}],"collection":[{"href":"https:\/\/www.regionalis.shop\/geschenke-macher\/wp-json\/wp\/v2\/product"}],"about":[{"href":"https:\/\/www.regionalis.shop\/geschenke-macher\/wp-json\/wp\/v2\/types\/product"}],"wp:featuredmedia":[{"embeddable":true,"href":"https:\/\/www.regionalis.shop\/geschenke-macher\/wp-json\/wp\/v2\/media\/1074"}],"wp:attachment":[{"href":"https:\/\/www.regionalis.shop\/geschenke-macher\/wp-json\/wp\/v2\/media?parent=1073"}],"wp:term":[{"taxonomy":"product_brand","embeddable":true,"href":"https:\/\/www.regionalis.shop\/geschenke-macher\/wp-json\/wp\/v2\/product_brand?post=1073"},{"taxonomy":"product_cat","embeddable":true,"href":"https:\/\/www.regionalis.shop\/geschenke-macher\/wp-json\/wp\/v2\/product_cat?post=1073"},{"taxonomy":"product_tag","embeddable":true,"href":"https:\/\/www.regionalis.shop\/geschenke-macher\/wp-json\/wp\/v2\/product_tag?post=1073"}],"curies":[{"name":"wp","href":"https:\/\/api.w.org\/{rel}","templated":true}]}}