{"id":1076,"date":"2025-04-18T06:13:33","date_gmt":"2025-04-18T04:13:33","guid":{"rendered":"https:\/\/www.regionalis.shop\/geschenke-macher\/product\/4er-set-filz-untersetzer-rund-10cm-bedruckt-mit-verschiedenen-motiven\/"},"modified":"2025-04-18T06:13:33","modified_gmt":"2025-04-18T04:13:33","slug":"4er-set-filz-untersetzer-rund-10cm-bedruckt-mit-verschiedenen-motiven","status":"publish","type":"product","link":"https:\/\/www.regionalis.shop\/geschenke-macher\/shop\/4er-set-filz-untersetzer-rund-10cm-bedruckt-mit-verschiedenen-motiven\/","title":{"rendered":"4er Set Filz Untersetzer rund 10cm bedruckt mit verschiedenen Motiven"},"content":{"rendered":"<p>4er Set &#8211; Filz Untersetzer rund 10cm mit verschiedenen Motiven Rotwild B\u00e4r Fisch<br \/>\nverschiedenen zur Auswahl<\/p>\n<p>Bitte unter Personalisierung die jeweiligen Motiv Nr. angeben.<br \/>\nz. Bsp.: 1\/2\/5\/8\/<\/p>\n<p>F\u00fcr sich selber oder als Geschenksidee f\u00fcr Naturleibhaber, J\u00e4ger, Wanderer, Fischer, als Deko, Schutz f\u00fcr die M\u00f6bel oder f\u00fcr das eigene Zuhause.<\/p>\n<p>Material: Filz 3mm<br \/>\nGr\u00f6\u00dfe: 10cm<br \/>\nHandw\u00e4sche empfohlen und an der Luft trocknen lassen.<\/p>\n","protected":false},"excerpt":{"rendered":"<p>4er Set &#8211; Filz Untersetzer rund 10cm mit verschiedenen Motiven Rotwild B\u00e4r Fisch verschiedenen zur Auswahl Bitte unter Personalisierung die jeweiligen Motiv Nr. angeben. z. Bsp.: 1\/2\/5\/8\/ F\u00fcr sich selber oder als Geschenksidee f\u00fcr Naturleibhaber, J\u00e4ger, Wanderer, Fischer, als Deko, Schutz f\u00fcr die M\u00f6bel oder f\u00fcr das eigene Zuhause. Material: Filz 3mm Gr\u00f6\u00dfe: 10cm Handw\u00e4sche &hellip; <a href=\"https:\/\/www.regionalis.shop\/geschenke-macher\/shop\/4er-set-filz-untersetzer-rund-10cm-bedruckt-mit-verschiedenen-motiven\/\">Continued<\/a><\/p>\n","protected":false},"featured_media":1077,"template":"","meta":{"_acf_changed":false},"product_brand":[],"product_cat":[127,103],"product_tag":[],"class_list":{"0":"post-1076","1":"product","2":"type-product","3":"status-publish","4":"has-post-thumbnail","6":"product_cat-essen-trinken","7":"product_cat-wohnen-deko","9":"first","10":"instock","11":"purchasable","12":"product-type-simple"},"acf":[],"_links":{"self":[{"href":"https:\/\/www.regionalis.shop\/geschenke-macher\/wp-json\/wp\/v2\/product\/1076","targetHints":{"allow":["GET"]}}],"collection":[{"href":"https:\/\/www.regionalis.shop\/geschenke-macher\/wp-json\/wp\/v2\/product"}],"about":[{"href":"https:\/\/www.regionalis.shop\/geschenke-macher\/wp-json\/wp\/v2\/types\/product"}],"wp:featuredmedia":[{"embeddable":true,"href":"https:\/\/www.regionalis.shop\/geschenke-macher\/wp-json\/wp\/v2\/media\/1077"}],"wp:attachment":[{"href":"https:\/\/www.regionalis.shop\/geschenke-macher\/wp-json\/wp\/v2\/media?parent=1076"}],"wp:term":[{"taxonomy":"product_brand","embeddable":true,"href":"https:\/\/www.regionalis.shop\/geschenke-macher\/wp-json\/wp\/v2\/product_brand?post=1076"},{"taxonomy":"product_cat","embeddable":true,"href":"https:\/\/www.regionalis.shop\/geschenke-macher\/wp-json\/wp\/v2\/product_cat?post=1076"},{"taxonomy":"product_tag","embeddable":true,"href":"https:\/\/www.regionalis.shop\/geschenke-macher\/wp-json\/wp\/v2\/product_tag?post=1076"}],"curies":[{"name":"wp","href":"https:\/\/api.w.org\/{rel}","templated":true}]}}