{"id":1081,"date":"2025-04-18T06:13:33","date_gmt":"2025-04-18T04:13:33","guid":{"rendered":"https:\/\/www.regionalis.shop\/geschenke-macher\/product\/pastellfarbenes-brillenputztuch-glasreinigungstuch-buecher-blumen-im-kuebel\/"},"modified":"2025-04-18T06:13:33","modified_gmt":"2025-04-18T04:13:33","slug":"pastellfarbenes-brillenputztuch-glasreinigungstuch-buecher-blumen-im-kuebel","status":"publish","type":"product","link":"https:\/\/www.regionalis.shop\/geschenke-macher\/shop\/pastellfarbenes-brillenputztuch-glasreinigungstuch-buecher-blumen-im-kuebel\/","title":{"rendered":"Pastellfarbenes Brillenputztuch Glasreinigungstuch B\u00fccher Blumen im K\u00fcbel"},"content":{"rendered":"<p>Pastellfarbenes Brillenputztuch Glasreinigungstuch B\u00fccher Blumen im K\u00fcbel<br \/>\nEin wundersch\u00f6nes Geschenk f\u00fcr Brillentr\u00e4ger, aber auch als Reinigungstuch f\u00fcr den Handybildschirm oder Laptop, Notebook oder Monitor.<br \/>\n Gr\u00f6\u00dfe: 15x15cm<br \/>\n Material: Polyester Microfaser<br \/>\nMikrofasertuch, das sich zum Reinigen von Brillen, Glasoberfl\u00e4chen oder LCD Bildschirmen eignet. Werbung kommt hier sehr gut zur Geltung.<\/p>\n","protected":false},"excerpt":{"rendered":"<p>Pastellfarbenes Brillenputztuch Glasreinigungstuch B\u00fccher Blumen im K\u00fcbel Ein wundersch\u00f6nes Geschenk f\u00fcr Brillentr\u00e4ger, aber auch als Reinigungstuch f\u00fcr den Handybildschirm oder Laptop, Notebook oder Monitor. Gr\u00f6\u00dfe: 15x15cm Material: Polyester Microfaser Mikrofasertuch, das sich zum Reinigen von Brillen, Glasoberfl\u00e4chen oder LCD Bildschirmen eignet. Werbung kommt hier sehr gut zur Geltung.<\/p>\n","protected":false},"featured_media":1082,"template":"","meta":{"_acf_changed":false},"product_brand":[],"product_cat":[117,95],"product_tag":[],"class_list":{"0":"post-1081","1":"product","2":"type-product","3":"status-publish","4":"has-post-thumbnail","6":"product_cat-brillenetuis","7":"product_cat-taschen","9":"first","10":"instock","11":"purchasable","12":"product-type-simple"},"acf":[],"_links":{"self":[{"href":"https:\/\/www.regionalis.shop\/geschenke-macher\/wp-json\/wp\/v2\/product\/1081","targetHints":{"allow":["GET"]}}],"collection":[{"href":"https:\/\/www.regionalis.shop\/geschenke-macher\/wp-json\/wp\/v2\/product"}],"about":[{"href":"https:\/\/www.regionalis.shop\/geschenke-macher\/wp-json\/wp\/v2\/types\/product"}],"wp:featuredmedia":[{"embeddable":true,"href":"https:\/\/www.regionalis.shop\/geschenke-macher\/wp-json\/wp\/v2\/media\/1082"}],"wp:attachment":[{"href":"https:\/\/www.regionalis.shop\/geschenke-macher\/wp-json\/wp\/v2\/media?parent=1081"}],"wp:term":[{"taxonomy":"product_brand","embeddable":true,"href":"https:\/\/www.regionalis.shop\/geschenke-macher\/wp-json\/wp\/v2\/product_brand?post=1081"},{"taxonomy":"product_cat","embeddable":true,"href":"https:\/\/www.regionalis.shop\/geschenke-macher\/wp-json\/wp\/v2\/product_cat?post=1081"},{"taxonomy":"product_tag","embeddable":true,"href":"https:\/\/www.regionalis.shop\/geschenke-macher\/wp-json\/wp\/v2\/product_tag?post=1081"}],"curies":[{"name":"wp","href":"https:\/\/api.w.org\/{rel}","templated":true}]}}