{"id":1085,"date":"2025-04-18T06:01:26","date_gmt":"2025-04-18T04:01:26","guid":{"rendered":"https:\/\/www.regionalis.shop\/geschenke-macher\/product\/der-fruehe-vogel-faengt-den-wurm-tasse-mugrug-untersetzer\/"},"modified":"2025-04-18T06:01:26","modified_gmt":"2025-04-18T04:01:26","slug":"der-fruehe-vogel-faengt-den-wurm-tasse-mugrug-untersetzer","status":"publish","type":"product","link":"https:\/\/www.regionalis.shop\/geschenke-macher\/shop\/der-fruehe-vogel-faengt-den-wurm-tasse-mugrug-untersetzer\/","title":{"rendered":"Der fr\u00fche Vogel f\u00e4ngt den Wurm! Tasse + Mugrug Untersetzer"},"content":{"rendered":"<p>Bedruckter Mugrug Untersetzer  mit passender Tasse 330ml<\/p>\n<p>&#8211; Material: Filz 3mm<br \/>\n&#8211; Gr\u00f6\u00dfe: ca. 13&#215;18 cm<br \/>\n&#8211; handw\u00e4sche und lufttrocknen empfohlen<\/p>\n<p>Die Farben k\u00f6nnen abweichen aufgrund der Bildschirmeinstellungen.<\/p>\n<p>Selbstabholung m\u00f6glich.<br \/>\nVersand NUR nach Deutschland (ausser Insel) und \u00d6sterreich.<\/p>\n<p>Wundersch\u00f6ne Deko f\u00fcr den sch\u00f6n gedeckten Tisch. Ein sch\u00f6nes Geschenk und Mitbringsel f\u00fcr  Familie, Verwandte, Freunde oder einfach f\u00fcr dich selber.<br \/>\nSo ein Mugrug sieht nicht nur h\u00fcbsch aus, er sch\u00fctzt auch den Tisch.<\/p>\n","protected":false},"excerpt":{"rendered":"<p>Bedruckter Mugrug Untersetzer mit passender Tasse 330ml &#8211; Material: Filz 3mm &#8211; Gr\u00f6\u00dfe: ca. 13&#215;18 cm &#8211; handw\u00e4sche und lufttrocknen empfohlen Die Farben k\u00f6nnen abweichen aufgrund der Bildschirmeinstellungen. Selbstabholung m\u00f6glich. Versand NUR nach Deutschland (ausser Insel) und \u00d6sterreich. Wundersch\u00f6ne Deko f\u00fcr den sch\u00f6n gedeckten Tisch. Ein sch\u00f6nes Geschenk und Mitbringsel f\u00fcr Familie, Verwandte, Freunde oder &hellip; <a href=\"https:\/\/www.regionalis.shop\/geschenke-macher\/shop\/der-fruehe-vogel-faengt-den-wurm-tasse-mugrug-untersetzer\/\">Continued<\/a><\/p>\n","protected":false},"featured_media":1086,"template":"","meta":{"_acf_changed":false},"product_brand":[],"product_cat":[127,103],"product_tag":[],"class_list":{"0":"post-1085","1":"product","2":"type-product","3":"status-publish","4":"has-post-thumbnail","6":"product_cat-essen-trinken","7":"product_cat-wohnen-deko","9":"first","10":"instock","11":"purchasable","12":"product-type-simple"},"acf":[],"_links":{"self":[{"href":"https:\/\/www.regionalis.shop\/geschenke-macher\/wp-json\/wp\/v2\/product\/1085","targetHints":{"allow":["GET"]}}],"collection":[{"href":"https:\/\/www.regionalis.shop\/geschenke-macher\/wp-json\/wp\/v2\/product"}],"about":[{"href":"https:\/\/www.regionalis.shop\/geschenke-macher\/wp-json\/wp\/v2\/types\/product"}],"wp:featuredmedia":[{"embeddable":true,"href":"https:\/\/www.regionalis.shop\/geschenke-macher\/wp-json\/wp\/v2\/media\/1086"}],"wp:attachment":[{"href":"https:\/\/www.regionalis.shop\/geschenke-macher\/wp-json\/wp\/v2\/media?parent=1085"}],"wp:term":[{"taxonomy":"product_brand","embeddable":true,"href":"https:\/\/www.regionalis.shop\/geschenke-macher\/wp-json\/wp\/v2\/product_brand?post=1085"},{"taxonomy":"product_cat","embeddable":true,"href":"https:\/\/www.regionalis.shop\/geschenke-macher\/wp-json\/wp\/v2\/product_cat?post=1085"},{"taxonomy":"product_tag","embeddable":true,"href":"https:\/\/www.regionalis.shop\/geschenke-macher\/wp-json\/wp\/v2\/product_tag?post=1085"}],"curies":[{"name":"wp","href":"https:\/\/api.w.org\/{rel}","templated":true}]}}