{"id":1089,"date":"2025-04-18T06:00:44","date_gmt":"2025-04-18T04:00:44","guid":{"rendered":"https:\/\/www.regionalis.shop\/geschenke-macher\/product\/glas-mit-gravur-und-personalisiert\/"},"modified":"2025-04-18T06:00:44","modified_gmt":"2025-04-18T04:00:44","slug":"glas-mit-gravur-und-personalisiert","status":"publish","type":"product","link":"https:\/\/www.regionalis.shop\/geschenke-macher\/shop\/glas-mit-gravur-und-personalisiert\/","title":{"rendered":"Glas mit Gravur und personalisiert"},"content":{"rendered":"<p>Glas personalisiert  (OHNE Deko)<br \/>\nTumbler Whiskyglas 30cl<\/p>\n<p> Gravur wird immer wei\u00df milchig<br \/>\n Sp\u00fclmaschinengeeignet<br \/>\n Mikrowellenbest\u00e4ndig nach BS EN 15284:2007<br \/>\n Industriesp\u00fclmaschinenbest\u00e4ndig<br \/>\n H\u00f6he 92 mm, \u00d8 78mm, ca. 360 g<br \/>\n Fassungsverm\u00f6gen ca. 300 ml<\/p>\n<p>Selbstabholung m\u00f6glich.<br \/>\nVersand NUR nach Deutschland und \u00d6sterreich. Andere L\u00e4nder bitte Anfragen per Mail.<\/p>\n","protected":false},"excerpt":{"rendered":"<p>Glas personalisiert (OHNE Deko) Tumbler Whiskyglas 30cl Gravur wird immer wei\u00df milchig Sp\u00fclmaschinengeeignet Mikrowellenbest\u00e4ndig nach BS EN 15284:2007 Industriesp\u00fclmaschinenbest\u00e4ndig H\u00f6he 92 mm, \u00d8 78mm, ca. 360 g Fassungsverm\u00f6gen ca. 300 ml Selbstabholung m\u00f6glich. Versand NUR nach Deutschland und \u00d6sterreich. Andere L\u00e4nder bitte Anfragen per Mail.<\/p>\n","protected":false},"featured_media":1090,"template":"","meta":{"_acf_changed":false},"product_brand":[],"product_cat":[127,103],"product_tag":[],"class_list":{"0":"post-1089","1":"product","2":"type-product","3":"status-publish","4":"has-post-thumbnail","6":"product_cat-essen-trinken","7":"product_cat-wohnen-deko","9":"first","10":"instock","11":"purchasable","12":"product-type-simple"},"acf":[],"_links":{"self":[{"href":"https:\/\/www.regionalis.shop\/geschenke-macher\/wp-json\/wp\/v2\/product\/1089","targetHints":{"allow":["GET"]}}],"collection":[{"href":"https:\/\/www.regionalis.shop\/geschenke-macher\/wp-json\/wp\/v2\/product"}],"about":[{"href":"https:\/\/www.regionalis.shop\/geschenke-macher\/wp-json\/wp\/v2\/types\/product"}],"wp:featuredmedia":[{"embeddable":true,"href":"https:\/\/www.regionalis.shop\/geschenke-macher\/wp-json\/wp\/v2\/media\/1090"}],"wp:attachment":[{"href":"https:\/\/www.regionalis.shop\/geschenke-macher\/wp-json\/wp\/v2\/media?parent=1089"}],"wp:term":[{"taxonomy":"product_brand","embeddable":true,"href":"https:\/\/www.regionalis.shop\/geschenke-macher\/wp-json\/wp\/v2\/product_brand?post=1089"},{"taxonomy":"product_cat","embeddable":true,"href":"https:\/\/www.regionalis.shop\/geschenke-macher\/wp-json\/wp\/v2\/product_cat?post=1089"},{"taxonomy":"product_tag","embeddable":true,"href":"https:\/\/www.regionalis.shop\/geschenke-macher\/wp-json\/wp\/v2\/product_tag?post=1089"}],"curies":[{"name":"wp","href":"https:\/\/api.w.org\/{rel}","templated":true}]}}