{"id":1091,"date":"2025-04-18T06:00:44","date_gmt":"2025-04-18T04:00:44","guid":{"rendered":"https:\/\/www.regionalis.shop\/geschenke-macher\/product\/longdrink-saft-wasser-glas-mit-name-personalisiert\/"},"modified":"2025-04-18T06:00:44","modified_gmt":"2025-04-18T04:00:44","slug":"longdrink-saft-wasser-glas-mit-name-personalisiert","status":"publish","type":"product","link":"https:\/\/www.regionalis.shop\/geschenke-macher\/shop\/longdrink-saft-wasser-glas-mit-name-personalisiert\/","title":{"rendered":"Longdrink Saft Wasser Glas mit Name personalisiert"},"content":{"rendered":"<p>Glas mit Namen graviert. OHNE Deko.<br \/>\nDen Namen f\u00fcr die Gravur bitte nach dem Kauf angeben.<\/p>\n<p>Longdrinkglas 33cl<br \/>\n&#8211; Gravur wird immer wei\u00df milchig<br \/>\n&#8211; Sp\u00fclmaschinengeeignet<br \/>\n&#8211; Mikrowellenbest\u00e4ndig nach BS EN 15284:2007<br \/>\n&#8211; Industriesp\u00fclmaschinenbest\u00e4ndig<br \/>\n&#8211; H\u00f6he 151mm, \u00d8 63 mm, ca. 360 g<br \/>\n&#8211; Fassungsverm\u00f6gen ca. 330 ml<\/p>\n<p>Selbstabholung m\u00f6glich.<br \/>\nVersand NUR nach Deutchland und \u00d6sterreich. Andere L\u00e4nder bitte anfragen.<\/p>\n","protected":false},"excerpt":{"rendered":"<p>Glas mit Namen graviert. OHNE Deko. Den Namen f\u00fcr die Gravur bitte nach dem Kauf angeben. Longdrinkglas 33cl &#8211; Gravur wird immer wei\u00df milchig &#8211; Sp\u00fclmaschinengeeignet &#8211; Mikrowellenbest\u00e4ndig nach BS EN 15284:2007 &#8211; Industriesp\u00fclmaschinenbest\u00e4ndig &#8211; H\u00f6he 151mm, \u00d8 63 mm, ca. 360 g &#8211; Fassungsverm\u00f6gen ca. 330 ml Selbstabholung m\u00f6glich. Versand NUR nach Deutchland und &hellip; <a href=\"https:\/\/www.regionalis.shop\/geschenke-macher\/shop\/longdrink-saft-wasser-glas-mit-name-personalisiert\/\">Continued<\/a><\/p>\n","protected":false},"featured_media":1092,"template":"","meta":{"_acf_changed":false},"product_brand":[],"product_cat":[127,103],"product_tag":[],"class_list":{"0":"post-1091","1":"product","2":"type-product","3":"status-publish","4":"has-post-thumbnail","6":"product_cat-essen-trinken","7":"product_cat-wohnen-deko","9":"first","10":"instock","11":"purchasable","12":"product-type-simple"},"acf":[],"_links":{"self":[{"href":"https:\/\/www.regionalis.shop\/geschenke-macher\/wp-json\/wp\/v2\/product\/1091","targetHints":{"allow":["GET"]}}],"collection":[{"href":"https:\/\/www.regionalis.shop\/geschenke-macher\/wp-json\/wp\/v2\/product"}],"about":[{"href":"https:\/\/www.regionalis.shop\/geschenke-macher\/wp-json\/wp\/v2\/types\/product"}],"wp:featuredmedia":[{"embeddable":true,"href":"https:\/\/www.regionalis.shop\/geschenke-macher\/wp-json\/wp\/v2\/media\/1092"}],"wp:attachment":[{"href":"https:\/\/www.regionalis.shop\/geschenke-macher\/wp-json\/wp\/v2\/media?parent=1091"}],"wp:term":[{"taxonomy":"product_brand","embeddable":true,"href":"https:\/\/www.regionalis.shop\/geschenke-macher\/wp-json\/wp\/v2\/product_brand?post=1091"},{"taxonomy":"product_cat","embeddable":true,"href":"https:\/\/www.regionalis.shop\/geschenke-macher\/wp-json\/wp\/v2\/product_cat?post=1091"},{"taxonomy":"product_tag","embeddable":true,"href":"https:\/\/www.regionalis.shop\/geschenke-macher\/wp-json\/wp\/v2\/product_tag?post=1091"}],"curies":[{"name":"wp","href":"https:\/\/api.w.org\/{rel}","templated":true}]}}