{"id":1100,"date":"2025-04-18T05:14:01","date_gmt":"2025-04-18T03:14:01","guid":{"rendered":"https:\/\/www.regionalis.shop\/geschenke-macher\/product\/lasst-das-spiel-beginnen-fussmatte\/"},"modified":"2025-04-18T05:14:01","modified_gmt":"2025-04-18T03:14:01","slug":"lasst-das-spiel-beginnen-fussmatte","status":"publish","type":"product","link":"https:\/\/www.regionalis.shop\/geschenke-macher\/shop\/lasst-das-spiel-beginnen-fussmatte\/","title":{"rendered":"Lasst das Spiel beginnen Fu\u00dfmatte"},"content":{"rendered":"<p>Lasst das Spiel beginnen Fu\u00dfmatte<br \/>\nSpielmatte Spielteppich W\u00fcrfelunterlage<\/p>\n<p>Eine Fu\u00dfmatte ist schon lange nicht mehr &#8222;nur&#8220; ein Gebrauchsgegenstand.<br \/>\nDiese Fu\u00dfmatte kann man auch auf den Tisch legen zum Spielen mit Familie, Freunden oder Kollegen.<\/p>\n<p>Eine Fu\u00dfmatte kann zu den verschiedensten Anl\u00e4ssen auch das perfekte Geschenk sein.<\/p>\n<p>Auch f\u00fcr Unternehmen sind Fu\u00dfmatten etwas tolles, sie k\u00f6nnen damit alle Besucher begr\u00fc\u00dfen, aber auch beispielswei\u00dfe als Hinweisschilder dienen.<br \/>\nAuf Fu\u00dfmatten k\u00f6nnen Texte, Motive, Fotos und auch Logos gedruckt werden &#8211; so gibt es eine gro\u00dfe Vielfalt an M\u00f6glichkeiten.<\/p>\n<p>Gr\u00f6sse 40x60cm<\/p>\n<p>R\u00fcckseite rutschfest &#8211; mit Gummirand<\/p>\n<p>Zertifizierung: Entspricht REACH Verordnung (EG) Nr. 1907\/2006<\/p>\n","protected":false},"excerpt":{"rendered":"<p>Lasst das Spiel beginnen Fu\u00dfmatte Spielmatte Spielteppich W\u00fcrfelunterlage Eine Fu\u00dfmatte ist schon lange nicht mehr &#8222;nur&#8220; ein Gebrauchsgegenstand. Diese Fu\u00dfmatte kann man auch auf den Tisch legen zum Spielen mit Familie, Freunden oder Kollegen. Eine Fu\u00dfmatte kann zu den verschiedensten Anl\u00e4ssen auch das perfekte Geschenk sein. Auch f\u00fcr Unternehmen sind Fu\u00dfmatten etwas tolles, sie k\u00f6nnen &hellip; <a href=\"https:\/\/www.regionalis.shop\/geschenke-macher\/shop\/lasst-das-spiel-beginnen-fussmatte\/\">Continued<\/a><\/p>\n","protected":false},"featured_media":1101,"template":"","meta":{"_acf_changed":false},"product_brand":[],"product_cat":[174,103],"product_tag":[],"class_list":{"0":"post-1100","1":"product","2":"type-product","3":"status-publish","4":"has-post-thumbnail","6":"product_cat-wohndekoration","7":"product_cat-wohnen-deko","9":"first","10":"instock","11":"purchasable","12":"product-type-simple"},"acf":[],"_links":{"self":[{"href":"https:\/\/www.regionalis.shop\/geschenke-macher\/wp-json\/wp\/v2\/product\/1100","targetHints":{"allow":["GET"]}}],"collection":[{"href":"https:\/\/www.regionalis.shop\/geschenke-macher\/wp-json\/wp\/v2\/product"}],"about":[{"href":"https:\/\/www.regionalis.shop\/geschenke-macher\/wp-json\/wp\/v2\/types\/product"}],"wp:featuredmedia":[{"embeddable":true,"href":"https:\/\/www.regionalis.shop\/geschenke-macher\/wp-json\/wp\/v2\/media\/1101"}],"wp:attachment":[{"href":"https:\/\/www.regionalis.shop\/geschenke-macher\/wp-json\/wp\/v2\/media?parent=1100"}],"wp:term":[{"taxonomy":"product_brand","embeddable":true,"href":"https:\/\/www.regionalis.shop\/geschenke-macher\/wp-json\/wp\/v2\/product_brand?post=1100"},{"taxonomy":"product_cat","embeddable":true,"href":"https:\/\/www.regionalis.shop\/geschenke-macher\/wp-json\/wp\/v2\/product_cat?post=1100"},{"taxonomy":"product_tag","embeddable":true,"href":"https:\/\/www.regionalis.shop\/geschenke-macher\/wp-json\/wp\/v2\/product_tag?post=1100"}],"curies":[{"name":"wp","href":"https:\/\/api.w.org\/{rel}","templated":true}]}}