{"id":1104,"date":"2025-04-18T04:26:43","date_gmt":"2025-04-18T02:26:43","guid":{"rendered":"https:\/\/www.regionalis.shop\/geschenke-macher\/product\/oesterreich-adler-auf-40x40cm-kissen-mit-fuellung\/"},"modified":"2025-04-18T04:26:43","modified_gmt":"2025-04-18T02:26:43","slug":"oesterreich-adler-auf-40x40cm-kissen-mit-fuellung","status":"publish","type":"product","link":"https:\/\/www.regionalis.shop\/geschenke-macher\/shop\/oesterreich-adler-auf-40x40cm-kissen-mit-fuellung\/","title":{"rendered":"\u00d6sterreich Adler auf 40x40cm Kissen mit F\u00fcllung"},"content":{"rendered":"<p>\u00d6sterreich Adler auf 40x40cm Kissen mit F\u00fcllung<\/p>\n<p>Egal, ob f\u00fcr das Wohnzimmer, das Schlafzimmer oder das Kinderzimmer oder auch im Auto oder LKW: Kissen sind weich, bequem, gem\u00fctlich und immer ein Hingucker. Kissen sind kuschelig, weiche Begleiter egal ob am Tag oder in der Nacht. Ob als Couchkissen oder gem\u00fctlich im Fernsehsessel, im Bett oder auf der R\u00fcckbank oder in der Fahrerkabine &#8211; bei uns findest du f\u00fcr jeden Einsatzbereich das passende Motiv.<\/p>\n<p>Satiniertes Kissen mit Rei\u00dfverschluss inkl. F\u00fcllung<br \/>\nGr\u00f6\u00dfe: 40x40cm<br \/>\nMaterial: 100% Polyester<\/p>\n<p>Liebevoll gestaltet und bedruckt von www.geschenke-macher.at in \u00d6sterreich<\/p>\n","protected":false},"excerpt":{"rendered":"<p>\u00d6sterreich Adler auf 40x40cm Kissen mit F\u00fcllung Egal, ob f\u00fcr das Wohnzimmer, das Schlafzimmer oder das Kinderzimmer oder auch im Auto oder LKW: Kissen sind weich, bequem, gem\u00fctlich und immer ein Hingucker. Kissen sind kuschelig, weiche Begleiter egal ob am Tag oder in der Nacht. Ob als Couchkissen oder gem\u00fctlich im Fernsehsessel, im Bett oder &hellip; <a href=\"https:\/\/www.regionalis.shop\/geschenke-macher\/shop\/oesterreich-adler-auf-40x40cm-kissen-mit-fuellung\/\">Continued<\/a><\/p>\n","protected":false},"featured_media":1105,"template":"","meta":{"_acf_changed":false},"product_brand":[],"product_cat":[174,103],"product_tag":[],"class_list":{"0":"post-1104","1":"product","2":"type-product","3":"status-publish","4":"has-post-thumbnail","6":"product_cat-wohndekoration","7":"product_cat-wohnen-deko","9":"first","10":"instock","11":"purchasable","12":"product-type-simple"},"acf":[],"_links":{"self":[{"href":"https:\/\/www.regionalis.shop\/geschenke-macher\/wp-json\/wp\/v2\/product\/1104","targetHints":{"allow":["GET"]}}],"collection":[{"href":"https:\/\/www.regionalis.shop\/geschenke-macher\/wp-json\/wp\/v2\/product"}],"about":[{"href":"https:\/\/www.regionalis.shop\/geschenke-macher\/wp-json\/wp\/v2\/types\/product"}],"wp:featuredmedia":[{"embeddable":true,"href":"https:\/\/www.regionalis.shop\/geschenke-macher\/wp-json\/wp\/v2\/media\/1105"}],"wp:attachment":[{"href":"https:\/\/www.regionalis.shop\/geschenke-macher\/wp-json\/wp\/v2\/media?parent=1104"}],"wp:term":[{"taxonomy":"product_brand","embeddable":true,"href":"https:\/\/www.regionalis.shop\/geschenke-macher\/wp-json\/wp\/v2\/product_brand?post=1104"},{"taxonomy":"product_cat","embeddable":true,"href":"https:\/\/www.regionalis.shop\/geschenke-macher\/wp-json\/wp\/v2\/product_cat?post=1104"},{"taxonomy":"product_tag","embeddable":true,"href":"https:\/\/www.regionalis.shop\/geschenke-macher\/wp-json\/wp\/v2\/product_tag?post=1104"}],"curies":[{"name":"wp","href":"https:\/\/api.w.org\/{rel}","templated":true}]}}