{"id":1106,"date":"2025-04-18T04:15:47","date_gmt":"2025-04-18T02:15:47","guid":{"rendered":"https:\/\/www.regionalis.shop\/geschenke-macher\/product\/handmade-holzbox-personalisiert-mit-lasergravur\/"},"modified":"2025-04-18T04:15:47","modified_gmt":"2025-04-18T02:15:47","slug":"handmade-holzbox-personalisiert-mit-lasergravur","status":"publish","type":"product","link":"https:\/\/www.regionalis.shop\/geschenke-macher\/shop\/handmade-holzbox-personalisiert-mit-lasergravur\/","title":{"rendered":"handmade Holzbox personalisiert mit Lasergravur"},"content":{"rendered":"<p>handmade Geburt Holzbox personalisiert mit Lasergravur 135 x 235 x 75mm<\/p>\n<p>Mit Lasergravur veredelte handgefertigte, geleimte und genagelte Holzbox<br \/>\naus Fichte mit Schiebedeckel aus Pappelsperrholz<\/p>\n<p>personalisiert mit Name und Geburtsdaten des Kindes<\/p>\n<p>Masse: 135x235x75mm<\/p>\n<p>Die Daten in das Feld Personlisierung eintragen. Bitte auf die richtige Schreibweise achten, denn es wird graviert was eingetragen wird.<\/p>\n<p>Diese Holzbox ist ein sch\u00f6nes Geschenk f\u00fcr alle Eltern, Kinder, zum aufbewahren der Erinnerungsst\u00fccke, Fotos uvm.<\/p>\n","protected":false},"excerpt":{"rendered":"<p>handmade Geburt Holzbox personalisiert mit Lasergravur 135 x 235 x 75mm Mit Lasergravur veredelte handgefertigte, geleimte und genagelte Holzbox aus Fichte mit Schiebedeckel aus Pappelsperrholz personalisiert mit Name und Geburtsdaten des Kindes Masse: 135x235x75mm Die Daten in das Feld Personlisierung eintragen. Bitte auf die richtige Schreibweise achten, denn es wird graviert was eingetragen wird. Diese &hellip; <a href=\"https:\/\/www.regionalis.shop\/geschenke-macher\/shop\/handmade-holzbox-personalisiert-mit-lasergravur\/\">Continued<\/a><\/p>\n","protected":false},"featured_media":1107,"template":"","meta":{"_acf_changed":false},"product_brand":[],"product_cat":[172,103],"product_tag":[],"class_list":{"0":"post-1106","1":"product","2":"type-product","3":"status-publish","4":"has-post-thumbnail","6":"product_cat-verpacken-verstauen","7":"product_cat-wohnen-deko","9":"first","10":"instock","11":"purchasable","12":"product-type-simple"},"acf":[],"_links":{"self":[{"href":"https:\/\/www.regionalis.shop\/geschenke-macher\/wp-json\/wp\/v2\/product\/1106","targetHints":{"allow":["GET"]}}],"collection":[{"href":"https:\/\/www.regionalis.shop\/geschenke-macher\/wp-json\/wp\/v2\/product"}],"about":[{"href":"https:\/\/www.regionalis.shop\/geschenke-macher\/wp-json\/wp\/v2\/types\/product"}],"wp:featuredmedia":[{"embeddable":true,"href":"https:\/\/www.regionalis.shop\/geschenke-macher\/wp-json\/wp\/v2\/media\/1107"}],"wp:attachment":[{"href":"https:\/\/www.regionalis.shop\/geschenke-macher\/wp-json\/wp\/v2\/media?parent=1106"}],"wp:term":[{"taxonomy":"product_brand","embeddable":true,"href":"https:\/\/www.regionalis.shop\/geschenke-macher\/wp-json\/wp\/v2\/product_brand?post=1106"},{"taxonomy":"product_cat","embeddable":true,"href":"https:\/\/www.regionalis.shop\/geschenke-macher\/wp-json\/wp\/v2\/product_cat?post=1106"},{"taxonomy":"product_tag","embeddable":true,"href":"https:\/\/www.regionalis.shop\/geschenke-macher\/wp-json\/wp\/v2\/product_tag?post=1106"}],"curies":[{"name":"wp","href":"https:\/\/api.w.org\/{rel}","templated":true}]}}