{"id":1120,"date":"2025-04-18T04:15:20","date_gmt":"2025-04-18T02:15:20","guid":{"rendered":"https:\/\/www.regionalis.shop\/geschenke-macher\/product\/hinfallen-aufstehen-krone-richten-weitergehen-tasse\/"},"modified":"2025-04-18T04:15:20","modified_gmt":"2025-04-18T02:15:20","slug":"hinfallen-aufstehen-krone-richten-weitergehen-tasse","status":"publish","type":"product","link":"https:\/\/www.regionalis.shop\/geschenke-macher\/shop\/hinfallen-aufstehen-krone-richten-weitergehen-tasse\/","title":{"rendered":"Hinfallen, Aufstehen, Krone richten, weitergehen &#8211; Tasse"},"content":{"rendered":"<p>Hinfallen, Aufstehen, Krone richten, weitergehen &#8211; Tasse<\/p>\n<p>Keramiktasse 11oz<br \/>\n Hochwertige Keramiktasse mit C-f\u00f6rmigem Henkel<br \/>\n Hochwei\u00df, Gl\u00e4nzende Oberfl\u00e4che<br \/>\n Fotodruck von h\u00f6chster Qualit\u00e4t<br \/>\n Sp\u00fclmaschinengeeignet<br \/>\n Mikrowellenbest\u00e4ndig nach BS EN 15284:2007<br \/>\n Industriesp\u00fclmaschinenbest\u00e4ndig<br \/>\n H\u00f6he 96 mm, \u00d8 80 mm, ca. 360 g<br \/>\n Fassungsverm\u00f6gen ca. 330 ml<\/p>\n<p>Liebevoll gestaltet und bedruckt von www.geschenke-macher.de in \u00d6sterreich<\/p>\n","protected":false},"excerpt":{"rendered":"<p>Hinfallen, Aufstehen, Krone richten, weitergehen &#8211; Tasse Keramiktasse 11oz Hochwertige Keramiktasse mit C-f\u00f6rmigem Henkel Hochwei\u00df, Gl\u00e4nzende Oberfl\u00e4che Fotodruck von h\u00f6chster Qualit\u00e4t Sp\u00fclmaschinengeeignet Mikrowellenbest\u00e4ndig nach BS EN 15284:2007 Industriesp\u00fclmaschinenbest\u00e4ndig H\u00f6he 96 mm, \u00d8 80 mm, ca. 360 g Fassungsverm\u00f6gen ca. 330 ml Liebevoll gestaltet und bedruckt von www.geschenke-macher.de in \u00d6sterreich<\/p>\n","protected":false},"featured_media":1121,"template":"","meta":{"_acf_changed":false},"product_brand":[],"product_cat":[127,103],"product_tag":[],"class_list":{"0":"post-1120","1":"product","2":"type-product","3":"status-publish","4":"has-post-thumbnail","6":"product_cat-essen-trinken","7":"product_cat-wohnen-deko","9":"first","10":"instock","11":"purchasable","12":"product-type-simple"},"acf":[],"_links":{"self":[{"href":"https:\/\/www.regionalis.shop\/geschenke-macher\/wp-json\/wp\/v2\/product\/1120","targetHints":{"allow":["GET"]}}],"collection":[{"href":"https:\/\/www.regionalis.shop\/geschenke-macher\/wp-json\/wp\/v2\/product"}],"about":[{"href":"https:\/\/www.regionalis.shop\/geschenke-macher\/wp-json\/wp\/v2\/types\/product"}],"wp:featuredmedia":[{"embeddable":true,"href":"https:\/\/www.regionalis.shop\/geschenke-macher\/wp-json\/wp\/v2\/media\/1121"}],"wp:attachment":[{"href":"https:\/\/www.regionalis.shop\/geschenke-macher\/wp-json\/wp\/v2\/media?parent=1120"}],"wp:term":[{"taxonomy":"product_brand","embeddable":true,"href":"https:\/\/www.regionalis.shop\/geschenke-macher\/wp-json\/wp\/v2\/product_brand?post=1120"},{"taxonomy":"product_cat","embeddable":true,"href":"https:\/\/www.regionalis.shop\/geschenke-macher\/wp-json\/wp\/v2\/product_cat?post=1120"},{"taxonomy":"product_tag","embeddable":true,"href":"https:\/\/www.regionalis.shop\/geschenke-macher\/wp-json\/wp\/v2\/product_tag?post=1120"}],"curies":[{"name":"wp","href":"https:\/\/api.w.org\/{rel}","templated":true}]}}