{"id":1124,"date":"2025-04-18T04:14:45","date_gmt":"2025-04-18T02:14:45","guid":{"rendered":"https:\/\/www.regionalis.shop\/geschenke-macher\/product\/wellness-bedruckte-glasplatte-servierplatte\/"},"modified":"2025-04-18T04:14:45","modified_gmt":"2025-04-18T02:14:45","slug":"wellness-bedruckte-glasplatte-servierplatte","status":"publish","type":"product","link":"https:\/\/www.regionalis.shop\/geschenke-macher\/shop\/wellness-bedruckte-glasplatte-servierplatte\/","title":{"rendered":"Wellness &#8211; bedruckte Glasplatte Servierplatte"},"content":{"rendered":"<p>Sehr sch\u00f6nse bedruckte Glasplatte Servierplatte mit Wellness Motiv<\/p>\n<p>Nicht nur besonders schick, sondern auch ein praktischer Blickfang. In der Hotellerie und Gastronomie ist die bedruckte Glasplatte Servierplatte eine Aufwertung mit Werbewirkung, die die G\u00e4ste zum Staunen bringt. Ein Wohlf\u00fchlerlebnis der besonderen Art.<\/p>\n<p>Es ist ein sch\u00f6nes Geschenk f\u00fcr jung und alt.<\/p>\n<p>Ma\u00dfe: 200x285x4mm<br \/>\nHandsp\u00fclung empfohlen: Ja<br \/>\nInklusive: 4 selbstklebender Gumminoppen<br \/>\nMaterial: Glas<br \/>\nOberfl\u00e4che: Strukturiert<\/p>\n<p>Entspricht REACH Verordnung (EG) Nr. 1907\/2006<\/p>\n<p>Liebevoll gestaltet und bedruckt von www.geschenke-macher.de in \u00d6sterreich<\/p>\n","protected":false},"excerpt":{"rendered":"<p>Sehr sch\u00f6nse bedruckte Glasplatte Servierplatte mit Wellness Motiv Nicht nur besonders schick, sondern auch ein praktischer Blickfang. In der Hotellerie und Gastronomie ist die bedruckte Glasplatte Servierplatte eine Aufwertung mit Werbewirkung, die die G\u00e4ste zum Staunen bringt. Ein Wohlf\u00fchlerlebnis der besonderen Art. Es ist ein sch\u00f6nes Geschenk f\u00fcr jung und alt. Ma\u00dfe: 200x285x4mm Handsp\u00fclung empfohlen: &hellip; <a href=\"https:\/\/www.regionalis.shop\/geschenke-macher\/shop\/wellness-bedruckte-glasplatte-servierplatte\/\">Continued<\/a><\/p>\n","protected":false},"featured_media":1125,"template":"","meta":{"_acf_changed":false},"product_brand":[],"product_cat":[127,103],"product_tag":[],"class_list":{"0":"post-1124","1":"product","2":"type-product","3":"status-publish","4":"has-post-thumbnail","6":"product_cat-essen-trinken","7":"product_cat-wohnen-deko","9":"first","10":"instock","11":"purchasable","12":"product-type-simple"},"acf":[],"_links":{"self":[{"href":"https:\/\/www.regionalis.shop\/geschenke-macher\/wp-json\/wp\/v2\/product\/1124","targetHints":{"allow":["GET"]}}],"collection":[{"href":"https:\/\/www.regionalis.shop\/geschenke-macher\/wp-json\/wp\/v2\/product"}],"about":[{"href":"https:\/\/www.regionalis.shop\/geschenke-macher\/wp-json\/wp\/v2\/types\/product"}],"wp:featuredmedia":[{"embeddable":true,"href":"https:\/\/www.regionalis.shop\/geschenke-macher\/wp-json\/wp\/v2\/media\/1125"}],"wp:attachment":[{"href":"https:\/\/www.regionalis.shop\/geschenke-macher\/wp-json\/wp\/v2\/media?parent=1124"}],"wp:term":[{"taxonomy":"product_brand","embeddable":true,"href":"https:\/\/www.regionalis.shop\/geschenke-macher\/wp-json\/wp\/v2\/product_brand?post=1124"},{"taxonomy":"product_cat","embeddable":true,"href":"https:\/\/www.regionalis.shop\/geschenke-macher\/wp-json\/wp\/v2\/product_cat?post=1124"},{"taxonomy":"product_tag","embeddable":true,"href":"https:\/\/www.regionalis.shop\/geschenke-macher\/wp-json\/wp\/v2\/product_tag?post=1124"}],"curies":[{"name":"wp","href":"https:\/\/api.w.org\/{rel}","templated":true}]}}