{"id":1126,"date":"2025-04-18T04:14:45","date_gmt":"2025-04-18T02:14:45","guid":{"rendered":"https:\/\/www.regionalis.shop\/geschenke-macher\/product\/zippo-chrome-gebuerstet-graviert-mit-limited-edition-und-name-lasergravur\/"},"modified":"2025-04-18T04:14:45","modified_gmt":"2025-04-18T02:14:45","slug":"zippo-chrome-gebuerstet-graviert-mit-limited-edition-und-name-lasergravur","status":"publish","type":"product","link":"https:\/\/www.regionalis.shop\/geschenke-macher\/shop\/zippo-chrome-gebuerstet-graviert-mit-limited-edition-und-name-lasergravur\/","title":{"rendered":"Zippo chrome geb\u00fcrstet graviert mit Limited Edition und Name Lasergravur"},"content":{"rendered":"<p>Zippo chrome geb\u00fcrstet mit Gravur Limited Edition Name und Jahrgang<\/p>\n<p>Einzigartig, denn der Name wird links an der Seite des Zippos graviert.<br \/>\nBitte teilen Sie uns die Angaben f\u00fcr die Gravur nach dem Kauf per Mail mit.<\/p>\n<p>Original Zippo Feuerzeug. Zippo Feuerzeuge werden immer unbef\u00fcllt verschickt und m\u00fcssen vor Gebrauch erst mit Zippo Benzin bef\u00fcllt werden.<\/p>\n<p>Geeignet auch als Geschenk oder Mitbringsel oder zum Eigengebrauch.<\/p>\n<p>Liebevoll gestaltet und graviert von www.geschenke-macher.at in \u00d6sterreich<\/p>\n","protected":false},"excerpt":{"rendered":"<p>Zippo chrome geb\u00fcrstet mit Gravur Limited Edition Name und Jahrgang Einzigartig, denn der Name wird links an der Seite des Zippos graviert. Bitte teilen Sie uns die Angaben f\u00fcr die Gravur nach dem Kauf per Mail mit. Original Zippo Feuerzeug. Zippo Feuerzeuge werden immer unbef\u00fcllt verschickt und m\u00fcssen vor Gebrauch erst mit Zippo Benzin bef\u00fcllt &hellip; <a href=\"https:\/\/www.regionalis.shop\/geschenke-macher\/shop\/zippo-chrome-gebuerstet-graviert-mit-limited-edition-und-name-lasergravur\/\">Continued<\/a><\/p>\n","protected":false},"featured_media":1127,"template":"","meta":{"_acf_changed":false},"product_brand":[],"product_cat":[37,82],"product_tag":[],"class_list":{"0":"post-1126","1":"product","2":"type-product","3":"status-publish","4":"has-post-thumbnail","6":"product_cat-accessoires","7":"product_cat-sonstiges-accessoires","9":"first","10":"instock","11":"purchasable","12":"product-type-simple"},"acf":[],"_links":{"self":[{"href":"https:\/\/www.regionalis.shop\/geschenke-macher\/wp-json\/wp\/v2\/product\/1126","targetHints":{"allow":["GET"]}}],"collection":[{"href":"https:\/\/www.regionalis.shop\/geschenke-macher\/wp-json\/wp\/v2\/product"}],"about":[{"href":"https:\/\/www.regionalis.shop\/geschenke-macher\/wp-json\/wp\/v2\/types\/product"}],"wp:featuredmedia":[{"embeddable":true,"href":"https:\/\/www.regionalis.shop\/geschenke-macher\/wp-json\/wp\/v2\/media\/1127"}],"wp:attachment":[{"href":"https:\/\/www.regionalis.shop\/geschenke-macher\/wp-json\/wp\/v2\/media?parent=1126"}],"wp:term":[{"taxonomy":"product_brand","embeddable":true,"href":"https:\/\/www.regionalis.shop\/geschenke-macher\/wp-json\/wp\/v2\/product_brand?post=1126"},{"taxonomy":"product_cat","embeddable":true,"href":"https:\/\/www.regionalis.shop\/geschenke-macher\/wp-json\/wp\/v2\/product_cat?post=1126"},{"taxonomy":"product_tag","embeddable":true,"href":"https:\/\/www.regionalis.shop\/geschenke-macher\/wp-json\/wp\/v2\/product_tag?post=1126"}],"curies":[{"name":"wp","href":"https:\/\/api.w.org\/{rel}","templated":true}]}}