{"id":1133,"date":"2025-04-18T03:39:05","date_gmt":"2025-04-18T01:39:05","guid":{"rendered":"https:\/\/www.regionalis.shop\/geschenke-macher\/product\/leuchtturm-graviert-auf-taschenaschenbecher\/"},"modified":"2025-04-18T03:39:05","modified_gmt":"2025-04-18T01:39:05","slug":"leuchtturm-graviert-auf-taschenaschenbecher","status":"publish","type":"product","link":"https:\/\/www.regionalis.shop\/geschenke-macher\/shop\/leuchtturm-graviert-auf-taschenaschenbecher\/","title":{"rendered":"Leuchtturm graviert auf Taschenaschenbecher"},"content":{"rendered":"<p>Leuchtturm graviert auf Taschenaschenbecher<\/p>\n<p>Taschenaschenbecher ein treuer Begleiter mit Lasergravur.<br \/>\nMasse:  6x5x1,8cm<\/p>\n<p>Dieser Aschenbecher passt perfekt in Handtaschen, Jackets, Jacken oder auch in die Hosentasche. Da der Taschenaschenbecher sehr gut schlie\u00dft und dicht ist bleibt die Asche  eingeschlossen.<\/p>\n<p>Ideal f\u00fcr unterwegs und Sie k\u00f6nnen dadurch auch einen Teil zum Umweltschutz betragen, da die Kippen versorgt und nicht achtlos zu Boden geschmissen werden.<\/p>\n<p>Geeignet auch als Geschenk oder Mitbringsel oder zum Eigengebrauch.<\/p>\n<p>Liebevoll gestaltet und graviert von www.geschenke-macher.at in \u00d6sterreich<\/p>\n","protected":false},"excerpt":{"rendered":"<p>Leuchtturm graviert auf Taschenaschenbecher Taschenaschenbecher ein treuer Begleiter mit Lasergravur. Masse: 6x5x1,8cm Dieser Aschenbecher passt perfekt in Handtaschen, Jackets, Jacken oder auch in die Hosentasche. Da der Taschenaschenbecher sehr gut schlie\u00dft und dicht ist bleibt die Asche eingeschlossen. Ideal f\u00fcr unterwegs und Sie k\u00f6nnen dadurch auch einen Teil zum Umweltschutz betragen, da die Kippen versorgt &hellip; <a href=\"https:\/\/www.regionalis.shop\/geschenke-macher\/shop\/leuchtturm-graviert-auf-taschenaschenbecher\/\">Continued<\/a><\/p>\n","protected":false},"featured_media":1134,"template":"","meta":{"_acf_changed":false},"product_brand":[],"product_cat":[37,82],"product_tag":[],"class_list":{"0":"post-1133","1":"product","2":"type-product","3":"status-publish","4":"has-post-thumbnail","6":"product_cat-accessoires","7":"product_cat-sonstiges-accessoires","9":"first","10":"instock","11":"purchasable","12":"product-type-simple"},"acf":[],"_links":{"self":[{"href":"https:\/\/www.regionalis.shop\/geschenke-macher\/wp-json\/wp\/v2\/product\/1133","targetHints":{"allow":["GET"]}}],"collection":[{"href":"https:\/\/www.regionalis.shop\/geschenke-macher\/wp-json\/wp\/v2\/product"}],"about":[{"href":"https:\/\/www.regionalis.shop\/geschenke-macher\/wp-json\/wp\/v2\/types\/product"}],"wp:featuredmedia":[{"embeddable":true,"href":"https:\/\/www.regionalis.shop\/geschenke-macher\/wp-json\/wp\/v2\/media\/1134"}],"wp:attachment":[{"href":"https:\/\/www.regionalis.shop\/geschenke-macher\/wp-json\/wp\/v2\/media?parent=1133"}],"wp:term":[{"taxonomy":"product_brand","embeddable":true,"href":"https:\/\/www.regionalis.shop\/geschenke-macher\/wp-json\/wp\/v2\/product_brand?post=1133"},{"taxonomy":"product_cat","embeddable":true,"href":"https:\/\/www.regionalis.shop\/geschenke-macher\/wp-json\/wp\/v2\/product_cat?post=1133"},{"taxonomy":"product_tag","embeddable":true,"href":"https:\/\/www.regionalis.shop\/geschenke-macher\/wp-json\/wp\/v2\/product_tag?post=1133"}],"curies":[{"name":"wp","href":"https:\/\/api.w.org\/{rel}","templated":true}]}}