{"id":1140,"date":"2025-04-18T03:39:05","date_gmt":"2025-04-18T01:39:05","guid":{"rendered":"https:\/\/www.regionalis.shop\/geschenke-macher\/product\/schiefer-hausnummer-30x10x07cm-graviert-personalisierbar\/"},"modified":"2025-04-18T03:39:05","modified_gmt":"2025-04-18T01:39:05","slug":"schiefer-hausnummer-30x10x07cm-graviert-personalisierbar","status":"publish","type":"product","link":"https:\/\/www.regionalis.shop\/geschenke-macher\/shop\/schiefer-hausnummer-30x10x07cm-graviert-personalisierbar\/","title":{"rendered":"Schiefer Hausnummer 30x10x0,7cm graviert personalisierbar"},"content":{"rendered":"<p>Schiefer Hausnummer 30x10x0,7cm graviert personalisierbar<\/p>\n<p>Bitte unter &#8222;Personalisierung&#8220; in die 1. Zeile &#8222;Familie Nachname&#8220; und in der 2. Zeile die Stra\u00dfe und Hausnummer eintragen.<\/p>\n<p>Ein sch\u00f6nes Geschenk oder Mitbringsel oder f\u00fcr sich selber.<br \/>\nF\u00fcr Famile, Freunde, Bekannte, Verwandte, Kunden, als Geschenk zum Einzug ins neue Eigenheim, Hochzeitsgeschenk, f\u00fcr jeden Anlass.<\/p>\n<p>Schiefer ist ein Naturprodukt und jede Schiefertafel ist von Farbe und Struktur anders.<\/p>\n<p>Liebevoll gestaltet und graviert von www.geschenke-macher.de in \u00d6sterreich<\/p>\n","protected":false},"excerpt":{"rendered":"<p>Schiefer Hausnummer 30x10x0,7cm graviert personalisierbar Bitte unter &#8222;Personalisierung&#8220; in die 1. Zeile &#8222;Familie Nachname&#8220; und in der 2. Zeile die Stra\u00dfe und Hausnummer eintragen. Ein sch\u00f6nes Geschenk oder Mitbringsel oder f\u00fcr sich selber. F\u00fcr Famile, Freunde, Bekannte, Verwandte, Kunden, als Geschenk zum Einzug ins neue Eigenheim, Hochzeitsgeschenk, f\u00fcr jeden Anlass. Schiefer ist ein Naturprodukt und &hellip; <a href=\"https:\/\/www.regionalis.shop\/geschenke-macher\/shop\/schiefer-hausnummer-30x10x07cm-graviert-personalisierbar\/\">Continued<\/a><\/p>\n","protected":false},"featured_media":1141,"template":"","meta":{"_acf_changed":false},"product_brand":[],"product_cat":[174,103],"product_tag":[],"class_list":{"0":"post-1140","1":"product","2":"type-product","3":"status-publish","4":"has-post-thumbnail","6":"product_cat-wohndekoration","7":"product_cat-wohnen-deko","9":"first","10":"instock","11":"purchasable","12":"product-type-simple"},"acf":[],"_links":{"self":[{"href":"https:\/\/www.regionalis.shop\/geschenke-macher\/wp-json\/wp\/v2\/product\/1140","targetHints":{"allow":["GET"]}}],"collection":[{"href":"https:\/\/www.regionalis.shop\/geschenke-macher\/wp-json\/wp\/v2\/product"}],"about":[{"href":"https:\/\/www.regionalis.shop\/geschenke-macher\/wp-json\/wp\/v2\/types\/product"}],"wp:featuredmedia":[{"embeddable":true,"href":"https:\/\/www.regionalis.shop\/geschenke-macher\/wp-json\/wp\/v2\/media\/1141"}],"wp:attachment":[{"href":"https:\/\/www.regionalis.shop\/geschenke-macher\/wp-json\/wp\/v2\/media?parent=1140"}],"wp:term":[{"taxonomy":"product_brand","embeddable":true,"href":"https:\/\/www.regionalis.shop\/geschenke-macher\/wp-json\/wp\/v2\/product_brand?post=1140"},{"taxonomy":"product_cat","embeddable":true,"href":"https:\/\/www.regionalis.shop\/geschenke-macher\/wp-json\/wp\/v2\/product_cat?post=1140"},{"taxonomy":"product_tag","embeddable":true,"href":"https:\/\/www.regionalis.shop\/geschenke-macher\/wp-json\/wp\/v2\/product_tag?post=1140"}],"curies":[{"name":"wp","href":"https:\/\/api.w.org\/{rel}","templated":true}]}}