{"id":1147,"date":"2025-04-18T03:37:57","date_gmt":"2025-04-18T01:37:57","guid":{"rendered":"https:\/\/www.regionalis.shop\/geschenke-macher\/product\/zigarettenetui-happy-mama-kussmund-und-mit-name-personalisierbar\/"},"modified":"2025-04-18T03:37:57","modified_gmt":"2025-04-18T01:37:57","slug":"zigarettenetui-happy-mama-kussmund-und-mit-name-personalisierbar","status":"publish","type":"product","link":"https:\/\/www.regionalis.shop\/geschenke-macher\/shop\/zigarettenetui-happy-mama-kussmund-und-mit-name-personalisierbar\/","title":{"rendered":"Zigarettenetui Happy Mama Ku\u00dfmund und mit Name personalisierbar"},"content":{"rendered":"<p>Zigarettenetui Happy Mama Ku\u00dfmund und mit Name personalisierbar.<\/p>\n<p>Bitte teilen Sie uns den Namen f\u00fcr die Gravur nach dem Kauf per Mail mit.<\/p>\n<p>Zigarettenetui mit Klammern f\u00fcr ca. 18 Zigaretten mit Lasergravur<\/p>\n<p>Dieses Zigarettenetui passt perfekt in Handtaschen, Jackets, Jacken oder auch in die Hosentasche.<br \/>\nGeeignet auch als Geschenk oder Mitbringsel oder zum Eigengebrauch.<\/p>\n<p>Liebevoll gestaltet und graviert von www.geschenke-macher.at in \u00d6sterreich<\/p>\n","protected":false},"excerpt":{"rendered":"<p>Zigarettenetui Happy Mama Ku\u00dfmund und mit Name personalisierbar. Bitte teilen Sie uns den Namen f\u00fcr die Gravur nach dem Kauf per Mail mit. Zigarettenetui mit Klammern f\u00fcr ca. 18 Zigaretten mit Lasergravur Dieses Zigarettenetui passt perfekt in Handtaschen, Jackets, Jacken oder auch in die Hosentasche. Geeignet auch als Geschenk oder Mitbringsel oder zum Eigengebrauch. Liebevoll &hellip; <a href=\"https:\/\/www.regionalis.shop\/geschenke-macher\/shop\/zigarettenetui-happy-mama-kussmund-und-mit-name-personalisierbar\/\">Continued<\/a><\/p>\n","protected":false},"featured_media":1148,"template":"","meta":{"_acf_changed":false},"product_brand":[],"product_cat":[37,82],"product_tag":[],"class_list":{"0":"post-1147","1":"product","2":"type-product","3":"status-publish","4":"has-post-thumbnail","6":"product_cat-accessoires","7":"product_cat-sonstiges-accessoires","9":"first","10":"instock","11":"purchasable","12":"product-type-simple"},"acf":[],"_links":{"self":[{"href":"https:\/\/www.regionalis.shop\/geschenke-macher\/wp-json\/wp\/v2\/product\/1147","targetHints":{"allow":["GET"]}}],"collection":[{"href":"https:\/\/www.regionalis.shop\/geschenke-macher\/wp-json\/wp\/v2\/product"}],"about":[{"href":"https:\/\/www.regionalis.shop\/geschenke-macher\/wp-json\/wp\/v2\/types\/product"}],"wp:featuredmedia":[{"embeddable":true,"href":"https:\/\/www.regionalis.shop\/geschenke-macher\/wp-json\/wp\/v2\/media\/1148"}],"wp:attachment":[{"href":"https:\/\/www.regionalis.shop\/geschenke-macher\/wp-json\/wp\/v2\/media?parent=1147"}],"wp:term":[{"taxonomy":"product_brand","embeddable":true,"href":"https:\/\/www.regionalis.shop\/geschenke-macher\/wp-json\/wp\/v2\/product_brand?post=1147"},{"taxonomy":"product_cat","embeddable":true,"href":"https:\/\/www.regionalis.shop\/geschenke-macher\/wp-json\/wp\/v2\/product_cat?post=1147"},{"taxonomy":"product_tag","embeddable":true,"href":"https:\/\/www.regionalis.shop\/geschenke-macher\/wp-json\/wp\/v2\/product_tag?post=1147"}],"curies":[{"name":"wp","href":"https:\/\/api.w.org\/{rel}","templated":true}]}}