{"id":1155,"date":"2025-04-18T03:37:57","date_gmt":"2025-04-18T01:37:57","guid":{"rendered":"https:\/\/www.regionalis.shop\/geschenke-macher\/product\/10-stueck-cosmo-kugelschreiber-mit-lasergravur\/"},"modified":"2025-04-18T03:37:57","modified_gmt":"2025-04-18T01:37:57","slug":"10-stueck-cosmo-kugelschreiber-mit-lasergravur","status":"publish","type":"product","link":"https:\/\/www.regionalis.shop\/geschenke-macher\/shop\/10-stueck-cosmo-kugelschreiber-mit-lasergravur\/","title":{"rendered":"10 St\u00fcck Cosmo Kugelschreiber mit Lasergravur"},"content":{"rendered":"<p>Metall-Kugeslchreiber mit Lasergravur<\/p>\n<p>Motivierende Spr\u00fcche auf Cosmo Kugelschreiber.<br \/>\nSehr gut geeigenet auch als Gastgeschenk f\u00fcr Hochzeit, Geburtstag, Jubli\u00e4um, zum Abschied, f\u00fcr jeden Anlass.<br \/>\nBlauschreibende Gro\u00dfraummine und die Kugelschreiber sind aus Aluminium.<\/p>\n<p>Menge: 10 St\u00fcck<\/p>\n<p>Selbstabholung m\u00f6glich.<br \/>\nVersand NUR nach Deutschland und \u00d6sterreich.<\/p>\n","protected":false},"excerpt":{"rendered":"<p>Metall-Kugeslchreiber mit Lasergravur Motivierende Spr\u00fcche auf Cosmo Kugelschreiber. Sehr gut geeigenet auch als Gastgeschenk f\u00fcr Hochzeit, Geburtstag, Jubli\u00e4um, zum Abschied, f\u00fcr jeden Anlass. Blauschreibende Gro\u00dfraummine und die Kugelschreiber sind aus Aluminium. Menge: 10 St\u00fcck Selbstabholung m\u00f6glich. Versand NUR nach Deutschland und \u00d6sterreich.<\/p>\n","protected":false},"featured_media":1156,"template":"","meta":{"_acf_changed":false},"product_brand":[],"product_cat":[62,72],"product_tag":[],"class_list":{"0":"post-1155","1":"product","2":"type-product","3":"status-publish","4":"has-post-thumbnail","6":"product_cat-papeterie-schreibwaren","7":"product_cat-schreibwaren","9":"first","10":"instock","11":"purchasable","12":"product-type-simple"},"acf":[],"_links":{"self":[{"href":"https:\/\/www.regionalis.shop\/geschenke-macher\/wp-json\/wp\/v2\/product\/1155","targetHints":{"allow":["GET"]}}],"collection":[{"href":"https:\/\/www.regionalis.shop\/geschenke-macher\/wp-json\/wp\/v2\/product"}],"about":[{"href":"https:\/\/www.regionalis.shop\/geschenke-macher\/wp-json\/wp\/v2\/types\/product"}],"wp:featuredmedia":[{"embeddable":true,"href":"https:\/\/www.regionalis.shop\/geschenke-macher\/wp-json\/wp\/v2\/media\/1156"}],"wp:attachment":[{"href":"https:\/\/www.regionalis.shop\/geschenke-macher\/wp-json\/wp\/v2\/media?parent=1155"}],"wp:term":[{"taxonomy":"product_brand","embeddable":true,"href":"https:\/\/www.regionalis.shop\/geschenke-macher\/wp-json\/wp\/v2\/product_brand?post=1155"},{"taxonomy":"product_cat","embeddable":true,"href":"https:\/\/www.regionalis.shop\/geschenke-macher\/wp-json\/wp\/v2\/product_cat?post=1155"},{"taxonomy":"product_tag","embeddable":true,"href":"https:\/\/www.regionalis.shop\/geschenke-macher\/wp-json\/wp\/v2\/product_tag?post=1155"}],"curies":[{"name":"wp","href":"https:\/\/api.w.org\/{rel}","templated":true}]}}