{"id":1159,"date":"2025-04-18T03:37:57","date_gmt":"2025-04-18T01:37:57","guid":{"rendered":"https:\/\/www.regionalis.shop\/geschenke-macher\/product\/fussmatte-wilkommen-bei-personalisiert-40x60cm\/"},"modified":"2025-04-18T03:37:57","modified_gmt":"2025-04-18T01:37:57","slug":"fussmatte-wilkommen-bei-personalisiert-40x60cm","status":"publish","type":"product","link":"https:\/\/www.regionalis.shop\/geschenke-macher\/shop\/fussmatte-wilkommen-bei-personalisiert-40x60cm\/","title":{"rendered":"Fu\u00dfmatte Wilkommen bei personalisiert 40x60cm"},"content":{"rendered":"<p>Eine Fu\u00dfmatte ist schon lange nicht mehr &#8222;nur&#8220; ein gebrauchsgegenstand. Eine Fu\u00dfmatte ist ein Willkommensgru\u00df, ein Abschiedsgru\u00df oder auch ein Namensschild<br \/>\nMach den Eingang zu deinem Zuhause zu etwas besonderem, wo man sich willkommen f\u00fchlt.<\/p>\n<p>Eine Fu\u00dfmatte kann zu den verschiedensten Anl\u00e4ssen auch das perfekte Geschenk sein &#8211; zur Einweihung des neuen Zuhauses, zur Hochzeit oder wenn ein neues Familienmitglied einzieht.<\/p>\n<p>Auch f\u00fcr Unternehmen sind Fu\u00dfmatten etwas tolles, sie k\u00f6nnen damit alle hereinkommenden Begr\u00fc\u00dfen aber auch beispielswei\u00dfe als Hinwei\u00dfschilder dienen.<br \/>\nAuf Fu\u00dfmatten k\u00f6nnen Texte, Motive, Fotos und auch Logos gedruckt werden &#8211; so gibt es eine gro\u00dfe Vielfalt an M\u00f6glichkeiten.<\/p>\n<p>Gr\u00f6sse 40x60cm <\/p>\n<p>R\u00fcckseite rutschfest &#8211; mit Gummirand<\/p>\n<p>Zertifizierung: Entspricht REACH Verordnung (EG) Nr. 1907\/2006<\/p>\n<p>Bitte uns die Angaben nach dem Kauf per Mail mitteilen.<br \/>\n1. Mama 2. M\u00e4dchen 3. Papa 4. Hund 5. Katze (Hund und Katze nur, wenn gew\u00fcnscht.<br \/>\nSollen 2 M\u00e4dchen oder Jungen oder 1 M\u00e4dchen und 1 Junge gedruckt werden, dann bitte das angeben.<\/p>\n<p>Am Ende der Bestellung kommt ein Anmerkungsfenster, die Angaben k\u00f6nnen auch gerne dort nochmal genau angegeben werden.<\/p>\n<p>Es wird das gedruckt was du eingetragen hast und nachtr\u00e4gliche \u00c4nderungen sind NICHT m\u00f6glich und personalisierte Artikel sind vom Widerrufs- und R\u00fcckgaberecht ausgeschlossen.<\/p>\n<p>Selbstabholung in Dornbirn m\u00f6glich.<br \/>\nVersand NUR nach Deutschland und \u00d6sterreich.<\/p>\n","protected":false},"excerpt":{"rendered":"<p>Eine Fu\u00dfmatte ist schon lange nicht mehr &#8222;nur&#8220; ein gebrauchsgegenstand. Eine Fu\u00dfmatte ist ein Willkommensgru\u00df, ein Abschiedsgru\u00df oder auch ein Namensschild Mach den Eingang zu deinem Zuhause zu etwas besonderem, wo man sich willkommen f\u00fchlt. Eine Fu\u00dfmatte kann zu den verschiedensten Anl\u00e4ssen auch das perfekte Geschenk sein &#8211; zur Einweihung des neuen Zuhauses, zur Hochzeit &hellip; <a href=\"https:\/\/www.regionalis.shop\/geschenke-macher\/shop\/fussmatte-wilkommen-bei-personalisiert-40x60cm\/\">Continued<\/a><\/p>\n","protected":false},"featured_media":1160,"template":"","meta":{"_acf_changed":false},"product_brand":[],"product_cat":[174,103],"product_tag":[],"class_list":{"0":"post-1159","1":"product","2":"type-product","3":"status-publish","4":"has-post-thumbnail","6":"product_cat-wohndekoration","7":"product_cat-wohnen-deko","9":"first","10":"instock","11":"purchasable","12":"product-type-simple"},"acf":[],"_links":{"self":[{"href":"https:\/\/www.regionalis.shop\/geschenke-macher\/wp-json\/wp\/v2\/product\/1159","targetHints":{"allow":["GET"]}}],"collection":[{"href":"https:\/\/www.regionalis.shop\/geschenke-macher\/wp-json\/wp\/v2\/product"}],"about":[{"href":"https:\/\/www.regionalis.shop\/geschenke-macher\/wp-json\/wp\/v2\/types\/product"}],"wp:featuredmedia":[{"embeddable":true,"href":"https:\/\/www.regionalis.shop\/geschenke-macher\/wp-json\/wp\/v2\/media\/1160"}],"wp:attachment":[{"href":"https:\/\/www.regionalis.shop\/geschenke-macher\/wp-json\/wp\/v2\/media?parent=1159"}],"wp:term":[{"taxonomy":"product_brand","embeddable":true,"href":"https:\/\/www.regionalis.shop\/geschenke-macher\/wp-json\/wp\/v2\/product_brand?post=1159"},{"taxonomy":"product_cat","embeddable":true,"href":"https:\/\/www.regionalis.shop\/geschenke-macher\/wp-json\/wp\/v2\/product_cat?post=1159"},{"taxonomy":"product_tag","embeddable":true,"href":"https:\/\/www.regionalis.shop\/geschenke-macher\/wp-json\/wp\/v2\/product_tag?post=1159"}],"curies":[{"name":"wp","href":"https:\/\/api.w.org\/{rel}","templated":true}]}}