{"id":1161,"date":"2025-04-18T03:37:26","date_gmt":"2025-04-18T01:37:26","guid":{"rendered":"https:\/\/www.regionalis.shop\/geschenke-macher\/product\/personalisierter-flachmann-edelstahl-6oz-mit-lasergravur\/"},"modified":"2025-04-18T03:37:26","modified_gmt":"2025-04-18T01:37:26","slug":"personalisierter-flachmann-edelstahl-6oz-mit-lasergravur","status":"publish","type":"product","link":"https:\/\/www.regionalis.shop\/geschenke-macher\/shop\/personalisierter-flachmann-edelstahl-6oz-mit-lasergravur\/","title":{"rendered":"personalisierter Flachmann Edelstahl 6oz mit Lasergravur"},"content":{"rendered":"<p>Flachmann Chrome Brushed aus Edelstahl 6oz mit Lasergravur<br \/>\nmit Alter und Wunschname personalisiert<\/p>\n<p>Ein sch\u00f6nes Geschenk oder Mitbringsel oder f\u00fcr sich selber<br \/>\nF\u00fcr Freunde, Bekannte, Verwandte zum Geburtstag, als Andenken, &#8230;<\/p>\n<p>Aufgrund des Materials des Flachmannes kann es bei der Gravur zu Farbabweichungen kommen.<\/p>\n<p>Bitte geben Sie uns das Alter und den Wunschname f\u00fcr die Gravur gleich nach dem Kauf per Mail bekannt und achten Sie bitte auf die richtige Schreibweise, denn nachtr\u00e4gliche \u00c4nderungen sind NICHT m\u00f6glich.<\/p>\n<p>Liebevoll gestaltet und graviert von www.geschenke-macher.de in \u00d6sterreich<\/p>\n","protected":false},"excerpt":{"rendered":"<p>Flachmann Chrome Brushed aus Edelstahl 6oz mit Lasergravur mit Alter und Wunschname personalisiert Ein sch\u00f6nes Geschenk oder Mitbringsel oder f\u00fcr sich selber F\u00fcr Freunde, Bekannte, Verwandte zum Geburtstag, als Andenken, &#8230; Aufgrund des Materials des Flachmannes kann es bei der Gravur zu Farbabweichungen kommen. Bitte geben Sie uns das Alter und den Wunschname f\u00fcr die &hellip; <a href=\"https:\/\/www.regionalis.shop\/geschenke-macher\/shop\/personalisierter-flachmann-edelstahl-6oz-mit-lasergravur\/\">Continued<\/a><\/p>\n","protected":false},"featured_media":1162,"template":"","meta":{"_acf_changed":false},"product_brand":[],"product_cat":[127,103],"product_tag":[],"class_list":{"0":"post-1161","1":"product","2":"type-product","3":"status-publish","4":"has-post-thumbnail","6":"product_cat-essen-trinken","7":"product_cat-wohnen-deko","9":"first","10":"instock","11":"purchasable","12":"product-type-simple"},"acf":[],"_links":{"self":[{"href":"https:\/\/www.regionalis.shop\/geschenke-macher\/wp-json\/wp\/v2\/product\/1161","targetHints":{"allow":["GET"]}}],"collection":[{"href":"https:\/\/www.regionalis.shop\/geschenke-macher\/wp-json\/wp\/v2\/product"}],"about":[{"href":"https:\/\/www.regionalis.shop\/geschenke-macher\/wp-json\/wp\/v2\/types\/product"}],"wp:featuredmedia":[{"embeddable":true,"href":"https:\/\/www.regionalis.shop\/geschenke-macher\/wp-json\/wp\/v2\/media\/1162"}],"wp:attachment":[{"href":"https:\/\/www.regionalis.shop\/geschenke-macher\/wp-json\/wp\/v2\/media?parent=1161"}],"wp:term":[{"taxonomy":"product_brand","embeddable":true,"href":"https:\/\/www.regionalis.shop\/geschenke-macher\/wp-json\/wp\/v2\/product_brand?post=1161"},{"taxonomy":"product_cat","embeddable":true,"href":"https:\/\/www.regionalis.shop\/geschenke-macher\/wp-json\/wp\/v2\/product_cat?post=1161"},{"taxonomy":"product_tag","embeddable":true,"href":"https:\/\/www.regionalis.shop\/geschenke-macher\/wp-json\/wp\/v2\/product_tag?post=1161"}],"curies":[{"name":"wp","href":"https:\/\/api.w.org\/{rel}","templated":true}]}}