{"id":1163,"date":"2025-04-18T03:37:26","date_gmt":"2025-04-18T01:37:26","guid":{"rendered":"https:\/\/www.regionalis.shop\/geschenke-macher\/product\/handmade-impfpasshuelle-aus-filz-bestickt-fuer-reisende\/"},"modified":"2025-04-18T03:37:26","modified_gmt":"2025-04-18T01:37:26","slug":"handmade-impfpasshuelle-aus-filz-bestickt-fuer-reisende","status":"publish","type":"product","link":"https:\/\/www.regionalis.shop\/geschenke-macher\/shop\/handmade-impfpasshuelle-aus-filz-bestickt-fuer-reisende\/","title":{"rendered":"handmade Impfpassh\u00fclle aus Filz bestickt f\u00fcr Reisende"},"content":{"rendered":"<p>selbstgen\u00e4hte und bestickte Impfpassh\u00fcllle<\/p>\n<p>Gr\u00f6sse ca. 14,5x11cm<\/p>\n<p>Mit dieser H\u00fclle ist der Impfpass immer gut gesch\u00fctzt. Ein sch\u00f6nes Geschenk f\u00fcr gross und klein.<br \/>\nJede H\u00fclle wird extra gestickt und gen\u00e4ht und somit ist jede H\u00fclle ein Einzelst\u00fcck<\/p>\n<p>Liebevoll hergestellt von www.geschenke-macher.at in \u00d6sterreich<\/p>\n","protected":false},"excerpt":{"rendered":"<p>selbstgen\u00e4hte und bestickte Impfpassh\u00fcllle Gr\u00f6sse ca. 14,5x11cm Mit dieser H\u00fclle ist der Impfpass immer gut gesch\u00fctzt. Ein sch\u00f6nes Geschenk f\u00fcr gross und klein. Jede H\u00fclle wird extra gestickt und gen\u00e4ht und somit ist jede H\u00fclle ein Einzelst\u00fcck Liebevoll hergestellt von www.geschenke-macher.at in \u00d6sterreich<\/p>\n","protected":false},"featured_media":1164,"template":"","meta":{"_acf_changed":false},"product_brand":[],"product_cat":[37,65],"product_tag":[],"class_list":{"0":"post-1163","1":"product","2":"type-product","3":"status-publish","4":"has-post-thumbnail","6":"product_cat-accessoires","7":"product_cat-reisepasshuellen","9":"first","10":"instock","11":"purchasable","12":"product-type-simple"},"acf":[],"_links":{"self":[{"href":"https:\/\/www.regionalis.shop\/geschenke-macher\/wp-json\/wp\/v2\/product\/1163","targetHints":{"allow":["GET"]}}],"collection":[{"href":"https:\/\/www.regionalis.shop\/geschenke-macher\/wp-json\/wp\/v2\/product"}],"about":[{"href":"https:\/\/www.regionalis.shop\/geschenke-macher\/wp-json\/wp\/v2\/types\/product"}],"wp:featuredmedia":[{"embeddable":true,"href":"https:\/\/www.regionalis.shop\/geschenke-macher\/wp-json\/wp\/v2\/media\/1164"}],"wp:attachment":[{"href":"https:\/\/www.regionalis.shop\/geschenke-macher\/wp-json\/wp\/v2\/media?parent=1163"}],"wp:term":[{"taxonomy":"product_brand","embeddable":true,"href":"https:\/\/www.regionalis.shop\/geschenke-macher\/wp-json\/wp\/v2\/product_brand?post=1163"},{"taxonomy":"product_cat","embeddable":true,"href":"https:\/\/www.regionalis.shop\/geschenke-macher\/wp-json\/wp\/v2\/product_cat?post=1163"},{"taxonomy":"product_tag","embeddable":true,"href":"https:\/\/www.regionalis.shop\/geschenke-macher\/wp-json\/wp\/v2\/product_tag?post=1163"}],"curies":[{"name":"wp","href":"https:\/\/api.w.org\/{rel}","templated":true}]}}