{"id":1167,"date":"2025-04-18T03:37:26","date_gmt":"2025-04-18T01:37:26","guid":{"rendered":"https:\/\/www.regionalis.shop\/geschenke-macher\/product\/petri-heil-und-wunschname-flachmann-6oz-mit-lasergravur\/"},"modified":"2025-04-18T03:37:26","modified_gmt":"2025-04-18T01:37:26","slug":"petri-heil-und-wunschname-flachmann-6oz-mit-lasergravur","status":"publish","type":"product","link":"https:\/\/www.regionalis.shop\/geschenke-macher\/shop\/petri-heil-und-wunschname-flachmann-6oz-mit-lasergravur\/","title":{"rendered":"Petri Heil und Wunschname Flachmann 6oz mit Lasergravur"},"content":{"rendered":"<p>Flachmann Chrome Brushed aus Edelstahl 6oz mit Lasergravur<br \/>\nPetri Heil und Fisch an der Angel und Wunschname<\/p>\n<p>Ein sch\u00f6nes Geschenk oder Mitbringsel oder f\u00fcr sich selber<br \/>\nF\u00fcr Freunde, Bekannte, Verwandte zum Geburtstag, als Andenken, &#8230;<br \/>\nAnglerlatein, Fischer, Angler, Anglerparadies, Fisch, Anglerherz, Fischerherz, Angelrute<\/p>\n<p>Aufgrund des Materials des Flachmannes kann es bei der Gravur zu Farbabweichungen kommen.<\/p>\n<p>Bitte geben Sie uns den Wunschname f\u00fcr die Gravur gleich nach dem Kauf per Mail bekanntn und achten Sie bitte auf die richtige Schreibweise, denn nachtr\u00e4gliche \u00c4nderungen sind NICHT m\u00f6glich.<\/p>\n<p>Liebevoll gestaltet und graviert von www.geschenke-macher.de in \u00d6sterreich<\/p>\n","protected":false},"excerpt":{"rendered":"<p>Flachmann Chrome Brushed aus Edelstahl 6oz mit Lasergravur Petri Heil und Fisch an der Angel und Wunschname Ein sch\u00f6nes Geschenk oder Mitbringsel oder f\u00fcr sich selber F\u00fcr Freunde, Bekannte, Verwandte zum Geburtstag, als Andenken, &#8230; Anglerlatein, Fischer, Angler, Anglerparadies, Fisch, Anglerherz, Fischerherz, Angelrute Aufgrund des Materials des Flachmannes kann es bei der Gravur zu Farbabweichungen &hellip; <a href=\"https:\/\/www.regionalis.shop\/geschenke-macher\/shop\/petri-heil-und-wunschname-flachmann-6oz-mit-lasergravur\/\">Continued<\/a><\/p>\n","protected":false},"featured_media":1168,"template":"","meta":{"_acf_changed":false},"product_brand":[],"product_cat":[127,103],"product_tag":[],"class_list":{"0":"post-1167","1":"product","2":"type-product","3":"status-publish","4":"has-post-thumbnail","6":"product_cat-essen-trinken","7":"product_cat-wohnen-deko","9":"first","10":"instock","11":"purchasable","12":"product-type-simple"},"acf":[],"_links":{"self":[{"href":"https:\/\/www.regionalis.shop\/geschenke-macher\/wp-json\/wp\/v2\/product\/1167","targetHints":{"allow":["GET"]}}],"collection":[{"href":"https:\/\/www.regionalis.shop\/geschenke-macher\/wp-json\/wp\/v2\/product"}],"about":[{"href":"https:\/\/www.regionalis.shop\/geschenke-macher\/wp-json\/wp\/v2\/types\/product"}],"wp:featuredmedia":[{"embeddable":true,"href":"https:\/\/www.regionalis.shop\/geschenke-macher\/wp-json\/wp\/v2\/media\/1168"}],"wp:attachment":[{"href":"https:\/\/www.regionalis.shop\/geschenke-macher\/wp-json\/wp\/v2\/media?parent=1167"}],"wp:term":[{"taxonomy":"product_brand","embeddable":true,"href":"https:\/\/www.regionalis.shop\/geschenke-macher\/wp-json\/wp\/v2\/product_brand?post=1167"},{"taxonomy":"product_cat","embeddable":true,"href":"https:\/\/www.regionalis.shop\/geschenke-macher\/wp-json\/wp\/v2\/product_cat?post=1167"},{"taxonomy":"product_tag","embeddable":true,"href":"https:\/\/www.regionalis.shop\/geschenke-macher\/wp-json\/wp\/v2\/product_tag?post=1167"}],"curies":[{"name":"wp","href":"https:\/\/api.w.org\/{rel}","templated":true}]}}