{"id":1042,"date":"2025-10-23T16:14:07","date_gmt":"2025-10-23T14:14:07","guid":{"rendered":"https:\/\/www.regionalis.shop\/geschmacks-zauber\/?page_id=1042"},"modified":"2025-10-23T16:16:34","modified_gmt":"2025-10-23T14:16:34","slug":"impressum","status":"publish","type":"page","link":"https:\/\/www.regionalis.shop\/geschmacks-zauber\/impressum\/","title":{"rendered":"Impressum"},"content":{"rendered":"<section>\n            <p>Sch\u00f6n, dass DU da bist!<\/p>\n<p>Ich bin Karin und komme aus dem wundersch\u00f6nen Innviertel &#8211; ganz in der N\u00e4he von Sch\u00e4rding am Inn.<br \/>\nUm genauer zu sein, wohne ich mit meinem Lebensgef\u00e4hrten in St. Marienkirchen b. Sch\u00e4rding. Woher auch meine selbst hergestellten und farbenfrohen Produkte stammen. Unser Garten\/Obstgarten und unsere Obstwiese bieten eine bunte Vielfalt an Obst- und Beerensorten sowie Kr\u00e4utern, Bl\u00fcten, Gem\u00fcse etc., welche mit viel Sorgfalt zu Lik\u00f6r\/Fruchtlik\u00f6r, Frucht-Essigzubereitungen\/Salatw\u00fcrze und Salz\/Gew\u00fcrzsalz weiterverarbeitet werden.<br \/>\nDie Zirbenzapfen f\u00fcr den Zirbenlik\u00f6r stammen vorwiegend aus der Steiermark.<br \/>\nAuf Farb- und Konservierungsstoffe wird zur G\u00e4nze verzichtet &#8211; es soll der volle Geschmack der Frucht im Mittelpunkt stehen.<\/p>\n\n    <\/section>","protected":false},"excerpt":{"rendered":"","protected":false},"author":1,"featured_media":0,"parent":0,"menu_order":0,"comment_status":"closed","ping_status":"closed","template":"","meta":{"_acf_changed":false,"footnotes":""},"class_list":["post-1042","page","type-page","status-publish","hentry"],"acf":[],"_links":{"self":[{"href":"https:\/\/www.regionalis.shop\/geschmacks-zauber\/wp-json\/wp\/v2\/pages\/1042","targetHints":{"allow":["GET"]}}],"collection":[{"href":"https:\/\/www.regionalis.shop\/geschmacks-zauber\/wp-json\/wp\/v2\/pages"}],"about":[{"href":"https:\/\/www.regionalis.shop\/geschmacks-zauber\/wp-json\/wp\/v2\/types\/page"}],"author":[{"embeddable":true,"href":"https:\/\/www.regionalis.shop\/geschmacks-zauber\/wp-json\/wp\/v2\/users\/1"}],"replies":[{"embeddable":true,"href":"https:\/\/www.regionalis.shop\/geschmacks-zauber\/wp-json\/wp\/v2\/comments?post=1042"}],"version-history":[{"count":2,"href":"https:\/\/www.regionalis.shop\/geschmacks-zauber\/wp-json\/wp\/v2\/pages\/1042\/revisions"}],"predecessor-version":[{"id":1044,"href":"https:\/\/www.regionalis.shop\/geschmacks-zauber\/wp-json\/wp\/v2\/pages\/1042\/revisions\/1044"}],"wp:attachment":[{"href":"https:\/\/www.regionalis.shop\/geschmacks-zauber\/wp-json\/wp\/v2\/media?parent=1042"}],"curies":[{"name":"wp","href":"https:\/\/api.w.org\/{rel}","templated":true}]}}