{"id":862,"date":"2025-05-24T13:44:06","date_gmt":"2025-05-24T11:44:06","guid":{"rendered":"https:\/\/starter.stage.shop-it.at\/?page_id=862"},"modified":"2025-10-23T15:21:37","modified_gmt":"2025-10-23T13:21:37","slug":"startseite","status":"publish","type":"page","link":"https:\/\/www.regionalis.shop\/geschmacks-zauber\/","title":{"rendered":"Startseite"},"content":{"rendered":"<section>\n        <div class=\"header-image\">\n            <img decoding=\"async\" src=\"https:\/\/www.regionalis.shop\/app\/uploads\/sites\/215\/5439_2023_11_02_16_41_56_939674272.jpg\" alt=\"\">\n        <\/div>\n    \n    <\/section>\n    <section>\n    <div class=\"header-title\">\n        <h1 class=\"h2\">Willkommen bei Geschmacks Zauber<\/h1>\n    <\/div>\n            <h2 class=\"h3\">Handgemacht in St. Marienkirchen<\/h2>\n                <p>Sch\u00f6n, dass DU da bist!<\/p>\n<p>Ich bin Karin und komme aus dem wundersch\u00f6nen Innviertel &#8211; ganz in der N\u00e4he von Sch\u00e4rding am Inn.<br \/>\nUm genauer zu sein, wohne ich mit meinem Lebensgef\u00e4hrten in St. Marienkirchen b. Sch\u00e4rding. Woher auch meine selbst hergestellten und farbenfrohen Produkte stammen. Unser Garten\/Obstgarten und unsere Obstwiese bieten eine bunte Vielfalt an Obst- und Beerensorten sowie Kr\u00e4utern, Bl\u00fcten, Gem\u00fcse etc., welche mit viel Sorgfalt zu Lik\u00f6r\/Fruchtlik\u00f6r, Frucht-Essigzubereitungen\/Salatw\u00fcrze und Salz\/Gew\u00fcrzsalz weiterverarbeitet werden.<br \/>\nDie Zirbenzapfen f\u00fcr den Zirbenlik\u00f6r stammen vorwiegend aus der Steiermark.<br \/>\nAuf Farb- und Konservierungsstoffe wird zur G\u00e4nze verzichtet &#8211; es soll der volle Geschmack der Frucht im Mittelpunkt stehen.<\/p>\n\n    \n    <h3>Produkte<\/h3>\n\n    <div class=\"woocommerce columns-3 \"><\/div>\n    <p>\n        <a href=\"https:\/\/www.regionalis.shop\/geschmacks-zauber\/shop\/\" class=\"btn btn-primary btn-icon-right\">\n            Alle Produkte <i class=\"bi bi-arrow-right-short\"><\/i>\n        <\/a>\n    <\/p>\n<\/section>\n\n<div data-block-name=\"woocommerce\/store-notices\" class=\"wc-block-store-notices woocommerce alignwide alignwide wp-block-woocommerce-store-notices\"><div class=\"woocommerce-notices-wrapper\"><\/div><\/div>","protected":false},"excerpt":{"rendered":"","protected":false},"author":1,"featured_media":0,"parent":0,"menu_order":0,"comment_status":"closed","ping_status":"closed","template":"template-home.blade.php","meta":{"_acf_changed":false,"footnotes":""},"class_list":["post-862","page","type-page","status-publish","hentry"],"acf":[],"_links":{"self":[{"href":"https:\/\/www.regionalis.shop\/geschmacks-zauber\/wp-json\/wp\/v2\/pages\/862","targetHints":{"allow":["GET"]}}],"collection":[{"href":"https:\/\/www.regionalis.shop\/geschmacks-zauber\/wp-json\/wp\/v2\/pages"}],"about":[{"href":"https:\/\/www.regionalis.shop\/geschmacks-zauber\/wp-json\/wp\/v2\/types\/page"}],"author":[{"embeddable":true,"href":"https:\/\/www.regionalis.shop\/geschmacks-zauber\/wp-json\/wp\/v2\/users\/1"}],"replies":[{"embeddable":true,"href":"https:\/\/www.regionalis.shop\/geschmacks-zauber\/wp-json\/wp\/v2\/comments?post=862"}],"version-history":[{"count":28,"href":"https:\/\/www.regionalis.shop\/geschmacks-zauber\/wp-json\/wp\/v2\/pages\/862\/revisions"}],"predecessor-version":[{"id":1041,"href":"https:\/\/www.regionalis.shop\/geschmacks-zauber\/wp-json\/wp\/v2\/pages\/862\/revisions\/1041"}],"wp:attachment":[{"href":"https:\/\/www.regionalis.shop\/geschmacks-zauber\/wp-json\/wp\/v2\/media?parent=862"}],"curies":[{"name":"wp","href":"https:\/\/api.w.org\/{rel}","templated":true}]}}