{"id":862,"date":"2025-05-24T13:44:06","date_gmt":"2025-05-24T11:44:06","guid":{"rendered":"https:\/\/starter.stage.shop-it.at\/?page_id=862"},"modified":"2025-10-23T15:21:37","modified_gmt":"2025-10-23T13:21:37","slug":"startseite","status":"publish","type":"page","link":"https:\/\/www.regionalis.shop\/glass-maker-space\/","title":{"rendered":"Startseite"},"content":{"rendered":"<section>\n        <div class=\"header-image\">\n            <img decoding=\"async\" src=\"https:\/\/www.regionalis.shop\/app\/uploads\/sites\/222\/2464_2021_12_07_14_14_08_586943609.jpg\" alt=\"\">\n        <\/div>\n    \n    <\/section>\n    <section>\n    <div class=\"header-title\">\n        <h1 class=\"h2\">Willkommen bei Glass Maker Space<\/h1>\n    <\/div>\n            <h2 class=\"h3\">Handgemacht in Sankt Konrad<\/h2>\n                <p>Anfang 2021 haben wir in St. Konrad ein Forum f\u00fcr Hei\u00dfglas, den \u201cGlass Maker Space\u201c, gegr\u00fcndet. Wir m\u00f6chten damit das Glasmacherhandwerk f\u00fcr alle Interessierten zug\u00e4nglich machen und neu beleben. Glas entdecken, sp\u00fcren und begreifen lautet die Devise!\u00a0<\/p>\n<p>In unserer Manufaktur entstehen hochwertige, individuelle und von Hand gefertigte Glaswaren und Schmuckst\u00fccke bei deren Herstellung uns auch \u00fcber die Schulter geschaut werden darf. <\/p>\n<p>Die Initiatorin Verena Schatz ist geb\u00fcrtige Tirolerin, Mutter einer Tochter, lebt und arbeitet in St. Konrad im Almtal\/O\u00d6.<\/p>\n<p>Sie ist K\u00fcnstlerin und Glasmacherin und besch\u00e4ftigt sich seit mehr als 20 Jahren auf unterschiedlichsten Ebenen mit dem Medium Glas. Mit ihren Arbeiten bewegt sie sich an der Schnittstelle zwischen Kunst, Handwerk und Design &#8211; von der interaktiven Installation, \u00fcber Skulptur bis hin zum funktionalem Design.<\/p>\n\n    \n    <h3>Produkte<\/h3>\n\n    <div class=\"woocommerce columns-3 \"><ul class=\"products columns-3\">\n<li class=\"product type-product post-1060 status-publish first instock product_cat-halsketten product_cat-schmuck has-post-thumbnail purchasable product-type-simple\">\n\t<a href=\"https:\/\/www.regionalis.shop\/glass-maker-space\/shop\/cloud\/\" class=\"woocommerce-LoopProduct-link woocommerce-loop-product__link\"><div class=\"wc-block-grid__product-image\"><img loading=\"lazy\" decoding=\"async\" width=\"420\" height=\"420\" src=\"https:\/\/www.regionalis.shop\/app\/uploads\/sites\/222\/2464_2020_12_15_16_04_53_938291563.jpg\" class=\"attachment-large size-large\" alt=\"CLOUD\" srcset=\"https:\/\/www.regionalis.shop\/app\/uploads\/sites\/222\/2464_2020_12_15_16_04_53_938291563.jpg 420w, https:\/\/www.regionalis.shop\/app\/uploads\/sites\/222\/2464_2020_12_15_16_04_53_938291563-300x300.jpg 300w, https:\/\/www.regionalis.shop\/app\/uploads\/sites\/222\/2464_2020_12_15_16_04_53_938291563-150x150.jpg 150w, https:\/\/www.regionalis.shop\/app\/uploads\/sites\/222\/2464_2020_12_15_16_04_53_938291563-100x100.jpg 100w\" sizes=\"auto, (max-width: 420px) 100vw, 420px\" \/><\/div><h2 class=\"woocommerce-loop-product__title\">CLOUD<\/h2>\n\t<span class=\"price\"><span class=\"woocommerce-Price-amount amount\"><bdi>42,00&nbsp;<span class=\"woocommerce-Price-currencySymbol\">&euro;<\/span><\/bdi><\/span><\/span>\n<\/a><\/li>\n<li class=\"product type-product post-1057 status-publish instock product_cat-essen-trinken product_cat-wohnen-deko has-post-thumbnail purchasable product-type-simple\">\n\t<a href=\"https:\/\/www.regionalis.shop\/glass-maker-space\/shop\/poppies-small\/\" class=\"woocommerce-LoopProduct-link woocommerce-loop-product__link\"><div class=\"wc-block-grid__product-image\"><img loading=\"lazy\" decoding=\"async\" width=\"420\" height=\"420\" src=\"https:\/\/www.regionalis.shop\/app\/uploads\/sites\/222\/2464_2020_12_14_23_19_01_410519252.jpg\" class=\"attachment-large size-large\" alt=\"Poppies small\" srcset=\"https:\/\/www.regionalis.shop\/app\/uploads\/sites\/222\/2464_2020_12_14_23_19_01_410519252.jpg 420w, https:\/\/www.regionalis.shop\/app\/uploads\/sites\/222\/2464_2020_12_14_23_19_01_410519252-300x300.jpg 300w, https:\/\/www.regionalis.shop\/app\/uploads\/sites\/222\/2464_2020_12_14_23_19_01_410519252-150x150.jpg 150w, https:\/\/www.regionalis.shop\/app\/uploads\/sites\/222\/2464_2020_12_14_23_19_01_410519252-100x100.jpg 100w\" sizes=\"auto, (max-width: 420px) 100vw, 420px\" \/><\/div><h2 class=\"woocommerce-loop-product__title\">Poppies small<\/h2>\n\t<span class=\"price\"><span class=\"woocommerce-Price-amount amount\"><bdi>26,40&nbsp;<span class=\"woocommerce-Price-currencySymbol\">&euro;<\/span><\/bdi><\/span><\/span>\n<\/a><\/li>\n<li class=\"product type-product post-1053 status-publish last instock product_cat-essen-trinken product_cat-wohnen-deko has-post-thumbnail purchasable product-type-simple\">\n\t<a href=\"https:\/\/www.regionalis.shop\/glass-maker-space\/shop\/drunken-poppies\/\" class=\"woocommerce-LoopProduct-link woocommerce-loop-product__link\"><div class=\"wc-block-grid__product-image\"><img loading=\"lazy\" decoding=\"async\" width=\"420\" height=\"420\" src=\"https:\/\/www.regionalis.shop\/app\/uploads\/sites\/222\/2464_2020_12_14_22_52_41_864776634.jpg\" class=\"attachment-large size-large\" alt=\"Drunken Poppies\" srcset=\"https:\/\/www.regionalis.shop\/app\/uploads\/sites\/222\/2464_2020_12_14_22_52_41_864776634.jpg 420w, https:\/\/www.regionalis.shop\/app\/uploads\/sites\/222\/2464_2020_12_14_22_52_41_864776634-300x300.jpg 300w, https:\/\/www.regionalis.shop\/app\/uploads\/sites\/222\/2464_2020_12_14_22_52_41_864776634-150x150.jpg 150w, https:\/\/www.regionalis.shop\/app\/uploads\/sites\/222\/2464_2020_12_14_22_52_41_864776634-100x100.jpg 100w\" sizes=\"auto, (max-width: 420px) 100vw, 420px\" \/><\/div><h2 class=\"woocommerce-loop-product__title\">Drunken Poppies<\/h2>\n\t<span class=\"price\"><span class=\"woocommerce-Price-amount amount\"><bdi>26,40&nbsp;<span class=\"woocommerce-Price-currencySymbol\">&euro;<\/span><\/bdi><\/span><\/span>\n<\/a><\/li>\n<\/ul>\n<\/div>\n    <p>\n        <a href=\"https:\/\/www.regionalis.shop\/glass-maker-space\/shop\/\" class=\"btn btn-primary btn-icon-right\">\n            Alle Produkte <i class=\"bi bi-arrow-right-short\"><\/i>\n        <\/a>\n    <\/p>\n<\/section>\n\n<div data-block-name=\"woocommerce\/store-notices\" class=\"wc-block-store-notices woocommerce alignwide alignwide wp-block-woocommerce-store-notices\"><div class=\"woocommerce-notices-wrapper\"><\/div><\/div>","protected":false},"excerpt":{"rendered":"","protected":false},"author":1,"featured_media":0,"parent":0,"menu_order":0,"comment_status":"closed","ping_status":"closed","template":"template-home.blade.php","meta":{"_acf_changed":false,"footnotes":""},"class_list":["post-862","page","type-page","status-publish","hentry"],"acf":[],"_links":{"self":[{"href":"https:\/\/www.regionalis.shop\/glass-maker-space\/wp-json\/wp\/v2\/pages\/862","targetHints":{"allow":["GET"]}}],"collection":[{"href":"https:\/\/www.regionalis.shop\/glass-maker-space\/wp-json\/wp\/v2\/pages"}],"about":[{"href":"https:\/\/www.regionalis.shop\/glass-maker-space\/wp-json\/wp\/v2\/types\/page"}],"author":[{"embeddable":true,"href":"https:\/\/www.regionalis.shop\/glass-maker-space\/wp-json\/wp\/v2\/users\/1"}],"replies":[{"embeddable":true,"href":"https:\/\/www.regionalis.shop\/glass-maker-space\/wp-json\/wp\/v2\/comments?post=862"}],"version-history":[{"count":28,"href":"https:\/\/www.regionalis.shop\/glass-maker-space\/wp-json\/wp\/v2\/pages\/862\/revisions"}],"predecessor-version":[{"id":1041,"href":"https:\/\/www.regionalis.shop\/glass-maker-space\/wp-json\/wp\/v2\/pages\/862\/revisions\/1041"}],"wp:attachment":[{"href":"https:\/\/www.regionalis.shop\/glass-maker-space\/wp-json\/wp\/v2\/media?parent=862"}],"curies":[{"name":"wp","href":"https:\/\/api.w.org\/{rel}","templated":true}]}}