{"id":1071,"date":"2025-04-18T00:36:21","date_gmt":"2025-04-17T22:36:21","guid":{"rendered":"https:\/\/www.regionalis.shop\/glass-maker-space\/product\/box\/"},"modified":"2025-04-18T00:36:21","modified_gmt":"2025-04-17T22:36:21","slug":"box","status":"publish","type":"product","link":"https:\/\/www.regionalis.shop\/glass-maker-space\/shop\/box\/","title":{"rendered":"BOX"},"content":{"rendered":"<p>Es ist nicht alles Gold was gl\u00e4nzt\u2026<br \/>\n..manchmal ist es einfach \u201enur\u201c Glas<\/p>\n<p>Durch Verwendung spezieller Glassorten setzten die Lichtreflexe allein schon ein optisches Highlight!<\/p>\n<p>Geometrische Formen vollenden die Eleganz dieser Schmuckst\u00fccke, die an jedem sicher gl\u00e4nzend zur Geltung kommen!<\/p>\n<p>Durch handwerkliches Geschick in Szene gesetzt gehen diese Schmuckst\u00fccke in die Tiefe und sind ein echter optischer Hingucker!<\/p>\n<p>Anh\u00e4nger: ca. 50mm x 20mm<br \/>\nKettenl\u00e4nge: 60cm (Kettenl\u00e4nge\/Farbe individualisierbar)<\/p>\n<p>Verwendete Metalle: Legierung, Eisen.<\/p>\n<p>Die Kette kommt in einer Schmuckschachtel aus Recyclingkarton.<\/p>\n","protected":false},"excerpt":{"rendered":"<p>Es ist nicht alles Gold was gl\u00e4nzt\u2026 ..manchmal ist es einfach \u201enur\u201c Glas Durch Verwendung spezieller Glassorten setzten die Lichtreflexe allein schon ein optisches Highlight! Geometrische Formen vollenden die Eleganz dieser Schmuckst\u00fccke, die an jedem sicher gl\u00e4nzend zur Geltung kommen! Durch handwerkliches Geschick in Szene gesetzt gehen diese Schmuckst\u00fccke in die Tiefe und sind ein &hellip; <a href=\"https:\/\/www.regionalis.shop\/glass-maker-space\/shop\/box\/\">Continued<\/a><\/p>\n","protected":false},"featured_media":1072,"template":"","meta":{"_acf_changed":false},"product_brand":[],"product_cat":[141,70],"product_tag":[],"class_list":{"0":"post-1071","1":"product","2":"type-product","3":"status-publish","4":"has-post-thumbnail","6":"product_cat-halsketten","7":"product_cat-schmuck","9":"first","10":"instock","11":"purchasable","12":"product-type-simple"},"acf":[],"_links":{"self":[{"href":"https:\/\/www.regionalis.shop\/glass-maker-space\/wp-json\/wp\/v2\/product\/1071","targetHints":{"allow":["GET"]}}],"collection":[{"href":"https:\/\/www.regionalis.shop\/glass-maker-space\/wp-json\/wp\/v2\/product"}],"about":[{"href":"https:\/\/www.regionalis.shop\/glass-maker-space\/wp-json\/wp\/v2\/types\/product"}],"wp:featuredmedia":[{"embeddable":true,"href":"https:\/\/www.regionalis.shop\/glass-maker-space\/wp-json\/wp\/v2\/media\/1072"}],"wp:attachment":[{"href":"https:\/\/www.regionalis.shop\/glass-maker-space\/wp-json\/wp\/v2\/media?parent=1071"}],"wp:term":[{"taxonomy":"product_brand","embeddable":true,"href":"https:\/\/www.regionalis.shop\/glass-maker-space\/wp-json\/wp\/v2\/product_brand?post=1071"},{"taxonomy":"product_cat","embeddable":true,"href":"https:\/\/www.regionalis.shop\/glass-maker-space\/wp-json\/wp\/v2\/product_cat?post=1071"},{"taxonomy":"product_tag","embeddable":true,"href":"https:\/\/www.regionalis.shop\/glass-maker-space\/wp-json\/wp\/v2\/product_tag?post=1071"}],"curies":[{"name":"wp","href":"https:\/\/api.w.org\/{rel}","templated":true}]}}